{"id":4185,"date":"2025-09-16T15:12:10","date_gmt":"2025-09-16T15:12:10","guid":{"rendered":"https:\/\/tivi-samsung.com\/?post_type=product&#038;p=4185"},"modified":"2025-10-15T00:39:13","modified_gmt":"2025-10-14T17:39:13","slug":"smart-tivi-neo-qled-samsung-ai-4k-65-inch-qa65qn90b","status":"publish","type":"product","link":"https:\/\/tivi-samsung.com\/?product=smart-tivi-neo-qled-samsung-ai-4k-65-inch-qa65qn90b","title":{"rendered":"Smart Tivi Neo QLED Samsung AI 4K 65 inch QA65QN90B"},"content":{"rendered":"<p><strong>Th\u00f4ng tin s\u1ea3n ph\u1ea9m<\/strong><\/p>\n<p><a href=\"https:\/\/tokoo.vn\/danh-muc\/samsung-tvs\/\" target=\"_blank\" rel=\"noopener\"><strong>Smart Tivi Neo QLED Samsung QA65QN90B<\/strong> <\/a>s\u1edf h\u1eefu m\u00e0n h\u00ecnh 65 inch v\u1edbi \u0111\u1ed9 ph\u00e2n gi\u1ea3i 4K s\u1eafc n\u00e9t. B\u1ed9 x\u1eed l\u00fd h\u00ecnh \u1ea3nh Neo Quantum 4K cho ch\u1ea5t l\u01b0\u1ee3ng h\u00ecnh \u1ea3nh ho\u00e0n h\u1ea3o v\u1edbi s\u1eafc \u0111en s\u00e2u th\u1eb3m v\u00e0 s\u1eafc tr\u1eafng tinh khi\u1ebft, mang \u0111\u1ebfn b\u1ea1n khung h\u00ecnh s\u00e1ng r\u00f5 v\u00e0 s\u1eafc n\u00e9t \u0111\u1ebfn t\u1eebng chi ti\u1ebft.<\/p>\n<p>&nbsp;<\/p>\n<p><strong>T\u1ed5ng quan thi\u1ebft k\u1ebf<\/strong><\/p>\n<p>&#8211; Tivi c\u00f3 thi\u1ebft k\u1ebf m\u00e0n h\u00ecnh vi\u1ec1n m\u1ecfng 4 c\u1ea1nh v\u1edbi ch\u1ea5t li\u1ec7u nh\u1ef1a cho ng\u01b0\u1eddi d\u00f9ng tr\u1ea3i nghi\u1ec7m khung h\u00ecnh gi\u1ea3i tr\u00ed tr\u00ean tivi ch\u00e2n th\u1ef1c nh\u01b0 th\u1ef1c t\u1ebf \u0111ang x\u1ea3y ra tr\u01b0\u1edbc m\u1eaft.<\/p>\n<p>&#8211; Ch\u00e2n \u0111\u1ebf n\u00e2ng \u0111\u1ee1 tivi b\u1eb1ng kim lo\u1ea1i ch\u1eafc ch\u1eafn c\u00e0ng l\u00e0m t\u0103ng th\u00eam t\u00ednh th\u1ea9m m\u1ef9 v\u00e0 sang tr\u1ecdng cho kh\u00f4ng gian.<\/p>\n<p>&#8211; Tivi Neo QLED 65 inch mang l\u1ea1i s\u1ef1 sang tr\u1ecdng, thanh l\u1ecbch cho c\u00e1c kh\u00f4ng gian ph\u00f2ng kh\u00e1ch, ph\u00f2ng h\u1ecdp, ph\u00f2ng h\u1ed9i ngh\u1ecb,&#8230;<\/p>\n<p><img fetchpriority=\"high\" decoding=\"async\" class=\"alignnone wp-image-5417\" src=\"https:\/\/tivi-samsung.com\/wp-content\/uploads\/2025\/09\/tivi-neo-qled-samsung-4k-85-inch-qa85qn90d-1-1020x570-1-300x168.jpg\" alt=\"\" width=\"1729\" height=\"968\" srcset=\"https:\/\/tivi-samsung.com\/wp-content\/uploads\/2025\/09\/tivi-neo-qled-samsung-4k-85-inch-qa85qn90d-1-1020x570-1-300x168.jpg 300w, https:\/\/tivi-samsung.com\/wp-content\/uploads\/2025\/09\/tivi-neo-qled-samsung-4k-85-inch-qa85qn90d-1-1020x570-1-768x429.jpg 768w, https:\/\/tivi-samsung.com\/wp-content\/uploads\/2025\/09\/tivi-neo-qled-samsung-4k-85-inch-qa85qn90d-1-1020x570-1-450x251.jpg 450w, https:\/\/tivi-samsung.com\/wp-content\/uploads\/2025\/09\/tivi-neo-qled-samsung-4k-85-inch-qa85qn90d-1-1020x570-1-600x335.jpg 600w, https:\/\/tivi-samsung.com\/wp-content\/uploads\/2025\/09\/tivi-neo-qled-samsung-4k-85-inch-qa85qn90d-1-1020x570-1-150x84.jpg 150w, https:\/\/tivi-samsung.com\/wp-content\/uploads\/2025\/09\/tivi-neo-qled-samsung-4k-85-inch-qa85qn90d-1-1020x570-1.jpg 1020w\" sizes=\"(max-width: 1729px) 100vw, 1729px\" \/><\/p>\n<p><strong>C\u00f4ng ngh\u1ec7 h\u00ecnh \u1ea3nh<\/strong><\/p>\n<p>&#8211; \u0110\u1ed9 ph\u00e2n gi\u1ea3i 4K s\u1eafc n\u00e9t v\u1edbi 8 tri\u1ec7u \u0111i\u1ec3m \u1ea3nh cho ch\u1ea5t l\u01b0\u1ee3ng h\u00ecnh \u1ea3nh hi\u1ec3n th\u1ecb s\u1eafc n\u00e9t nhi\u1ec1u h\u01a1n g\u1ea5p 4 l\u1ea7n so v\u1edbi tivi Full HD truy\u1ec1n th\u1ed1ng.<\/p>\n<p>&#8211; B\u1ed9 x\u1eed l\u00fd Neo Quantum 4K tinh ch\u1ec9nh t\u1eebng khung h\u00ecnh d\u1ef1a tr\u00ean \u0111i\u1ec1u ki\u1ec7n xem, ch\u1ea5t l\u01b0\u1ee3ng h\u00ecnh \u1ea3nh chu\u1ea9n 4K kh\u00e1c bi\u1ec7t h\u01a1n nh\u1edd n\u00e2ng c\u1ea5p h\u00ecnh \u1ea3nh b\u1eb1ng tr\u00ed tu\u1ec7 nh\u00e2n t\u1ea1o AI gi\u00fap truy\u1ec1n t\u1ea3i ho\u00e0n h\u1ea3o t\u1eebng ph\u00fat gi\u00e2y gi\u1ea3i tr\u00ed.<\/p>\n<p>&#8211; C\u00f4ng ngh\u1ec7 Quantum Matrix \u0111\u1ed9 s\u00e1ng \u0111\u01b0\u1ee3c tinh ch\u1ec9nh t\u1ed1i \u01b0u v\u1edbi h\u1ec7 th\u1ed1ng \u0111\u00e8n n\u1ec1n Mini LED (k\u00edch th\u01b0\u1edbc b\u1eb1ng 1\/40 \u0111\u00e8n LED th\u00f4ng th\u01b0\u1eddng), tivi Samsung truy\u1ec1n t\u1ea3i tr\u1ecdn v\u1eb9n t\u1eebng chi ti\u1ebft r\u00f5 n\u00e9t c\u00f9ng s\u1eafc \u0111en s\u00e2u th\u1eb3m v\u00e0 s\u1eafc tr\u1eafng thu\u1ea7n khi\u1ebft \u0111\u1ebfn ng\u01b0\u1eddi xem.<\/p>\n<p>&#8211; C\u00f4ng ngh\u1ec7 Ultimate UHD Dimming t\u00ednh to\u00e1n t\u1ea5t c\u1ea3 c\u00e1c th\u00f4ng s\u1ed1 v\u1ec1 \u0111\u1ed9 t\u01b0\u01a1ng ph\u1ea3n, m\u00e0u s\u1eafc, \u0111\u1ed9 n\u00e9t c\u1ea7n thi\u1ebft \u0111\u1ec3 cho ra nh\u1eefng h\u00ecnh \u1ea3nh tuy\u1ec7t v\u1eddi nh\u1ea5t.<\/p>\n<p>&#8211; C\u00f4ng ngh\u1ec7 Quantum HDR 32X c\u00e0ng l\u00e0m t\u0103ng \u0111\u1ed9 t\u01b0\u01a1ng ph\u1ea3n v\u00e0 chi ti\u1ebft trong m\u1ecdi \u0111i\u1ec1u ki\u1ec7n s\u00e1ng.<\/p>\n<p>&#8211; C\u00f4ng ngh\u1ec7 Ultra Viewing Angle tr\u1ea3i nghi\u1ec7m g\u00f3c nh\u00ecn si\u00eau r\u1ed9ng v\u1edbi ch\u1ea5t l\u01b0\u1ee3ng h\u00ecnh \u1ea3nh v\u00e0 m\u00e0u s\u1eafc v\u1eb9n nguy\u00ean \u1edf m\u1ecdi g\u00f3c nh\u00ecn.<\/p>\n<p><img decoding=\"async\" class=\"alignnone wp-image-5451\" src=\"https:\/\/tivi-samsung.com\/wp-content\/uploads\/2025\/09\/smart-tivi-neo-qled-samsung-ai-4k-85-inch-qa85qn70f-5-1020x570-1-300x168.jpg\" alt=\"\" width=\"1720\" height=\"963\" srcset=\"https:\/\/tivi-samsung.com\/wp-content\/uploads\/2025\/09\/smart-tivi-neo-qled-samsung-ai-4k-85-inch-qa85qn70f-5-1020x570-1-300x168.jpg 300w, https:\/\/tivi-samsung.com\/wp-content\/uploads\/2025\/09\/smart-tivi-neo-qled-samsung-ai-4k-85-inch-qa85qn70f-5-1020x570-1-768x429.jpg 768w, https:\/\/tivi-samsung.com\/wp-content\/uploads\/2025\/09\/smart-tivi-neo-qled-samsung-ai-4k-85-inch-qa85qn70f-5-1020x570-1-450x251.jpg 450w, https:\/\/tivi-samsung.com\/wp-content\/uploads\/2025\/09\/smart-tivi-neo-qled-samsung-ai-4k-85-inch-qa85qn70f-5-1020x570-1-600x335.jpg 600w, https:\/\/tivi-samsung.com\/wp-content\/uploads\/2025\/09\/smart-tivi-neo-qled-samsung-ai-4k-85-inch-qa85qn70f-5-1020x570-1-150x84.jpg 150w, https:\/\/tivi-samsung.com\/wp-content\/uploads\/2025\/09\/smart-tivi-neo-qled-samsung-ai-4k-85-inch-qa85qn70f-5-1020x570-1.jpg 1020w\" sizes=\"(max-width: 1720px) 100vw, 1720px\" \/><\/p>\n<p><strong>C\u00f4ng ngh\u1ec7 \u00e2m thanh<\/strong><\/p>\n<p>&#8211; T\u1ed5ng c\u00f4ng su\u1ea5t loa 60W v\u1edbi h\u1ec7 th\u1ed1ng loa 4.2.2.<\/p>\n<p>&#8211; C\u00f4ng ngh\u1ec7 \u00e2m thanh chuy\u1ec3n \u0111\u1ed9ng theo h\u00ecnh \u1ea3nh Object Tracking Sound (OTS+) k\u1ebft h\u1ee3p c\u00f4ng ngh\u1ec7 Dolby Atmos mang \u0111\u1ebfn tr\u1ea3i nghi\u1ec7m \u00e2m thanh v\u00f2m 3D s\u1ed1ng \u0111\u1ed9ng, ho\u00e0n h\u1ea3o, chu\u1ea9n \u0111i\u1ec7n \u1ea3nh nh\u1edd kh\u1ea3 n\u0103ng nh\u1eadn bi\u1ebft chuy\u1ec3n \u0111\u1ed9ng c\u1ee7a h\u00ecnh \u1ea3nh.<\/p>\n<p>&#8211; Khu\u1ebfch \u0111\u1ea1i \u00e2m tho\u1ea1i ch\u1ee7 \u0111\u1ed9ng AVA gi\u00fap b\u1ea1n tho\u1ea3i m\u00e1i t\u1eadn h\u01b0\u1edfng tr\u1ecdn v\u1eb9n thanh \u00e2m c\u1ee7a tivi k\u1ec3 c\u1ea3 kh\u00f4ng gian ph\u00f2ng l\u1eabn nhi\u1ec1u t\u1ea1p \u00e2m, ti\u1ebfng \u1ed3n.<\/p>\n<p><strong>H\u1ec7 \u0111i\u1ec1u h\u00e0nh<\/strong><\/p>\n<p>&#8211; H\u1ec7 \u0111i\u1ec1u h\u00e0nh Tizen\u2122 giao di\u1ec7n th\u00e2n thi\u1ec7n, d\u1ec5 s\u1eed d\u1ee5ng. B\u00ean c\u1ea1nh \u0111\u00f3 l\u00e0 kho \u1ee9ng d\u1ee5ng phong ph\u00fa \u0111\u00e1p \u1ee9ng m\u1ecdi nhu c\u1ea7u gi\u1ea3i tr\u00ed cho c\u1ea3 gia \u0111\u00ecnh.<\/p>\n<p>&#8211; C\u00e1c \u1ee9ng d\u1ee5ng ph\u1ed5 bi\u1ebfn \u0111\u01b0\u1ee3c t\u00edch h\u1ee3p s\u1eb5n trong chi\u1ebfc tivi Samsung n\u00e0y: <strong>Netflix, Spotify, YouTube, My TV, Galaxy Play (Fim+), FPT Play, VieOn, tr\u00ecnh duy\u1ec7t web,&#8230;<\/strong><\/p>\n<p><img decoding=\"async\" class=\"alignnone wp-image-5422\" src=\"https:\/\/tivi-samsung.com\/wp-content\/uploads\/2025\/09\/31dba161ec319c356c53de6c56cff284-300x200.jpg\" alt=\"\" width=\"1718\" height=\"1145\" srcset=\"https:\/\/tivi-samsung.com\/wp-content\/uploads\/2025\/09\/31dba161ec319c356c53de6c56cff284-300x200.jpg 300w, https:\/\/tivi-samsung.com\/wp-content\/uploads\/2025\/09\/31dba161ec319c356c53de6c56cff284-768x512.jpg 768w, https:\/\/tivi-samsung.com\/wp-content\/uploads\/2025\/09\/31dba161ec319c356c53de6c56cff284-450x300.jpg 450w, https:\/\/tivi-samsung.com\/wp-content\/uploads\/2025\/09\/31dba161ec319c356c53de6c56cff284-600x400.jpg 600w, https:\/\/tivi-samsung.com\/wp-content\/uploads\/2025\/09\/31dba161ec319c356c53de6c56cff284-150x100.jpg 150w, https:\/\/tivi-samsung.com\/wp-content\/uploads\/2025\/09\/31dba161ec319c356c53de6c56cff284.jpg 1020w\" sizes=\"(max-width: 1718px) 100vw, 1718px\" \/><\/p>\n<p><strong>Ti\u1ec7n \u00edch<\/strong><\/p>\n<p>&#8211; T\u00ecm ki\u1ebfm b\u1eb1ng gi\u1ecdng n\u00f3i ti\u1ebfng Vi\u1ec7t tr\u00ean <strong>YouTube<\/strong>, tr\u1ee3 l\u00fd \u1ea3o <strong>Bixby<\/strong> gi\u00fap \u0111i\u1ec1u khi\u1ec3n tivi d\u1ec5 d\u00e0ng.<\/p>\n<p>&#8211; D\u1ec5 d\u00e0ng chi\u1ebfu m\u00e0n h\u00ecnh t\u1eeb \u0111i\u1ec7n tho\u1ea1i l\u00ean tivi nh\u1edd c\u00e1c k\u1ebft n\u1ed1i th\u00f4ng qua <strong>AirPlay 2 (iPhone), Screen Mirroring (Android), Tap View.<\/strong><\/p>\n<p>&#8211; <strong>Multi View<\/strong> chia tivi l\u00e0m 2 m\u00e0n h\u00ecnh.<\/p>\n<p>&#8211; K\u1ebft n\u1ed1i th\u00f4ng minh SmartThings \u0111i\u1ec1u khi\u1ec3n, k\u1ebft n\u1ed1i c\u00e1c thi\u1ebft b\u1ecb th\u00f4ng minh trong nh\u00e0 ch\u1ec9 v\u1edbi 1 chi\u1ebfc smartphone.<\/p>\n<p><img loading=\"lazy\" decoding=\"async\" class=\"alignnone wp-image-5434\" src=\"https:\/\/tivi-samsung.com\/wp-content\/uploads\/2025\/09\/tivi-neo-qled-samsung-4k-85-inch-qa85qn90d-10-1020x570-2-300x168.jpg\" alt=\"\" width=\"1848\" height=\"1035\" srcset=\"https:\/\/tivi-samsung.com\/wp-content\/uploads\/2025\/09\/tivi-neo-qled-samsung-4k-85-inch-qa85qn90d-10-1020x570-2-300x168.jpg 300w, https:\/\/tivi-samsung.com\/wp-content\/uploads\/2025\/09\/tivi-neo-qled-samsung-4k-85-inch-qa85qn90d-10-1020x570-2-768x429.jpg 768w, https:\/\/tivi-samsung.com\/wp-content\/uploads\/2025\/09\/tivi-neo-qled-samsung-4k-85-inch-qa85qn90d-10-1020x570-2-450x251.jpg 450w, https:\/\/tivi-samsung.com\/wp-content\/uploads\/2025\/09\/tivi-neo-qled-samsung-4k-85-inch-qa85qn90d-10-1020x570-2-600x335.jpg 600w, https:\/\/tivi-samsung.com\/wp-content\/uploads\/2025\/09\/tivi-neo-qled-samsung-4k-85-inch-qa85qn90d-10-1020x570-2-150x84.jpg 150w, https:\/\/tivi-samsung.com\/wp-content\/uploads\/2025\/09\/tivi-neo-qled-samsung-4k-85-inch-qa85qn90d-10-1020x570-2.jpg 1020w\" sizes=\"(max-width: 1848px) 100vw, 1848px\" \/><\/p>\n<p><em><strong>Smart Tivi Neo QLED Samsung QA65QN90B<\/strong> \u0111\u00e1p \u1ee9ng c\u00e1c tr\u1ea3i nghi\u1ec7m gi\u1ea3i tr\u00ed \u0111a d\u1ea1ng nh\u1edd m\u00e0n h\u00ecnh l\u1edbn 65 inch c\u00f9ng \u0111\u1ed9 ph\u00e2n gi\u1ea3i 4K, tivi t\u00edch h\u1ee3p c\u00e1c c\u00f4ng ngh\u1ec7 x\u1eed l\u00fd h\u00ecnh \u1ea3nh v\u00e0 \u00e2m thanh ti\u00ean ti\u1ebfn nh\u01b0 b\u1ed9 x\u1eed l\u00ed Neo Quantum 4K n\u00e2ng c\u1ea5p h\u00ecnh \u1ea3nh g\u1ea7n chu\u1ea9n 4K nh\u1edd tr\u00ed tu\u1ec7 nh\u00e2n t\u1ea1o AI, hi\u1ec7u \u1ee9ng \u00e2m v\u00f2m 3D theo s\u00e1t t\u1eebng chuy\u1ec3n \u0111\u1ed9ng h\u00ecnh \u1ea3nh. Kho \u1ee9ng d\u1ee5ng \u0111a d\u1ea1ng gi\u00fap b\u1ea1n v\u00e0 gia \u0111\u00ecnh c\u00f3 nh\u1eefng ph\u00fat gi\u00e2y th\u01b0 gi\u00e3n tho\u1ea3i m\u00e1i.<\/em><\/p>\n<p><script src=\"chrome-extension:\/\/fpelahbljekknahkcaegamhcndkfpfnc\/iFrame.js\" type=\"text\/javascript\"><\/script><\/p>\n<p><script src=\"chrome-extension:\/\/fpelahbljekknahkcaegamhcndkfpfnc\/iFrame.js\" type=\"text\/javascript\"><\/script><\/p>\n<p><script src=\"chrome-extension:\/\/fpelahbljekknahkcaegamhcndkfpfnc\/iFrame.js\" type=\"text\/javascript\"><\/script><\/p>\n<p><script src=\"chrome-extension:\/\/fpelahbljekknahkcaegamhcndkfpfnc\/iFrame.js\" type=\"text\/javascript\"><\/script><\/p>\n<p><script src=\"chrome-extension:\/\/fpelahbljekknahkcaegamhcndkfpfnc\/iFrame.js\" type=\"text\/javascript\"><\/script><\/p>\n","protected":false},"excerpt":{"rendered":"<p>&nbsp;<\/p>\n<p><script src=\"chrome-extension:\/\/fpelahbljekknahkcaegamhcndkfpfnc\/iFrame.js\" type=\"text\/javascript\"><\/script><\/p>\n<p><script src=\"chrome-extension:\/\/fpelahbljekknahkcaegamhcndkfpfnc\/iFrame.js\" type=\"text\/javascript\"><\/script><\/p>\n<p><script src=\"chrome-extension:\/\/fpelahbljekknahkcaegamhcndkfpfnc\/iFrame.js\" type=\"text\/javascript\"><\/script><\/p>\n<p><script src=\"chrome-extension:\/\/fpelahbljekknahkcaegamhcndkfpfnc\/iFrame.js\" type=\"text\/javascript\"><\/script><\/p>\n<p><script src=\"chrome-extension:\/\/fpelahbljekknahkcaegamhcndkfpfnc\/iFrame.js\" type=\"text\/javascript\"><\/script><\/p>\n<p><script src=\"chrome-extension:\/\/fpelahbljekknahkcaegamhcndkfpfnc\/iFrame.js\" type=\"text\/javascript\"><\/script><\/p>\n<p><script src=\"chrome-extension:\/\/fpelahbljekknahkcaegamhcndkfpfnc\/iFrame.js\" type=\"text\/javascript\"><\/script><\/p>\n<p><script src=\"chrome-extension:\/\/fpelahbljekknahkcaegamhcndkfpfnc\/iFrame.js\" type=\"text\/javascript\"><\/script><\/p>\n","protected":false},"featured_media":6804,"comment_status":"open","ping_status":"closed","template":"","meta":[],"product_brand":[88],"product_cat":[68,76],"product_tag":[],"class_list":{"0":"post-4185","1":"product","2":"type-product","3":"status-publish","4":"has-post-thumbnail","6":"product_brand-samsung","7":"product_cat-smart-tv","8":"product_cat-televisions","9":"pa_kich-co-man-hinh-65-inch","11":"first","12":"instock","13":"shipping-taxable","14":"purchasable","15":"product-type-simple"},"_links":{"self":[{"href":"https:\/\/tivi-samsung.com\/index.php?rest_route=\/wp\/v2\/product\/4185","targetHints":{"allow":["GET"]}}],"collection":[{"href":"https:\/\/tivi-samsung.com\/index.php?rest_route=\/wp\/v2\/product"}],"about":[{"href":"https:\/\/tivi-samsung.com\/index.php?rest_route=\/wp\/v2\/types\/product"}],"replies":[{"embeddable":true,"href":"https:\/\/tivi-samsung.com\/index.php?rest_route=%2Fwp%2Fv2%2Fcomments&post=4185"}],"version-history":[{"count":10,"href":"https:\/\/tivi-samsung.com\/index.php?rest_route=\/wp\/v2\/product\/4185\/revisions"}],"predecessor-version":[{"id":8464,"href":"https:\/\/tivi-samsung.com\/index.php?rest_route=\/wp\/v2\/product\/4185\/revisions\/8464"}],"wp:featuredmedia":[{"embeddable":true,"href":"https:\/\/tivi-samsung.com\/index.php?rest_route=\/wp\/v2\/media\/6804"}],"wp:attachment":[{"href":"https:\/\/tivi-samsung.com\/index.php?rest_route=%2Fwp%2Fv2%2Fmedia&parent=4185"}],"wp:term":[{"taxonomy":"product_brand","embeddable":true,"href":"https:\/\/tivi-samsung.com\/index.php?rest_route=%2Fwp%2Fv2%2Fproduct_brand&post=4185"},{"taxonomy":"product_cat","embeddable":true,"href":"https:\/\/tivi-samsung.com\/index.php?rest_route=%2Fwp%2Fv2%2Fproduct_cat&post=4185"},{"taxonomy":"product_tag","embeddable":true,"href":"https:\/\/tivi-samsung.com\/index.php?rest_route=%2Fwp%2Fv2%2Fproduct_tag&post=4185"}],"curies":[{"name":"wp","href":"https:\/\/api.w.org\/{rel}","templated":true}]}}