{"id":4180,"date":"2025-09-16T15:10:09","date_gmt":"2025-09-16T15:10:09","guid":{"rendered":"https:\/\/tivi-samsung.com\/?post_type=product&#038;p=4180"},"modified":"2025-10-15T00:39:50","modified_gmt":"2025-10-14T17:39:50","slug":"smart-tivi-qled-samsung-ai-4k-65-inch-qa65q80d","status":"publish","type":"product","link":"https:\/\/tivi-samsung.com\/?product=smart-tivi-qled-samsung-ai-4k-65-inch-qa65q80d","title":{"rendered":"Smart Tivi QLED Samsung AI 4K 65 inch QA65Q80D"},"content":{"rendered":"<p><strong>Th\u00f4ng tin s\u1ea3n ph\u1ea9m<\/strong><br \/>\n<a href=\"https:\/\/tokoo.vn\/danh-muc\/samsung-tvs\/\" target=\"_blank\" rel=\"noopener\"><strong>Smart Tivi QLED Samsung 4K 65 inch QA65Q80D<\/strong><\/a> mang \u0111\u1ebfn tr\u1ea3i nghi\u1ec7m xem phim \u1ea5n t\u01b0\u1ee3ng v\u1edbi m\u00e0n h\u00ecnh 65 inch, \u0111\u1ed9 ph\u00e2n gi\u1ea3i 4K s\u1eafc n\u00e9t, b\u1ed9 x\u1eed l\u00fd AI NQ4 th\u1ebf h\u1ec7 2, \u00e2m thanh v\u00f2m s\u1ed1ng \u0111\u1ed9ng v\u1edbi Dolby Atmos, h\u1ec7 \u0111i\u1ec1u h\u00e0nh Tizen\u2122 v\u1edbi kho \u1ee9ng d\u1ee5ng phong ph\u00fa, d\u1ec5 s\u1eed d\u1ee5ng c\u00f9ng nhi\u1ec1u ti\u1ec7n \u00edch th\u00f4ng minh kh\u00e1c.<\/p>\n<p><strong>T\u1ed5ng quan thi\u1ebft k\u1ebf<\/strong><br \/>\n&#8211; Tivi QLED Samsung 4K 65 inch QA65Q80D s\u1edf h\u1eefu m\u00e0n h\u00ecnh ph\u1eb3ng r\u1ed9ng, thi\u1ebft k\u1ebf tinh t\u1ebf, m\u00e0n h\u00ecnh 65 inch, \u0111\u01b0\u1eddng vi\u1ec1n m\u1ecfng.<\/p>\n<p>&#8211; Ph\u00f9 h\u1ee3p v\u1edbi h\u1ea7u h\u1ebft kh\u00f4ng gian n\u1ed9i th\u1ea5t nh\u01b0 ph\u00f2ng kh\u00e1ch, ph\u00f2ng ng\u1ee7, ph\u00f2ng l\u00e0m vi\u1ec7c, ph\u00f2ng h\u1ecdp,\u2026<\/p>\n<p>&#8211; D\u00f2ng tivi Samsung n\u00e0y s\u1eed d\u1ee5ng m\u1eabu ch\u00e2n \u0111\u1ebf \u0111\u01b0\u1ee3c l\u00e0m b\u1eb1ng kim lo\u1ea1i, n\u00e2ng \u0111\u1ee1 tivi \u1ed5n \u0111\u1ecbnh khi \u0111\u1eb7t tr\u00ean k\u1ec7, c\u00f3 th\u1ec3 th\u00e1o r\u1eddi \u0111\u1ec3 treo t\u01b0\u1eddng ti\u1ebft ki\u1ec7m kh\u00f4ng gian.<\/p>\n<p><img fetchpriority=\"high\" decoding=\"async\" class=\"alignnone wp-image-6815\" src=\"https:\/\/tivi-samsung.com\/wp-content\/uploads\/2025\/09\/tivi-qled-samsung-4k-65-inch-qa65qn80dthiet-ke-1-1020x570-1-300x168.png\" alt=\"\" width=\"982\" height=\"550\" srcset=\"https:\/\/tivi-samsung.com\/wp-content\/uploads\/2025\/09\/tivi-qled-samsung-4k-65-inch-qa65qn80dthiet-ke-1-1020x570-1-300x168.png 300w, https:\/\/tivi-samsung.com\/wp-content\/uploads\/2025\/09\/tivi-qled-samsung-4k-65-inch-qa65qn80dthiet-ke-1-1020x570-1-768x429.png 768w, https:\/\/tivi-samsung.com\/wp-content\/uploads\/2025\/09\/tivi-qled-samsung-4k-65-inch-qa65qn80dthiet-ke-1-1020x570-1-450x251.png 450w, https:\/\/tivi-samsung.com\/wp-content\/uploads\/2025\/09\/tivi-qled-samsung-4k-65-inch-qa65qn80dthiet-ke-1-1020x570-1-600x335.png 600w, https:\/\/tivi-samsung.com\/wp-content\/uploads\/2025\/09\/tivi-qled-samsung-4k-65-inch-qa65qn80dthiet-ke-1-1020x570-1-150x84.png 150w, https:\/\/tivi-samsung.com\/wp-content\/uploads\/2025\/09\/tivi-qled-samsung-4k-65-inch-qa65qn80dthiet-ke-1-1020x570-1.png 1020w\" sizes=\"(max-width: 982px) 100vw, 982px\" \/><\/p>\n<p><strong>C\u00f4ng ngh\u1ec7 h\u00ecnh \u1ea3nh<\/strong><br \/>\n&#8211; \u0110\u1ed9 ph\u00e2n gi\u1ea3i<strong> 4K (Ultra HD<\/strong>) mang \u0111\u1ebfn nh\u1eefng khung h\u00ecnh s\u1eafc n\u00e9t, chi ti\u1ebft.<\/p>\n<p>&#8211; B\u1ed9 x\u1eed l\u00fd <strong>AI NQ4<\/strong> th\u1ebf h\u1ec7 2 n\u00e2ng c\u1ea5p h\u00ecnh \u1ea3nh chu\u1ea9n 4K b\u1eb1ng tr\u00ed tu\u1ec7 nh\u00e2n t\u1ea1o.<\/p>\n<p>&#8211; T\u1ed1i \u01b0u \u0111\u1ed9 t\u01b0\u01a1ng ph\u1ea3n v\u00e0 chi ti\u1ebft trong m\u1ecdi \u0111i\u1ec1u ki\u1ec7n \u00e1nh s\u00e1ng v\u1edbi <strong>Quantum HDR+.<\/strong><\/p>\n<p><img decoding=\"async\" class=\"alignnone wp-image-6816\" src=\"https:\/\/tivi-samsung.com\/wp-content\/uploads\/2025\/09\/tivi-qled-samsung-4k-65-inch-qa65qn80d-cong-nghe-quantum-hdr-1020x570-1-300x168.jpg\" alt=\"\" width=\"980\" height=\"549\" srcset=\"https:\/\/tivi-samsung.com\/wp-content\/uploads\/2025\/09\/tivi-qled-samsung-4k-65-inch-qa65qn80d-cong-nghe-quantum-hdr-1020x570-1-300x168.jpg 300w, https:\/\/tivi-samsung.com\/wp-content\/uploads\/2025\/09\/tivi-qled-samsung-4k-65-inch-qa65qn80d-cong-nghe-quantum-hdr-1020x570-1-768x429.jpg 768w, https:\/\/tivi-samsung.com\/wp-content\/uploads\/2025\/09\/tivi-qled-samsung-4k-65-inch-qa65qn80d-cong-nghe-quantum-hdr-1020x570-1-450x251.jpg 450w, https:\/\/tivi-samsung.com\/wp-content\/uploads\/2025\/09\/tivi-qled-samsung-4k-65-inch-qa65qn80d-cong-nghe-quantum-hdr-1020x570-1-600x335.jpg 600w, https:\/\/tivi-samsung.com\/wp-content\/uploads\/2025\/09\/tivi-qled-samsung-4k-65-inch-qa65qn80d-cong-nghe-quantum-hdr-1020x570-1-150x84.jpg 150w, https:\/\/tivi-samsung.com\/wp-content\/uploads\/2025\/09\/tivi-qled-samsung-4k-65-inch-qa65qn80d-cong-nghe-quantum-hdr-1020x570-1.jpg 1020w\" sizes=\"(max-width: 980px) 100vw, 980px\" \/><\/p>\n<p>&#8211; <strong>Wide Viewing Angle<\/strong> cho ch\u1ea5t l\u01b0\u1ee3ng h\u00ecnh \u1ea3nh, m\u00e0u s\u1eafc nguy\u00ean v\u1eb9n v\u1edbi g\u00f3c nh\u00ecn r\u1ed9ng.<\/p>\n<p>&#8211; C\u00f4ng ngh\u1ec7 m\u00e0n h\u00ecnh ch\u1ea5m l\u01b0\u1ee3ng t\u1eed<strong> Quantum Dot<\/strong> t\u00e1i t\u1ea1o 100% d\u1ea3i s\u1eafc m\u00e0u gi\u00fap h\u00ecnh \u1ea3nh hi\u1ec3n th\u1ecb tr\u00ean tivi <strong>Samsung QLED<\/strong> ch\u00ednh x\u00e1c v\u00e0 s\u1ed1ng \u0111\u1ed9ng h\u01a1n.<\/p>\n<p>&#8211; Ch\u1ed1ng x\u00e9 h\u00ecnh<strong> FreeSync Premium Pro<\/strong> gi\u1ea3m thi\u1ec3u \u0111\u00e1ng k\u1ec3 t\u00ecnh tr\u1ea1ng gi\u1eadt, x\u00e9 h\u00ecnh, ch\u01a1i game m\u01b0\u1ee3t m\u00e0 v\u1edbi hi\u1ec7u n\u0103ng cao c\u00f9ng \u0111\u1ed9 tr\u1ec5 th\u1ea5p.<\/p>\n<p>&#8211; <strong>C\u00f4ng ngh\u1ec7 Motion Xcelerator 120 Hz<\/strong> b\u1ed5 sung th\u00eam khung h\u00ecnh v\u00e0o n\u1ed9i dung v\u1ed1n c\u00f3 gi\u00fap h\u00ecnh \u1ea3nh hi\u1ec3n th\u1ecb chi ti\u1ebft h\u01a1n, ng\u01b0\u1eddi xem s\u1ebd \u0111\u01b0\u1ee3c th\u01b0\u1edfng th\u1ee9c c\u00e1c c\u1ea3nh quay chuy\u1ec3n \u0111\u1ed9ng nhanh c\u1ef1c m\u01b0\u1ee3t.<\/p>\n<p><img decoding=\"async\" class=\"alignnone wp-image-6820\" src=\"https:\/\/tivi-samsung.com\/wp-content\/uploads\/2025\/09\/tivi-qled-samsung-4k-65-inch-qa65qn80d-hinh-anh-1021x570-1-300x167.jpg\" alt=\"\" width=\"981\" height=\"546\" srcset=\"https:\/\/tivi-samsung.com\/wp-content\/uploads\/2025\/09\/tivi-qled-samsung-4k-65-inch-qa65qn80d-hinh-anh-1021x570-1-300x167.jpg 300w, https:\/\/tivi-samsung.com\/wp-content\/uploads\/2025\/09\/tivi-qled-samsung-4k-65-inch-qa65qn80d-hinh-anh-1021x570-1-450x251.jpg 450w, https:\/\/tivi-samsung.com\/wp-content\/uploads\/2025\/09\/tivi-qled-samsung-4k-65-inch-qa65qn80d-hinh-anh-1021x570-1-600x335.jpg 600w, https:\/\/tivi-samsung.com\/wp-content\/uploads\/2025\/09\/tivi-qled-samsung-4k-65-inch-qa65qn80d-hinh-anh-1021x570-1-150x84.jpg 150w\" sizes=\"(max-width: 981px) 100vw, 981px\" \/><\/p>\n<p><strong>C\u00f4ng ngh\u1ec7 \u00e2m thanh<\/strong><br \/>\n&#8211; H\u1ec7 th\u1ed1ng 2.2 k\u00eanh, t\u1ed5ng c\u00f4ng su\u1ea5t loa 40W cho \u00e2m thanh m\u1ea1nh m\u1ebd, s\u1ed1ng \u0111\u1ed9ng.<\/p>\n<p>&#8211; C\u00f4ng ngh\u1ec7 <strong>Dolby Atmos<\/strong> t\u00e1i t\u1ea1o kh\u00f4ng gian \u00e2m thanh \u0111a chi\u1ec1u sinh \u0111\u1ed9ng, \u0111em l\u1ea1i tr\u1ea3i nghi\u1ec7m \u00e2m thanh v\u00f2m bao tr\u00f9m to\u00e0n b\u1ed9 kh\u00f4ng gian.<\/p>\n<p>&#8211; \u00c2m thanh chuy\u1ec3n \u0111\u1ed9ng theo h\u00ecnh \u1ea3nh v\u1edbi c\u00f4ng ngh\u1ec7 <strong>OTS<\/strong> <strong>Lite,<\/strong> mang \u0111\u1ebfn tr\u1ea3i nghi\u1ec7m hi\u1ec7u \u1ee9ng \u00e2m thanh \u0111a chi\u1ec1u s\u1ed1ng \u0111\u1ed9ng nh\u01b0 \u0111ang th\u01b0\u1edfng th\u1ee9c t\u1ea1i r\u1ea1p chi\u1ebfu phim th\u1ef1c th\u1ee5.<\/p>\n<p><img loading=\"lazy\" decoding=\"async\" class=\"alignnone wp-image-6818\" src=\"https:\/\/tivi-samsung.com\/wp-content\/uploads\/2025\/09\/tivi-qled-samsung-4k-65-inch-qa65qn80d-dolby-atmos-1020x570-1-300x168.jpg\" alt=\"\" width=\"955\" height=\"535\" srcset=\"https:\/\/tivi-samsung.com\/wp-content\/uploads\/2025\/09\/tivi-qled-samsung-4k-65-inch-qa65qn80d-dolby-atmos-1020x570-1-300x168.jpg 300w, https:\/\/tivi-samsung.com\/wp-content\/uploads\/2025\/09\/tivi-qled-samsung-4k-65-inch-qa65qn80d-dolby-atmos-1020x570-1-768x429.jpg 768w, https:\/\/tivi-samsung.com\/wp-content\/uploads\/2025\/09\/tivi-qled-samsung-4k-65-inch-qa65qn80d-dolby-atmos-1020x570-1-450x251.jpg 450w, https:\/\/tivi-samsung.com\/wp-content\/uploads\/2025\/09\/tivi-qled-samsung-4k-65-inch-qa65qn80d-dolby-atmos-1020x570-1-600x335.jpg 600w, https:\/\/tivi-samsung.com\/wp-content\/uploads\/2025\/09\/tivi-qled-samsung-4k-65-inch-qa65qn80d-dolby-atmos-1020x570-1-150x84.jpg 150w, https:\/\/tivi-samsung.com\/wp-content\/uploads\/2025\/09\/tivi-qled-samsung-4k-65-inch-qa65qn80d-dolby-atmos-1020x570-1.jpg 1020w\" sizes=\"(max-width: 955px) 100vw, 955px\" \/><\/p>\n<p><strong>H\u1ec7 \u0111i\u1ec1u h\u00e0nh<\/strong><br \/>\n&#8211; T\u00edch h\u1ee3p h\u1ec7 \u0111i\u1ec1u h\u00e0nh <strong>Tizen\u2122<\/strong> v\u1edbi giao di\u1ec7n th\u00e2n thi\u1ec7n d\u1ec5 s\u1eed d\u1ee5ng, cho ph\u00e9p b\u1ea1n t\u00ecm ki\u1ebfm v\u00e0 truy c\u1eadp v\u00e0o \u1ee9ng d\u1ee5ng y\u00eau th\u00edch m\u1ed9t c\u00e1ch nhanh ch\u00f3ng.<\/p>\n<p>&#8211; Th\u01b0 vi\u1ec7n \u1ee9ng d\u1ee5ng phong ph\u00fa, h\u1ed7 tr\u1ee3 c\u1ea3 ti\u1ebfng Vi\u1ec7t v\u00e0 ti\u1ebfng Anh nh\u01b0<strong> Clip TV, YouTube, Netflix, FPT Play,\u2026<\/strong> m\u1edf ra th\u1ebf gi\u1edbi gi\u1ea3i tr\u00ed \u0111a d\u1ea1ng cho b\u1ea1n tho\u1ea3 s\u1ee9c kh\u00e1m ph\u00e1 v\u00e0 th\u01b0 gi\u00e3n.<\/p>\n<p><img loading=\"lazy\" decoding=\"async\" class=\"alignnone wp-image-6819\" src=\"https:\/\/tivi-samsung.com\/wp-content\/uploads\/2025\/09\/tivi-qled-samsung-4k-65-inch-qa65qn80d-he-dieu-hanh-1020x570-1-300x168.jpg\" alt=\"\" width=\"987\" height=\"553\" srcset=\"https:\/\/tivi-samsung.com\/wp-content\/uploads\/2025\/09\/tivi-qled-samsung-4k-65-inch-qa65qn80d-he-dieu-hanh-1020x570-1-300x168.jpg 300w, https:\/\/tivi-samsung.com\/wp-content\/uploads\/2025\/09\/tivi-qled-samsung-4k-65-inch-qa65qn80d-he-dieu-hanh-1020x570-1-768x429.jpg 768w, https:\/\/tivi-samsung.com\/wp-content\/uploads\/2025\/09\/tivi-qled-samsung-4k-65-inch-qa65qn80d-he-dieu-hanh-1020x570-1-450x251.jpg 450w, https:\/\/tivi-samsung.com\/wp-content\/uploads\/2025\/09\/tivi-qled-samsung-4k-65-inch-qa65qn80d-he-dieu-hanh-1020x570-1-600x335.jpg 600w, https:\/\/tivi-samsung.com\/wp-content\/uploads\/2025\/09\/tivi-qled-samsung-4k-65-inch-qa65qn80d-he-dieu-hanh-1020x570-1-150x84.jpg 150w, https:\/\/tivi-samsung.com\/wp-content\/uploads\/2025\/09\/tivi-qled-samsung-4k-65-inch-qa65qn80d-he-dieu-hanh-1020x570-1.jpg 1020w\" sizes=\"(max-width: 987px) 100vw, 987px\" \/><\/p>\n<p><strong>Ti\u1ec7n \u00edch<\/strong><br \/>\n&#8211; Trang b\u1ecb remote th\u00f4ng minh, \u0111i\u1ec1u khi\u1ec3n b\u1eb1ng n\u0103ng l\u01b0\u1ee3ng m\u1eb7t tr\u1eddi <strong>Solar Cell Remote.<\/strong><\/p>\n<p>&#8211; T\u00ecm ki\u1ebfm b\u1eb1ng gi\u1ecdng n\u00f3i linh ho\u1ea1t v\u1edbi tr\u1ee3 l\u00fd \u1ea3o Bixby c\u00f3 ti\u1ebfng Vi\u1ec7t.<\/p>\n<p>&#8211; D\u1ec5 d\u00e0ng \u0111i\u1ec1u khi\u1ec3n tivi t\u1eeb xa b\u1eb1ng \u0111i\u1ec7n tho\u1ea1i th\u00f4ng qua \u1ee9ng d\u1ee5ng <strong>SmartThings.<\/strong><\/p>\n<p>&#8211; T\u00ednh n\u0103ng AirPlay 2 truy\u1ec1n ph\u00e1t video, h\u00ecnh \u1ea3nh, \u00e2m nh\u1ea1c t\u1eeb \u0111i\u1ec7n tho\u1ea1i l\u00ean m\u00e0n h\u00ecnh tivi, \u0111em \u0111\u1ebfn tr\u1ea3i nghi\u1ec7m gi\u1ea3i tr\u00ed v\u1edbi h\u00ecnh \u1ea3nh r\u00f5 n\u00e9t, \u00e2m thanh sinh \u0111\u1ed9ng.<\/p>\n<p>&#8211; <strong>Multi View<\/strong> (c\u00f3 th\u1ec3 k\u1ebft n\u1ed1i camera g\u1eafn r\u1eddi) gi\u00fap b\u1ea1n th\u01b0\u1edfng th\u1ee9c nhi\u1ec1u n\u1ed9i dung gi\u1ea3i tr\u00ed t\u1eeb nhi\u1ec1u ngu\u1ed3n tr\u00ean c\u00f9ng m\u1ed9t m\u00e0n h\u00ecnh.<\/p>\n<p><img loading=\"lazy\" decoding=\"async\" class=\"alignnone wp-image-6822\" src=\"https:\/\/tivi-samsung.com\/wp-content\/uploads\/2025\/09\/tivi-qled-samsung-4k-65-inch-qa65qn80d-tien-ich-1020x570-1-300x168.jpg\" alt=\"\" width=\"979\" height=\"548\" srcset=\"https:\/\/tivi-samsung.com\/wp-content\/uploads\/2025\/09\/tivi-qled-samsung-4k-65-inch-qa65qn80d-tien-ich-1020x570-1-300x168.jpg 300w, https:\/\/tivi-samsung.com\/wp-content\/uploads\/2025\/09\/tivi-qled-samsung-4k-65-inch-qa65qn80d-tien-ich-1020x570-1-768x429.jpg 768w, https:\/\/tivi-samsung.com\/wp-content\/uploads\/2025\/09\/tivi-qled-samsung-4k-65-inch-qa65qn80d-tien-ich-1020x570-1-450x251.jpg 450w, https:\/\/tivi-samsung.com\/wp-content\/uploads\/2025\/09\/tivi-qled-samsung-4k-65-inch-qa65qn80d-tien-ich-1020x570-1-600x335.jpg 600w, https:\/\/tivi-samsung.com\/wp-content\/uploads\/2025\/09\/tivi-qled-samsung-4k-65-inch-qa65qn80d-tien-ich-1020x570-1-150x84.jpg 150w, https:\/\/tivi-samsung.com\/wp-content\/uploads\/2025\/09\/tivi-qled-samsung-4k-65-inch-qa65qn80d-tien-ich-1020x570-1.jpg 1020w\" sizes=\"(max-width: 979px) 100vw, 979px\" \/><\/p>\n<p><em>C\u00f3 th\u1ec3 th\u1ea5y r\u1eb1ng, <strong>Smart Tivi QLED Samsung 4K 65 inch QA65Q80D<\/strong> l\u00e0 chi\u1ebfc tivi x\u1ee9ng t\u1ea7m v\u1edbi n\u1ed9i th\u1ea5t cao c\u1ea5p nh\u1edd mang \u0111\u1ebfn tr\u1ea3i nghi\u1ec7m \u00e2m thanh s\u1ed1ng \u0111\u1ed9ng, h\u00ecnh \u1ea3nh 4K s\u1eafc n\u00e9t, hi\u1ec3n th\u1ecb ch\u00e2n th\u1eadt, nhi\u1ec1u c\u00f4ng ngh\u1ec7 ti\u00ean ti\u1ebfn \u0111\u00e1p \u1ee9ng nhu c\u1ea7u gi\u1ea3i tr\u00ed c\u00e1 nh\u00e2n ngay ch\u00ednh ng\u00f4i nh\u00e0 c\u1ee7a b\u1ea1n.<\/em><\/p>\n<p>&nbsp;<\/p>\n<p><script src=\"chrome-extension:\/\/fpelahbljekknahkcaegamhcndkfpfnc\/iFrame.js\" type=\"text\/javascript\"><\/script><\/p>\n","protected":false},"excerpt":{"rendered":"<p>&nbsp;<\/p>\n<p><script src=\"chrome-extension:\/\/fpelahbljekknahkcaegamhcndkfpfnc\/iFrame.js\" type=\"text\/javascript\"><\/script><\/p>\n<p><script src=\"chrome-extension:\/\/fpelahbljekknahkcaegamhcndkfpfnc\/iFrame.js\" type=\"text\/javascript\"><\/script><\/p>\n<p><script src=\"chrome-extension:\/\/fpelahbljekknahkcaegamhcndkfpfnc\/iFrame.js\" type=\"text\/javascript\"><\/script><\/p>\n<p><script src=\"chrome-extension:\/\/fpelahbljekknahkcaegamhcndkfpfnc\/iFrame.js\" type=\"text\/javascript\"><\/script><\/p>\n<p><script src=\"chrome-extension:\/\/fpelahbljekknahkcaegamhcndkfpfnc\/iFrame.js\" type=\"text\/javascript\"><\/script><\/p>\n<p><script src=\"chrome-extension:\/\/fpelahbljekknahkcaegamhcndkfpfnc\/iFrame.js\" type=\"text\/javascript\"><\/script><\/p>\n<p><script src=\"chrome-extension:\/\/fpelahbljekknahkcaegamhcndkfpfnc\/iFrame.js\" type=\"text\/javascript\"><\/script><\/p>\n<p><script src=\"chrome-extension:\/\/fpelahbljekknahkcaegamhcndkfpfnc\/iFrame.js\" type=\"text\/javascript\"><\/script><\/p>\n","protected":false},"featured_media":4803,"comment_status":"open","ping_status":"closed","template":"","meta":[],"product_brand":[88],"product_cat":[157,94,68,76],"product_tag":[],"class_list":{"0":"post-4180","1":"product","2":"type-product","3":"status-publish","4":"has-post-thumbnail","6":"product_brand-samsung","7":"product_cat-q80d-2024","8":"product_cat-qled-tv","9":"product_cat-smart-tv","10":"product_cat-televisions","11":"pa_kich-co-man-hinh-65-inch","13":"first","14":"instock","15":"shipping-taxable","16":"purchasable","17":"product-type-simple"},"_links":{"self":[{"href":"https:\/\/tivi-samsung.com\/index.php?rest_route=\/wp\/v2\/product\/4180","targetHints":{"allow":["GET"]}}],"collection":[{"href":"https:\/\/tivi-samsung.com\/index.php?rest_route=\/wp\/v2\/product"}],"about":[{"href":"https:\/\/tivi-samsung.com\/index.php?rest_route=\/wp\/v2\/types\/product"}],"replies":[{"embeddable":true,"href":"https:\/\/tivi-samsung.com\/index.php?rest_route=%2Fwp%2Fv2%2Fcomments&post=4180"}],"version-history":[{"count":10,"href":"https:\/\/tivi-samsung.com\/index.php?rest_route=\/wp\/v2\/product\/4180\/revisions"}],"predecessor-version":[{"id":8465,"href":"https:\/\/tivi-samsung.com\/index.php?rest_route=\/wp\/v2\/product\/4180\/revisions\/8465"}],"wp:featuredmedia":[{"embeddable":true,"href":"https:\/\/tivi-samsung.com\/index.php?rest_route=\/wp\/v2\/media\/4803"}],"wp:attachment":[{"href":"https:\/\/tivi-samsung.com\/index.php?rest_route=%2Fwp%2Fv2%2Fmedia&parent=4180"}],"wp:term":[{"taxonomy":"product_brand","embeddable":true,"href":"https:\/\/tivi-samsung.com\/index.php?rest_route=%2Fwp%2Fv2%2Fproduct_brand&post=4180"},{"taxonomy":"product_cat","embeddable":true,"href":"https:\/\/tivi-samsung.com\/index.php?rest_route=%2Fwp%2Fv2%2Fproduct_cat&post=4180"},{"taxonomy":"product_tag","embeddable":true,"href":"https:\/\/tivi-samsung.com\/index.php?rest_route=%2Fwp%2Fv2%2Fproduct_tag&post=4180"}],"curies":[{"name":"wp","href":"https:\/\/api.w.org\/{rel}","templated":true}]}}