{"id":4176,"date":"2025-09-16T15:07:58","date_gmt":"2025-09-16T15:07:58","guid":{"rendered":"https:\/\/tivi-samsung.com\/?post_type=product&#038;p=4176"},"modified":"2025-10-15T00:41:49","modified_gmt":"2025-10-14T17:41:49","slug":"smart-tivi-oled-samsung-ai-4k-65-inch-qa65s85f","status":"publish","type":"product","link":"https:\/\/tivi-samsung.com\/?product=smart-tivi-oled-samsung-ai-4k-65-inch-qa65s85f","title":{"rendered":"Smart Tivi OLED Samsung AI 4K 65 inch QA65S85F"},"content":{"rendered":"<p><strong>Th\u00f4ng tin s\u1ea3n ph\u1ea9m<\/strong><\/p>\n<p><a href=\"https:\/\/tokoo.vn\/danh-muc\/samsung-tvs\/\" target=\"_blank\" rel=\"noopener\"><strong>Smart Tivi OLED Samsung AI 4K 65 inch QA65S85F<\/strong><\/a> l\u00e0 m\u1eabu tivi cao c\u1ea5p \u0111\u01b0\u1ee3c trang b\u1ecb b\u1ed9 x\u1eed l\u00fd AI NQ4 Gen2 m\u1ea1nh m\u1ebd v\u1edbi 20 m\u1ea1ng n\u01a1-ron, c\u00f3 kh\u1ea3 n\u0103ng ph\u00e2n t\u00edch v\u00e0 t\u1ed1i \u01b0u h\u00ecnh \u1ea3nh theo th\u1eddi gian th\u1ef1c, mang \u0111\u1ebfn tr\u1ea3i nghi\u1ec7m hi\u1ec3n th\u1ecb s\u1ed1ng \u0111\u1ed9ng, chi ti\u1ebft v\u00e0 gi\u00e0u chi\u1ec1u s\u00e2u.<\/p>\n<p><strong>B\u1ed9 x\u1eed l\u00fd AI NQ4 Gen2<\/strong><\/p>\n<p>&#8211; N\u00e2ng c\u1ea5p h\u00ecnh \u1ea3nh b\u1eb1ng AI<\/p>\n<p><img fetchpriority=\"high\" decoding=\"async\" class=\"alignnone wp-image-5459\" src=\"https:\/\/tivi-samsung.com\/wp-content\/uploads\/2025\/09\/smart-tivi-neo-qled-samsung-ai-4k-85-inch-qa85qn70f-2-1020x570-1-300x168.jpg\" alt=\"\" width=\"1746\" height=\"978\" srcset=\"https:\/\/tivi-samsung.com\/wp-content\/uploads\/2025\/09\/smart-tivi-neo-qled-samsung-ai-4k-85-inch-qa85qn70f-2-1020x570-1-300x168.jpg 300w, https:\/\/tivi-samsung.com\/wp-content\/uploads\/2025\/09\/smart-tivi-neo-qled-samsung-ai-4k-85-inch-qa85qn70f-2-1020x570-1-768x429.jpg 768w, https:\/\/tivi-samsung.com\/wp-content\/uploads\/2025\/09\/smart-tivi-neo-qled-samsung-ai-4k-85-inch-qa85qn70f-2-1020x570-1-450x251.jpg 450w, https:\/\/tivi-samsung.com\/wp-content\/uploads\/2025\/09\/smart-tivi-neo-qled-samsung-ai-4k-85-inch-qa85qn70f-2-1020x570-1-600x335.jpg 600w, https:\/\/tivi-samsung.com\/wp-content\/uploads\/2025\/09\/smart-tivi-neo-qled-samsung-ai-4k-85-inch-qa85qn70f-2-1020x570-1-150x84.jpg 150w, https:\/\/tivi-samsung.com\/wp-content\/uploads\/2025\/09\/smart-tivi-neo-qled-samsung-ai-4k-85-inch-qa85qn70f-2-1020x570-1.jpg 1020w\" sizes=\"(max-width: 1746px) 100vw, 1746px\" \/><\/p>\n<p>&#8211; S\u1eed d\u1ee5ng 20 m\u1ea1ng n\u01a1-ron, b\u1ed9 x\u1eed l\u00fd <strong>AI NQ4 Gen2<\/strong> t\u1ed1i \u01b0u \u0111\u1ed9 s\u00e1ng, \u0111\u1ed9 ph\u00e2n gi\u1ea3i v\u00e0 m\u00e0u s\u1eafc c\u1ee7a t\u1eebng khung h\u00ecnh hi\u1ec3n th\u1ecb.<\/p>\n<p>&#8211; H\u00ecnh \u1ea3nh tr\u00ean tivi \u0111\u01b0\u1ee3c ph\u00e2n t\u00edch v\u00e0 n\u00e2ng c\u1ea5p theo th\u1eddi gian th\u1ef1c, cho tr\u1ea3i nghi\u1ec7m m\u01b0\u1ee3t m\u00e0 v\u00e0 gi\u00e0u chi ti\u1ebft k\u1ec3 c\u1ea3 v\u1edbi n\u1ed9i dung ch\u01b0a \u0111\u1ea1t chu\u1ea9n 4K.<\/p>\n<p><strong>Thi\u1ebft k\u1ebf<\/strong><\/p>\n<p>&#8211; Vi\u1ec1n m\u00e0n h\u00ecnh m\u1ecfng t\u1ea1o hi\u1ec7u \u1ee9ng tr\u00e0n vi\u1ec1n, t\u00f4n l\u00ean t\u00ednh th\u1ea9m m\u1ef9 khi k\u1ebft h\u1ee3p trong kh\u00f4ng gian ph\u00f2ng hi\u1ec7n \u0111\u1ea1i.<\/p>\n<p>&#8211; Tivi k\u00edch th\u01b0\u1edbc 65 inch v\u1edbi ch\u00e2n \u0111\u1ebf nh\u1ef1a hai b\u00ean, d\u1ec5 th\u00e1o l\u1eafp v\u00e0 t\u01b0\u01a1ng th\u00edch t\u1ed1t v\u1edbi ki\u1ec3u treo t\u01b0\u1eddng ho\u1eb7c \u0111\u1ec3 b\u00e0n.<\/p>\n<p><img decoding=\"async\" class=\"alignnone wp-image-5480\" src=\"https:\/\/tivi-samsung.com\/wp-content\/uploads\/2025\/09\/smart-tivi-neo-qled-samsung-ai-4k-75-inch-qa75qn70f-thiet-ke-638938149782557450-300x200.jpg\" alt=\"\" width=\"1743\" height=\"1162\" srcset=\"https:\/\/tivi-samsung.com\/wp-content\/uploads\/2025\/09\/smart-tivi-neo-qled-samsung-ai-4k-75-inch-qa75qn70f-thiet-ke-638938149782557450-300x200.jpg 300w, https:\/\/tivi-samsung.com\/wp-content\/uploads\/2025\/09\/smart-tivi-neo-qled-samsung-ai-4k-75-inch-qa75qn70f-thiet-ke-638938149782557450-768x512.jpg 768w, https:\/\/tivi-samsung.com\/wp-content\/uploads\/2025\/09\/smart-tivi-neo-qled-samsung-ai-4k-75-inch-qa75qn70f-thiet-ke-638938149782557450-450x300.jpg 450w, https:\/\/tivi-samsung.com\/wp-content\/uploads\/2025\/09\/smart-tivi-neo-qled-samsung-ai-4k-75-inch-qa75qn70f-thiet-ke-638938149782557450-600x400.jpg 600w, https:\/\/tivi-samsung.com\/wp-content\/uploads\/2025\/09\/smart-tivi-neo-qled-samsung-ai-4k-75-inch-qa75qn70f-thiet-ke-638938149782557450-150x100.jpg 150w, https:\/\/tivi-samsung.com\/wp-content\/uploads\/2025\/09\/smart-tivi-neo-qled-samsung-ai-4k-75-inch-qa75qn70f-thiet-ke-638938149782557450.jpg 1020w\" sizes=\"(max-width: 1743px) 100vw, 1743px\" \/><\/p>\n<p><strong>C\u00f4ng ngh\u1ec7 h\u00ecnh \u1ea3nh<\/strong><\/p>\n<p>&#8211; H\u00ecnh \u1ea3nh \u0111\u01b0\u1ee3c n\u00e2ng c\u1ea5p r\u00f5 r\u1ec7t t\u1eeb c\u00e1c ngu\u1ed3n \u0111\u1ed9 ph\u00e2n gi\u1ea3i th\u1ea5p th\u00f4ng qua c\u00f4ng ngh\u1ec7<\/p>\n<p>mang l\u1ea1i khung h\u00ecnh s\u1eafc n\u00e9t g\u1ea7n \u0111\u1ea1t chu\u1ea9n 4K.<\/p>\n<p>&#8211; C\u00f4ng ngh\u1ec7 <strong>Real Depth Enhancer<\/strong> t\u0103ng \u0111\u1ed9 n\u1ed5i b\u1eadt c\u1ee7a ch\u1ee7 th\u1ec3 so v\u1edbi h\u1eadu c\u1ea3nh, mang \u0111\u1ebfn hi\u1ec7u \u1ee9ng chi\u1ec1u s\u00e2u t\u1ef1 nhi\u00ean h\u01a1n trong c\u00e1c c\u1ea3nh phim.<\/p>\n<p><img decoding=\"async\" class=\"alignnone wp-image-5497\" src=\"https:\/\/tivi-samsung.com\/wp-content\/uploads\/2025\/09\/1d8531e960129a9e009af6a6d096fbca-300x168.jpeg\" alt=\"\" width=\"1739\" height=\"974\" srcset=\"https:\/\/tivi-samsung.com\/wp-content\/uploads\/2025\/09\/1d8531e960129a9e009af6a6d096fbca-300x168.jpeg 300w, https:\/\/tivi-samsung.com\/wp-content\/uploads\/2025\/09\/1d8531e960129a9e009af6a6d096fbca-768x429.jpeg 768w, https:\/\/tivi-samsung.com\/wp-content\/uploads\/2025\/09\/1d8531e960129a9e009af6a6d096fbca-450x251.jpeg 450w, https:\/\/tivi-samsung.com\/wp-content\/uploads\/2025\/09\/1d8531e960129a9e009af6a6d096fbca-600x335.jpeg 600w, https:\/\/tivi-samsung.com\/wp-content\/uploads\/2025\/09\/1d8531e960129a9e009af6a6d096fbca-150x84.jpeg 150w, https:\/\/tivi-samsung.com\/wp-content\/uploads\/2025\/09\/1d8531e960129a9e009af6a6d096fbca.jpeg 1020w\" sizes=\"(max-width: 1739px) 100vw, 1739px\" \/><\/p>\n<p>&#8211; <strong>Motion Xcelerator 120 Hz<\/strong> gi\u1ea3m nh\u00f2e khi xem th\u1ec3 thao v\u00e0 phim h\u00e0nh \u0111\u1ed9ng t\u1ed1c \u0111\u1ed9 cao, t\u1eeb \u0111\u00f3 h\u00ecnh \u1ea3nh li\u1ec1n m\u1ea1ch v\u00e0 d\u1ec5 theo d\u00f5i h\u01a1n.<\/p>\n<p>&#8211; C\u00f4ng ngh\u1ec7 <strong>EyeComfort<\/strong> \u0111i\u1ec1u ch\u1ec9nh \u0111\u1ed9 s\u00e1ng, t\u00f4ng m\u00e0u d\u1ef1a v\u00e0o c\u1ea3m bi\u1ebfn \u00e1nh s\u00e1ng tr\u00ean tivi gi\u00fap gi\u1ea3m m\u1ecfi m\u1eaft \u0111\u1eb7c bi\u1ec7t khi xem v\u00e0o ban \u0111\u00eam.<\/p>\n<p>&#8211; <strong>Super Ultra Wide Game View &amp; Game Bar<\/strong> h\u1ed7 tr\u1ee3 chuy\u1ec3n t\u1ef7 l\u1ec7 khung h\u00ecnh sang 21:9 ho\u1eb7c 32:9, \u0111\u1ed3ng th\u1eddi hi\u1ec3n th\u1ecb b\u1ea3ng tinh ch\u1ec9nh nhanh c\u00e1c th\u00f4ng s\u1ed1 khi ch\u01a1i game.<\/p>\n<p>&#8211; C\u00f4ng ngh\u1ec7 <strong>OLED HDR<\/strong> hi\u1ec3n th\u1ecb m\u00e0u \u0111en s\u00e2u nh\u1edd c\u01a1 ch\u1ebf \u0111i\u1ec3m \u1ea3nh t\u1ef1 ph\u00e1t s\u00e1ng, gi\u00fap h\u00ecnh \u1ea3nh s\u1eafc n\u00e9t v\u00e0 \u0111\u1ed9 t\u01b0\u01a1ng ph\u1ea3n r\u00f5 r\u00e0ng \u1edf c\u00e1c v\u00f9ng s\u00e1ng t\u1ed1i.<\/p>\n<p><img loading=\"lazy\" decoding=\"async\" class=\"alignnone wp-image-5205\" src=\"https:\/\/tivi-samsung.com\/wp-content\/uploads\/2025\/09\/smart-qled-4k-55-inch-samsung-qa55q80b-310322-051357-300x168.jpg\" alt=\"\" width=\"1734\" height=\"971\" srcset=\"https:\/\/tivi-samsung.com\/wp-content\/uploads\/2025\/09\/smart-qled-4k-55-inch-samsung-qa55q80b-310322-051357-300x168.jpg 300w, https:\/\/tivi-samsung.com\/wp-content\/uploads\/2025\/09\/smart-qled-4k-55-inch-samsung-qa55q80b-310322-051357-768x429.jpg 768w, https:\/\/tivi-samsung.com\/wp-content\/uploads\/2025\/09\/smart-qled-4k-55-inch-samsung-qa55q80b-310322-051357-450x251.jpg 450w, https:\/\/tivi-samsung.com\/wp-content\/uploads\/2025\/09\/smart-qled-4k-55-inch-samsung-qa55q80b-310322-051357-600x335.jpg 600w, https:\/\/tivi-samsung.com\/wp-content\/uploads\/2025\/09\/smart-qled-4k-55-inch-samsung-qa55q80b-310322-051357-150x84.jpg 150w, https:\/\/tivi-samsung.com\/wp-content\/uploads\/2025\/09\/smart-qled-4k-55-inch-samsung-qa55q80b-310322-051357.jpg 1020w\" sizes=\"(max-width: 1734px) 100vw, 1734px\" \/><\/p>\n<p><strong>C\u00f4ng ngh\u1ec7 \u00e2m thanh<\/strong><\/p>\n<p>&#8211; H\u1ec7 th\u1ed1ng loa 2.0 k\u00eanh t\u00edch h\u1ee3p c\u00f4ng su\u1ea5t 20W ph\u1ee7 \u0111\u1ec1u \u00e2m thanh trong kh\u00f4ng gian v\u1eeba v\u00e0 nh\u1ecf, ph\u00f9 h\u1ee3p cho ph\u00f2ng ng\u1ee7 ho\u1eb7c ph\u00f2ng kh\u00e1ch.<\/p>\n<p>&#8211; <strong>Object Tracking Sound Lite<\/strong> gi\u00fap \u00e2m thanh b\u00e1m s\u00e1t chuy\u1ec3n \u0111\u1ed9ng tr\u00ean m\u00e0n h\u00ecnh, t\u1ea1o c\u1ea3m gi\u00e1c s\u1ed1ng \u0111\u1ed9ng v\u00e0 t\u0103ng t\u00ednh ch\u00e2n th\u1ef1c.<\/p>\n<p>&#8211; C\u00f4ng ngh\u1ec7 Dolby Atmos tr\u00ean tivi Samsung t\u00e1i hi\u1ec7n kh\u00f4ng gian \u00e2m thanh 3 chi\u1ec1u, cho tr\u1ea3i nghi\u1ec7m t\u01b0\u01a1ng t\u1ef1 nh\u01b0 r\u1ea1p chi\u1ebfu phim t\u1ea1i nh\u00e0.<\/p>\n<p>&#8211; C\u00f4ng ngh\u1ec7 <strong>Q-Symphony<\/strong> \u0111\u1ed3ng b\u1ed9 loa thanh v\u00e0 loa tivi, cho \u00e2m thanh d\u00e0y h\u01a1n, lan t\u1ecfa \u0111\u1ec1u m\u00e0 kh\u00f4ng b\u1ecb tr\u00f9ng ti\u1ebfng hay tr\u1ec5 nh\u1ecbp.<\/p>\n<p><img loading=\"lazy\" decoding=\"async\" class=\"alignnone wp-image-5198\" src=\"https:\/\/tivi-samsung.com\/wp-content\/uploads\/2025\/09\/smart-tivi-qled-4k-50-inch-samsung-qa50q80c-200323-094534-1-300x168.jpg\" alt=\"\" width=\"1766\" height=\"989\" srcset=\"https:\/\/tivi-samsung.com\/wp-content\/uploads\/2025\/09\/smart-tivi-qled-4k-50-inch-samsung-qa50q80c-200323-094534-1-300x168.jpg 300w, https:\/\/tivi-samsung.com\/wp-content\/uploads\/2025\/09\/smart-tivi-qled-4k-50-inch-samsung-qa50q80c-200323-094534-1-768x429.jpg 768w, https:\/\/tivi-samsung.com\/wp-content\/uploads\/2025\/09\/smart-tivi-qled-4k-50-inch-samsung-qa50q80c-200323-094534-1-450x251.jpg 450w, https:\/\/tivi-samsung.com\/wp-content\/uploads\/2025\/09\/smart-tivi-qled-4k-50-inch-samsung-qa50q80c-200323-094534-1-600x335.jpg 600w, https:\/\/tivi-samsung.com\/wp-content\/uploads\/2025\/09\/smart-tivi-qled-4k-50-inch-samsung-qa50q80c-200323-094534-1-150x84.jpg 150w, https:\/\/tivi-samsung.com\/wp-content\/uploads\/2025\/09\/smart-tivi-qled-4k-50-inch-samsung-qa50q80c-200323-094534-1.jpg 1020w\" sizes=\"(max-width: 1766px) 100vw, 1766px\" \/><\/p>\n<p><strong>H\u1ec7 \u0111i\u1ec1u h\u00e0nh<\/strong><\/p>\n<p>&#8211; H\u1ec7 \u0111i\u1ec1u h\u00e0nh <strong>Tizen<\/strong> hi\u1ec7n \u0111\u1ea1i, th\u00e2n thi\u1ec7n v\u1edbi ng\u01b0\u1eddi d\u00f9ng, cho ph\u00e9p t\u1ea1o nhi\u1ec1u h\u1ed3 s\u01a1 c\u00e1 nh\u00e2n \u0111\u1ec3 tivi g\u1ee3i \u00fd n\u1ed9i dung ph\u00f9 h\u1ee3p v\u1edbi t\u1eebng th\u00e0nh vi\u00ean.<\/p>\n<p>&#8211; Kho \u1ee9ng d\u1ee5ng gi\u1ea3i tr\u00ed phong ph\u00fa g\u1ed3m: <strong>YouTube, Netflix, VieON, FPT Play, TV360,&#8230;<\/strong> d\u1ec5 d\u00e0ng truy c\u1eadp v\u00e0 c\u00e0i \u0111\u1eb7t.<\/p>\n<p><img loading=\"lazy\" decoding=\"async\" class=\"alignnone wp-image-5224\" src=\"https:\/\/tivi-samsung.com\/wp-content\/uploads\/2025\/09\/b9d6c07c9a5b33db0ad9c7ae35d7ba3f-300x168.jpg\" alt=\"\" width=\"1764\" height=\"988\" srcset=\"https:\/\/tivi-samsung.com\/wp-content\/uploads\/2025\/09\/b9d6c07c9a5b33db0ad9c7ae35d7ba3f-300x168.jpg 300w, https:\/\/tivi-samsung.com\/wp-content\/uploads\/2025\/09\/b9d6c07c9a5b33db0ad9c7ae35d7ba3f-768x429.jpg 768w, https:\/\/tivi-samsung.com\/wp-content\/uploads\/2025\/09\/b9d6c07c9a5b33db0ad9c7ae35d7ba3f-450x251.jpg 450w, https:\/\/tivi-samsung.com\/wp-content\/uploads\/2025\/09\/b9d6c07c9a5b33db0ad9c7ae35d7ba3f-600x335.jpg 600w, https:\/\/tivi-samsung.com\/wp-content\/uploads\/2025\/09\/b9d6c07c9a5b33db0ad9c7ae35d7ba3f-150x84.jpg 150w, https:\/\/tivi-samsung.com\/wp-content\/uploads\/2025\/09\/b9d6c07c9a5b33db0ad9c7ae35d7ba3f.jpg 1020w\" sizes=\"(max-width: 1764px) 100vw, 1764px\" \/><\/p>\n<p><strong>Ti\u1ec7n \u00edch<\/strong><\/p>\n<p>&#8211; T\u00ednh n\u0103ng Multi View cho ph\u00e9p xem c\u00f9ng l\u00fac n\u1ed9i dung tr\u00ean tivi v\u00e0 m\u00e0n h\u00ecnh \u0111i\u1ec7n tho\u1ea1i.<\/p>\n<p>&#8211; Tr\u00ecnh chi\u1ebfu kh\u00f4ng d\u00e2y t\u1eeb \u0111i\u1ec7n tho\u1ea1i l\u00ean m\u00e0n h\u00ecnh l\u1edbn d\u1ec5 d\u00e0ng th\u00f4ng qua AirPlay 2.<\/p>\n<p>&#8211; <strong>SmartThings<\/strong> t\u00edch h\u1ee3p gi\u00fap ng\u01b0\u1eddi d\u00f9ng \u0111i\u1ec1u khi\u1ec3n tivi<strong> Samsung OLED<\/strong> v\u00e0 \u0111\u1ed3ng b\u1ed9 c\u00e1c thi\u1ebft b\u1ecb trong h\u1ec7 sinh th\u00e1i Samsung nh\u01b0 \u0111i\u1ec1u h\u00f2a, m\u00e1y gi\u1eb7t, \u0111\u00e8n th\u00f4ng minh,&#8230; tr\u1ef1c ti\u1ebfp t\u1eeb tivi.<\/p>\n<p>&#8211; Remote th\u00f4ng minh t\u00edch h\u1ee3p micro v\u00e0 v\u1edbi tr\u1ee3 l\u00fd Bixby h\u1ed7 tr\u1ee3 t\u00ecm ki\u1ebfm n\u1ed9i dung, m\u1edf \u1ee9ng d\u1ee5ng ho\u1eb7c \u0111i\u1ec1u ch\u1ec9nh tivi b\u1eb1ng gi\u1ecdng n\u00f3i ti\u1ebfng Vi\u1ec7t.<\/p>\n<p><img loading=\"lazy\" decoding=\"async\" class=\"alignnone wp-image-5200\" src=\"https:\/\/tivi-samsung.com\/wp-content\/uploads\/2025\/09\/smart-tivi-qled-4k-50-inch-samsung-qa50q80c-200323-100637-1-300x168.jpg\" alt=\"\" width=\"1793\" height=\"1004\" srcset=\"https:\/\/tivi-samsung.com\/wp-content\/uploads\/2025\/09\/smart-tivi-qled-4k-50-inch-samsung-qa50q80c-200323-100637-1-300x168.jpg 300w, https:\/\/tivi-samsung.com\/wp-content\/uploads\/2025\/09\/smart-tivi-qled-4k-50-inch-samsung-qa50q80c-200323-100637-1-768x429.jpg 768w, https:\/\/tivi-samsung.com\/wp-content\/uploads\/2025\/09\/smart-tivi-qled-4k-50-inch-samsung-qa50q80c-200323-100637-1-450x251.jpg 450w, https:\/\/tivi-samsung.com\/wp-content\/uploads\/2025\/09\/smart-tivi-qled-4k-50-inch-samsung-qa50q80c-200323-100637-1-600x335.jpg 600w, https:\/\/tivi-samsung.com\/wp-content\/uploads\/2025\/09\/smart-tivi-qled-4k-50-inch-samsung-qa50q80c-200323-100637-1-150x84.jpg 150w, https:\/\/tivi-samsung.com\/wp-content\/uploads\/2025\/09\/smart-tivi-qled-4k-50-inch-samsung-qa50q80c-200323-100637-1.jpg 1020w\" sizes=\"(max-width: 1793px) 100vw, 1793px\" \/><\/p>\n<p><strong>Samsung QA65S85F<\/strong> mang \u0111\u1ebfn tr\u1ea3i nghi\u1ec7m xem s\u1ed1ng \u0111\u1ed9ng nh\u1edd s\u1ef1 k\u1ebft h\u1ee3p gi\u1eefa t\u1ea5m n\u1ec1n OLED, b\u1ed9 x\u1eed l\u00fd h\u00ecnh \u1ea3nh AI hi\u1ec7n \u0111\u1ea1i v\u00e0 h\u1ec7 th\u1ed1ng \u00e2m thanh \u0111a chi\u1ec1u. B\u00ean c\u1ea1nh \u0111\u00f3, h\u1ec7 \u0111i\u1ec1u h\u00e0nh Tizen c\u00f9ng c\u00e1c ti\u1ec7n \u00edch th\u00f4ng minh gi\u00fap tivi kh\u00f4ng ch\u1ec9 l\u00e0 thi\u1ebft b\u1ecb gi\u1ea3i tr\u00ed m\u00e0 c\u00f2n l\u00e0 trung t\u00e2m \u0111i\u1ec1u khi\u1ec3n ng\u00f4i nh\u00e0 hi\u1ec7n \u0111\u1ea1i.<\/p>\n<p><script src=\"chrome-extension:\/\/fpelahbljekknahkcaegamhcndkfpfnc\/iFrame.js\" type=\"text\/javascript\"><\/script><\/p>\n","protected":false},"excerpt":{"rendered":"<p>&nbsp;<\/p>\n<p><script src=\"chrome-extension:\/\/fpelahbljekknahkcaegamhcndkfpfnc\/iFrame.js\" type=\"text\/javascript\"><\/script><\/p>\n<p><script src=\"chrome-extension:\/\/fpelahbljekknahkcaegamhcndkfpfnc\/iFrame.js\" type=\"text\/javascript\"><\/script><\/p>\n<p><script src=\"chrome-extension:\/\/fpelahbljekknahkcaegamhcndkfpfnc\/iFrame.js\" type=\"text\/javascript\"><\/script><\/p>\n<p><script src=\"chrome-extension:\/\/fpelahbljekknahkcaegamhcndkfpfnc\/iFrame.js\" type=\"text\/javascript\"><\/script><\/p>\n<p><script src=\"chrome-extension:\/\/fpelahbljekknahkcaegamhcndkfpfnc\/iFrame.js\" type=\"text\/javascript\"><\/script><\/p>\n<p><script src=\"chrome-extension:\/\/fpelahbljekknahkcaegamhcndkfpfnc\/iFrame.js\" type=\"text\/javascript\"><\/script><\/p>\n<p><script src=\"chrome-extension:\/\/fpelahbljekknahkcaegamhcndkfpfnc\/iFrame.js\" type=\"text\/javascript\"><\/script><\/p>\n<p><script src=\"chrome-extension:\/\/fpelahbljekknahkcaegamhcndkfpfnc\/iFrame.js\" type=\"text\/javascript\"><\/script><\/p>\n","protected":false},"featured_media":4813,"comment_status":"open","ping_status":"closed","template":"","meta":[],"product_brand":[88],"product_cat":[68,76,140],"product_tag":[],"class_list":{"0":"post-4176","1":"product","2":"type-product","3":"status-publish","4":"has-post-thumbnail","6":"product_brand-samsung","7":"product_cat-smart-tv","8":"product_cat-televisions","9":"product_cat-tv-oled","10":"pa_kich-co-man-hinh-65-inch","12":"first","13":"instock","14":"sale","15":"shipping-taxable","16":"purchasable","17":"product-type-simple"},"_links":{"self":[{"href":"https:\/\/tivi-samsung.com\/index.php?rest_route=\/wp\/v2\/product\/4176","targetHints":{"allow":["GET"]}}],"collection":[{"href":"https:\/\/tivi-samsung.com\/index.php?rest_route=\/wp\/v2\/product"}],"about":[{"href":"https:\/\/tivi-samsung.com\/index.php?rest_route=\/wp\/v2\/types\/product"}],"replies":[{"embeddable":true,"href":"https:\/\/tivi-samsung.com\/index.php?rest_route=%2Fwp%2Fv2%2Fcomments&post=4176"}],"version-history":[{"count":10,"href":"https:\/\/tivi-samsung.com\/index.php?rest_route=\/wp\/v2\/product\/4176\/revisions"}],"predecessor-version":[{"id":8467,"href":"https:\/\/tivi-samsung.com\/index.php?rest_route=\/wp\/v2\/product\/4176\/revisions\/8467"}],"wp:featuredmedia":[{"embeddable":true,"href":"https:\/\/tivi-samsung.com\/index.php?rest_route=\/wp\/v2\/media\/4813"}],"wp:attachment":[{"href":"https:\/\/tivi-samsung.com\/index.php?rest_route=%2Fwp%2Fv2%2Fmedia&parent=4176"}],"wp:term":[{"taxonomy":"product_brand","embeddable":true,"href":"https:\/\/tivi-samsung.com\/index.php?rest_route=%2Fwp%2Fv2%2Fproduct_brand&post=4176"},{"taxonomy":"product_cat","embeddable":true,"href":"https:\/\/tivi-samsung.com\/index.php?rest_route=%2Fwp%2Fv2%2Fproduct_cat&post=4176"},{"taxonomy":"product_tag","embeddable":true,"href":"https:\/\/tivi-samsung.com\/index.php?rest_route=%2Fwp%2Fv2%2Fproduct_tag&post=4176"}],"curies":[{"name":"wp","href":"https:\/\/api.w.org\/{rel}","templated":true}]}}