{"id":4168,"date":"2025-09-16T15:03:18","date_gmt":"2025-09-16T15:03:18","guid":{"rendered":"https:\/\/tivi-samsung.com\/?post_type=product&#038;p=4168"},"modified":"2025-10-15T00:53:29","modified_gmt":"2025-10-14T17:53:29","slug":"smart-tivi-qled-samsung-4k-65-inch-qa65q60b","status":"publish","type":"product","link":"https:\/\/tivi-samsung.com\/?product=smart-tivi-qled-samsung-4k-65-inch-qa65q60b","title":{"rendered":"Smart Tivi QLED Samsung 4K 65 inch QA65Q60B"},"content":{"rendered":"<p><em><a href=\"https:\/\/tokoo.vn\/danh-muc\/samsung-tvs\/\" target=\"_blank\" rel=\"noopener\"><strong>Smart Tivi QLED 4K 65 inch Samsung QA65Q60B<\/strong><\/a> c\u00f3 thi\u1ebft k\u1ebf thanh m\u1ea3nh, b\u1ed9 x\u1eed l\u00fd <strong>Quantum 4K Lite<\/strong>, c\u00f4ng ngh\u1ec7 <strong>Object Tracking Sound Lite (OTS Lite)<\/strong> mang \u0111\u1ebfn tr\u1ea3i nghi\u1ec7m h\u00ecnh \u1ea3nh v\u00e0 \u00e2m thanh ch\u00e2n th\u1eadt, h\u1ec7 \u0111i\u1ec1u h\u00e0nh<strong> Tizen\u2122<\/strong> d\u1ec5 s\u1eed d\u1ee5ng, Google Duo cho ph\u00e9p g\u1ecdi video m\u00e0n h\u00ecnh l\u1edbn c\u1ef1c ti\u1ec7n l\u1ee3i.<\/em><\/p>\n<p><strong>T\u1ed5ng quan thi\u1ebft k\u1ebf<\/strong><br \/>\n&#8211;<strong> Smart Tivi QLED 4K 65 inch Samsung QA65Q60B<\/strong> \u0111\u01b0\u1eddng n\u00e9t tinh x\u1ea3o, ki\u1ec3u d\u00e1ng AirSlim m\u1ecfng g\u1ecdn, h\u00f2a h\u1ee3p ho\u00e0n h\u1ea3o v\u1edbi m\u1ecdi kh\u00f4ng gian s\u1ed1ng.<\/p>\n<p>&#8211; K\u00edch c\u1ee1 m\u00e0n h\u00ecnh l\u1edbn 65 inch th\u00edch h\u1ee3p trang tr\u00ed cho c\u00e1c c\u0103n ph\u00f2ng c\u00f3 di\u1ec7n t\u00edch l\u1edbn v\u00e0 v\u1eeba nh\u01b0 ph\u00f2ng h\u1ed9i ngh\u1ecb, s\u1ea3nh kh\u00e1ch s\u1ea1n, ph\u00f2ng kh\u00e1ch,&#8230;<\/p>\n<p>&#8211; Trang b\u1ecb ch\u00e2n \u0111\u1ebf ch\u1eef L l\u1eafp \u0111\u1eb7t \u1edf v\u1ecb tr\u00ed ch\u00ednh gi\u1eefa m\u00e0n h\u00ecnh, tuy nh\u00ecn thanh m\u1ea3nh nh\u01b0ng ch\u00e2n \u0111\u1ebf r\u1ea5t ch\u1eafc ch\u1eafn, \u0111\u1eb7t \u200btivi v\u1eefng v\u00e0ng tr\u00ean m\u1eb7t k\u1ec7. Ngo\u00e0i ra, b\u1ea1n c\u0169ng c\u00f3 th\u1ec3 th\u00e1o ch\u00e2n \u0111\u1ebf ra v\u00e0 l\u1eafp ki\u1ec3u treo t\u01b0\u1eddng cho kh\u00f4ng gian n\u1ed9i th\u1ea5t th\u00eam r\u1ed9ng tho\u00e1ng.<\/p>\n<p><img fetchpriority=\"high\" decoding=\"async\" class=\"alignnone wp-image-5541\" src=\"https:\/\/tivi-samsung.com\/wp-content\/uploads\/2025\/09\/smart-qled-4k-65-inch-samsung-qa65q60b-250322-025243-300x168.jpg\" alt=\"\" width=\"1693\" height=\"948\" srcset=\"https:\/\/tivi-samsung.com\/wp-content\/uploads\/2025\/09\/smart-qled-4k-65-inch-samsung-qa65q60b-250322-025243-300x168.jpg 300w, https:\/\/tivi-samsung.com\/wp-content\/uploads\/2025\/09\/smart-qled-4k-65-inch-samsung-qa65q60b-250322-025243-768x429.jpg 768w, https:\/\/tivi-samsung.com\/wp-content\/uploads\/2025\/09\/smart-qled-4k-65-inch-samsung-qa65q60b-250322-025243-450x251.jpg 450w, https:\/\/tivi-samsung.com\/wp-content\/uploads\/2025\/09\/smart-qled-4k-65-inch-samsung-qa65q60b-250322-025243-600x335.jpg 600w, https:\/\/tivi-samsung.com\/wp-content\/uploads\/2025\/09\/smart-qled-4k-65-inch-samsung-qa65q60b-250322-025243-150x84.jpg 150w, https:\/\/tivi-samsung.com\/wp-content\/uploads\/2025\/09\/smart-qled-4k-65-inch-samsung-qa65q60b-250322-025243.jpg 1020w\" sizes=\"(max-width: 1693px) 100vw, 1693px\" \/><\/p>\n<p><strong>C\u00f4ng ngh\u1ec7 h\u00ecnh \u1ea3nh<\/strong><br \/>\n&#8211; C\u00f4ng ngh\u1ec7 <strong>Quantum Dot<\/strong> t\u00e1i hi\u1ec7n 100% d\u1ea3i m\u00e0u mang \u0111\u1ebfn h\u00ecnh \u1ea3nh v\u1edbi m\u00e0u s\u1eafc s\u1ed1ng \u0111\u1ed9ng t\u1ef1 nhi\u00ean, \u0111\u1eb9p r\u1ef1c r\u1ee1 \u1edf b\u1ea5t k\u1ef3 \u0111\u1ed9 s\u00e1ng n\u00e0o \u0111\u1ec3 tr\u1ea3i nghi\u1ec7m xem lu\u00f4n tuy\u1ec7t v\u1eddi.<\/p>\n<p>&#8211;<strong> Quantum HDR t<\/strong>\u1ed1i \u01b0u \u0111\u1ed9 chi ti\u1ebft v\u00e0 \u0111\u1ed9 t\u01b0\u01a1ng ph\u1ea3n, cho c\u1ea3nh quay tr\u00ean tivi <strong>Samsung QLED<\/strong> n\u00e0y t\u1ecfa s\u00e1ng v\u1edbi s\u1eafc tr\u1eafng tinh khi\u1ebft, s\u1eafc \u0111en s\u00e2u th\u1eb3m.<\/p>\n<p>&#8211; B\u1ed9 x\u1eed l\u00fd <strong>Quantum 4K Lite<\/strong> c\u00f3 kh\u1ea3 n\u0103ng n\u00e2ng c\u1ea5p ch\u1ea5t l\u01b0\u1ee3ng h\u00ecnh \u1ea3nh l\u00ean g\u1ea7n chu\u1ea9n 4K, cho b\u1ea1n \u0111\u01b0\u1ee3c th\u01b0\u1edfng th\u1ee9c nh\u1eefng khung h\u00ecnh s\u1eafc n\u00e9t, sinh \u0111\u1ed9ng \u0111\u1ea7y \u1ea5n t\u01b0\u1ee3ng b\u1ea5t k\u1ec3 ch\u1ea5t l\u01b0\u1ee3ng ngu\u1ed3n ph\u00e1t ban \u0111\u1ea7u.<\/p>\n<p>&#8211; C\u00f4ng ngh\u1ec7 \u0111\u00e8n n\u1ec1n Dual LED c\u1ea3i ti\u1ebfn ch\u1ea5t l\u01b0\u1ee3ng \u00e1nh s\u00e1ng, cho \u0111\u1ed9 t\u01b0\u01a1ng ph\u1ea3n cao, m\u00e0u s\u1eafc hi\u1ec3n th\u1ecb ch\u00ednh x\u00e1c, nh\u1edd \u0111\u00f3 ng\u01b0\u1eddi xem \u0111\u01b0\u1ee3c t\u1eadn h\u01b0\u1edfng th\u1ebf gi\u1edbi h\u00ecnh \u1ea3nh ho\u00e0n m\u1ef9.<\/p>\n<p>&#8211; Motion Xcelerator gi\u1ea3m \u0111\u1ed9 m\u1edd, bi\u1ebfn c\u00e1c c\u1ea3nh chuy\u1ec3n \u0111\u1ed9ng tr\u1edf n\u00ean r\u00f5 r\u00e0ng, m\u01b0\u1ee3t m\u00e0 b\u1ed5 sung th\u00eam khung h\u00ecnh v\u00e0o n\u1ed9i dung v\u1ed1n c\u00f3 t\u1ef1 \u0111\u1ed9ng.<\/p>\n<p><strong>C\u00f4ng ngh\u1ec7 \u00e2m thanh<\/strong><br \/>\n&#8211;<strong> Object Tracking Sound Lite (OTS Lite),<\/strong> tivi \u0111\u01b0\u1ee3c thi\u1ebft l\u1eadp 2 loa v\u1eadt l\u00fd v\u00e0 2 loa gi\u1ea3 l\u1eadp t\u1ea1o n\u00ean \u00e2m thanh v\u00f2m gi\u1ea3 l\u1eadp theo d\u1ea5u v\u1eadt th\u1ec3 chuy\u1ec3n \u0111\u1ed9ng t\u1ea1o n\u00ean \u00e2m thanh 3 chi\u1ec1u trung th\u1ef1c, s\u1ed1ng \u0111\u1ed9ng \u0111\u1ebfn t\u1eebng ph\u00fat gi\u00e2y.<\/p>\n<p>&#8211; <strong>C\u00f4ng ngh\u1ec7 Q-Symphony<\/strong> k\u1ebft h\u1ee3p loa tivi Samsung v\u1edbi loa thanh t\u1ea1o n\u00ean ch\u1ea5t \u00e2m m\u1ea1nh m\u1ebd, bao quanh ng\u01b0\u1eddi nghe, cho b\u1ea1n \u0111\u1eafm ch\u00ecm v\u00e0o th\u1ebf gi\u1edbi \u00e2m nh\u1ea1c \u0111a s\u1eafc, cu\u1ed1n h\u00fat.<\/p>\n<p><img decoding=\"async\" class=\"alignnone wp-image-5463\" src=\"https:\/\/tivi-samsung.com\/wp-content\/uploads\/2025\/09\/smart-samsung-4k-85-inch-ua85bu8000-140322-064210-300x168.jpg\" alt=\"\" width=\"1695\" height=\"949\" srcset=\"https:\/\/tivi-samsung.com\/wp-content\/uploads\/2025\/09\/smart-samsung-4k-85-inch-ua85bu8000-140322-064210-300x168.jpg 300w, https:\/\/tivi-samsung.com\/wp-content\/uploads\/2025\/09\/smart-samsung-4k-85-inch-ua85bu8000-140322-064210-768x429.jpg 768w, https:\/\/tivi-samsung.com\/wp-content\/uploads\/2025\/09\/smart-samsung-4k-85-inch-ua85bu8000-140322-064210-450x251.jpg 450w, https:\/\/tivi-samsung.com\/wp-content\/uploads\/2025\/09\/smart-samsung-4k-85-inch-ua85bu8000-140322-064210-600x335.jpg 600w, https:\/\/tivi-samsung.com\/wp-content\/uploads\/2025\/09\/smart-samsung-4k-85-inch-ua85bu8000-140322-064210-150x84.jpg 150w, https:\/\/tivi-samsung.com\/wp-content\/uploads\/2025\/09\/smart-samsung-4k-85-inch-ua85bu8000-140322-064210.jpg 1020w\" sizes=\"(max-width: 1695px) 100vw, 1695px\" \/><\/p>\n<p><strong>H\u1ec7 \u0111i\u1ec1u h\u00e0nh<\/strong><br \/>\n&#8211; Smart tivi s\u1eed d\u1ee5ng h\u1ec7 \u0111i\u1ec1u h\u00e0nh <strong>Tizen\u2122<\/strong> v\u1edbi giao di\u1ec7n \u0111\u01b0\u1ee3c thi\u1ebft k\u1ebf tr\u1ef1c quan, cho ng\u01b0\u1eddi d\u00f9ng quan s\u00e1t v\u00e0 t\u00f9y ch\u1ec9nh c\u00e1c ch\u1ee9c n\u0103ng, \u1ee9ng d\u1ee5ng linh ho\u1ea1t, d\u1ec5 d\u00e0ng.<\/p>\n<p>&#8211; Kho \u1ee9ng d\u1ee5ng gi\u1ea3i tr\u00ed phong ph\u00fa v\u1edbi c\u00e1c \u1ee9ng d\u1ee5ng ph\u1ed5 bi\u1ebfn m\u00e0 b\u1ea1n tha h\u1ed3 l\u1ef1a ch\u1ecdn theo s\u1edf th\u00edch c\u1ee7a m\u00ecnh nh\u01b0 <strong>YouTube, FPT Play, Galaxy Play (Fim+), Clip TV, Netflix, MyTV, POPS Kids, Spotify,&#8230;<\/strong><\/p>\n<p><img decoding=\"async\" class=\"alignnone wp-image-5422\" src=\"https:\/\/tivi-samsung.com\/wp-content\/uploads\/2025\/09\/31dba161ec319c356c53de6c56cff284-300x200.jpg\" alt=\"\" width=\"1853\" height=\"1235\" srcset=\"https:\/\/tivi-samsung.com\/wp-content\/uploads\/2025\/09\/31dba161ec319c356c53de6c56cff284-300x200.jpg 300w, https:\/\/tivi-samsung.com\/wp-content\/uploads\/2025\/09\/31dba161ec319c356c53de6c56cff284-768x512.jpg 768w, https:\/\/tivi-samsung.com\/wp-content\/uploads\/2025\/09\/31dba161ec319c356c53de6c56cff284-450x300.jpg 450w, https:\/\/tivi-samsung.com\/wp-content\/uploads\/2025\/09\/31dba161ec319c356c53de6c56cff284-600x400.jpg 600w, https:\/\/tivi-samsung.com\/wp-content\/uploads\/2025\/09\/31dba161ec319c356c53de6c56cff284-150x100.jpg 150w, https:\/\/tivi-samsung.com\/wp-content\/uploads\/2025\/09\/31dba161ec319c356c53de6c56cff284.jpg 1020w\" sizes=\"(max-width: 1853px) 100vw, 1853px\" \/><\/p>\n<p><strong>Ti\u1ec7n \u00edch<\/strong><br \/>\n&#8211; <strong>T\u00ednh n\u0103ng AirPlay 2 (iPhone), Screen Mirroring (Android), Tap View<\/strong> cho ph\u00e9p b\u1ea1n chia s\u1ebb nhanh m\u00e0n h\u00ecnh \u0111i\u1ec7n tho\u1ea1i l\u00ean tivi \u0111\u1ec3 xem c\u00e1c video, album h\u00ecnh v\u1edbi m\u00e0n h\u00ecnh c\u1ee1 l\u1edbn \u0111\u00e3 m\u1eaft h\u01a1n.<\/p>\n<p>&#8211; <strong>T\u00ednh n\u0103ng Multi View<\/strong> hi\u1ec3n th\u1ecb \u0111a m\u00e0n h\u00ecnh cho ng\u01b0\u1eddi d\u00f9ng \u0111\u01b0\u1ee3c xem nhi\u1ec1u n\u1ed9i dung c\u00f9ng l\u00fac tr\u00ean m\u00e0n h\u00ecnh tivi, kh\u00f4ng ph\u1ea3i b\u1ecf l\u1ee1 b\u1ea5t k\u1ef3 th\u00f4ng tin quan tr\u1ecdng n\u00e0o tr\u00ean \u0111i\u1ec7n tho\u1ea1i trong khi xem tivi.<\/p>\n<p>&#8211; <strong>One Remote<\/strong> thi\u1ebft k\u1ebf nh\u1ecf g\u1ecdn, c\u1ea7m n\u1eafm v\u00e0 thao t\u00e1c \u0111i\u1ec1u khi\u1ec3n tivi t\u1eeb xa thu\u1eadn ti\u1ec7n. C\u00f3 micro t\u00edch h\u1ee3p \u0111\u1ec3 b\u1ea1n \u0111i\u1ec1u khi\u1ec3n b\u1eb1ng gi\u1ecdng n\u00f3i r\u00f5 r\u00e0ng. Remote c\u00f2n h\u1ed7 tr\u1ee3 s\u1ea1c b\u1eb1ng n\u0103ng l\u01b0\u1ee3ng m\u1eb7t tr\u1eddi, b\u1ea3o v\u1ec7 m\u00f4i tr\u01b0\u1eddng, ti\u1ebft ki\u1ec7m chi ph\u00ed.<\/p>\n<p>&#8211; K\u1ebft n\u1ed1i \u0111i\u1ec7n tho\u1ea1i v\u1edbi tivi v\u00e0 g\u1ecdi video online c\u00f9ng \u1ee9ng d\u1ee5ng Google Duo (c\u1ea7n mua th\u00eam camera), nh\u1eefng bu\u1ed5i tr\u00f2 chuy\u1ec7n s\u1ebd cho c\u1ea3m gi\u00e1c ch\u00e2n th\u1ef1c nh\u01b0 khi g\u1eb7p m\u1eb7t tr\u1ef1c ti\u1ebfp.<\/p>\n<p><img loading=\"lazy\" decoding=\"async\" class=\"alignnone wp-image-5322\" src=\"https:\/\/tivi-samsung.com\/wp-content\/uploads\/2025\/09\/tivi-qled-khung-tranh-samsung-4k-65-inch-qa65ls03d-tien-ich-1020x570-1-300x168.jpg\" alt=\"\" width=\"1854\" height=\"1038\" srcset=\"https:\/\/tivi-samsung.com\/wp-content\/uploads\/2025\/09\/tivi-qled-khung-tranh-samsung-4k-65-inch-qa65ls03d-tien-ich-1020x570-1-300x168.jpg 300w, https:\/\/tivi-samsung.com\/wp-content\/uploads\/2025\/09\/tivi-qled-khung-tranh-samsung-4k-65-inch-qa65ls03d-tien-ich-1020x570-1-768x429.jpg 768w, https:\/\/tivi-samsung.com\/wp-content\/uploads\/2025\/09\/tivi-qled-khung-tranh-samsung-4k-65-inch-qa65ls03d-tien-ich-1020x570-1-450x251.jpg 450w, https:\/\/tivi-samsung.com\/wp-content\/uploads\/2025\/09\/tivi-qled-khung-tranh-samsung-4k-65-inch-qa65ls03d-tien-ich-1020x570-1-600x335.jpg 600w, https:\/\/tivi-samsung.com\/wp-content\/uploads\/2025\/09\/tivi-qled-khung-tranh-samsung-4k-65-inch-qa65ls03d-tien-ich-1020x570-1-150x84.jpg 150w, https:\/\/tivi-samsung.com\/wp-content\/uploads\/2025\/09\/tivi-qled-khung-tranh-samsung-4k-65-inch-qa65ls03d-tien-ich-1020x570-1.jpg 1020w\" sizes=\"(max-width: 1854px) 100vw, 1854px\" \/><\/p>\n<p><em>T\u00f3m l\u1ea1i,<strong> Smart Tivi QLED 4K 65 inch Samsung QA65Q60B<\/strong> \u0111ang s\u1edf h\u1eefu r\u1ea5t nhi\u1ec1u \u0111i\u1ec3m m\u1ea1nh t\u1eeb thi\u1ebft k\u1ebf hi\u1ec7n \u0111\u1ea1i, c\u00f4ng ngh\u1ec7 h\u00ecnh \u1ea3nh <strong>Quantum Dot, Quantum HDR, b\u1ed9 x\u1eed l\u00fd Quantum 4K Lite<\/strong>, c\u00f4ng ngh\u1ec7 \u00e2m thanh OTS Lite t\u00e1i t\u1ea1o n\u1ed9i dung ch\u00e2n th\u1eadt v\u1edbi t\u1eebng th\u1ec3 lo\u1ea1i, h\u1ec7 \u0111i\u1ec1u h\u00e0nh th\u00e2n thi\u1ec7n v\u1edbi ng\u01b0\u1eddi d\u00f9ng, chi\u1ebfu m\u00e0n h\u00ecnh, \u0111i\u1ec1u khi\u1ec3n tivi ti\u1ec7n l\u1ee3i, th\u1eadt x\u1ee9ng \u0111\u00e1ng \u0111\u1ec3 hi\u1ec7n di\u1ec7n trong ng\u00f4i nh\u00e0 c\u1ee7a b\u1ea1n.<\/em><\/p>\n<p>&nbsp;<\/p>\n<p><script src=\"chrome-extension:\/\/fpelahbljekknahkcaegamhcndkfpfnc\/iFrame.js\" type=\"text\/javascript\"><\/script><\/p>\n","protected":false},"excerpt":{"rendered":"<p>&nbsp;<\/p>\n<p><script src=\"chrome-extension:\/\/fpelahbljekknahkcaegamhcndkfpfnc\/iFrame.js\" type=\"text\/javascript\"><\/script><\/p>\n<p><script src=\"chrome-extension:\/\/fpelahbljekknahkcaegamhcndkfpfnc\/iFrame.js\" type=\"text\/javascript\"><\/script><\/p>\n<p><script src=\"chrome-extension:\/\/fpelahbljekknahkcaegamhcndkfpfnc\/iFrame.js\" type=\"text\/javascript\"><\/script><\/p>\n<p><script src=\"chrome-extension:\/\/fpelahbljekknahkcaegamhcndkfpfnc\/iFrame.js\" type=\"text\/javascript\"><\/script><\/p>\n","protected":false},"featured_media":4748,"comment_status":"open","ping_status":"closed","template":"","meta":[],"product_brand":[88],"product_cat":[94,159,68,76],"product_tag":[],"class_list":{"0":"post-4168","1":"product","2":"type-product","3":"status-publish","4":"has-post-thumbnail","6":"product_brand-samsung","7":"product_cat-qled-tv","8":"product_cat-samsung-q60b-2022","9":"product_cat-smart-tv","10":"product_cat-televisions","11":"pa_kich-co-man-hinh-65-inch","13":"first","14":"instock","15":"sale","16":"shipping-taxable","17":"purchasable","18":"product-type-simple"},"_links":{"self":[{"href":"https:\/\/tivi-samsung.com\/index.php?rest_route=\/wp\/v2\/product\/4168","targetHints":{"allow":["GET"]}}],"collection":[{"href":"https:\/\/tivi-samsung.com\/index.php?rest_route=\/wp\/v2\/product"}],"about":[{"href":"https:\/\/tivi-samsung.com\/index.php?rest_route=\/wp\/v2\/types\/product"}],"replies":[{"embeddable":true,"href":"https:\/\/tivi-samsung.com\/index.php?rest_route=%2Fwp%2Fv2%2Fcomments&post=4168"}],"version-history":[{"count":12,"href":"https:\/\/tivi-samsung.com\/index.php?rest_route=\/wp\/v2\/product\/4168\/revisions"}],"predecessor-version":[{"id":8470,"href":"https:\/\/tivi-samsung.com\/index.php?rest_route=\/wp\/v2\/product\/4168\/revisions\/8470"}],"wp:featuredmedia":[{"embeddable":true,"href":"https:\/\/tivi-samsung.com\/index.php?rest_route=\/wp\/v2\/media\/4748"}],"wp:attachment":[{"href":"https:\/\/tivi-samsung.com\/index.php?rest_route=%2Fwp%2Fv2%2Fmedia&parent=4168"}],"wp:term":[{"taxonomy":"product_brand","embeddable":true,"href":"https:\/\/tivi-samsung.com\/index.php?rest_route=%2Fwp%2Fv2%2Fproduct_brand&post=4168"},{"taxonomy":"product_cat","embeddable":true,"href":"https:\/\/tivi-samsung.com\/index.php?rest_route=%2Fwp%2Fv2%2Fproduct_cat&post=4168"},{"taxonomy":"product_tag","embeddable":true,"href":"https:\/\/tivi-samsung.com\/index.php?rest_route=%2Fwp%2Fv2%2Fproduct_tag&post=4168"}],"curies":[{"name":"wp","href":"https:\/\/api.w.org\/{rel}","templated":true}]}}