{"id":4162,"date":"2025-09-16T14:46:28","date_gmt":"2025-09-16T14:46:28","guid":{"rendered":"https:\/\/tivi-samsung.com\/?post_type=product&#038;p=4162"},"modified":"2025-10-15T00:55:19","modified_gmt":"2025-10-14T17:55:19","slug":"smart-tivi-qled-samsung-ai-4k-65-inch-qa65q8f5","status":"publish","type":"product","link":"https:\/\/tivi-samsung.com\/?product=smart-tivi-qled-samsung-ai-4k-65-inch-qa65q8f5","title":{"rendered":"Smart Tivi QLED Samsung AI 4K 65 inch QA65Q8F5"},"content":{"rendered":"<p><strong>\u0110\u1eb7c \u0111i\u1ec3m n\u1ed5i b\u1eadt<\/strong><\/p>\n<p><a href=\"https:\/\/tokoo.vn\/danh-muc\/samsung-tvs\/\" target=\"_blank\" rel=\"noopener\"><strong>Smart Tivi QLED Samsung AI 4K 65 inch QA65Q8F5<\/strong><\/a><\/p>\n<p>M\u00e0n h\u00ecnh <strong>65 inch<\/strong> c\u00f9ng \u0111\u1ed9 ph\u00e2n gi\u1ea3i <strong>4K<\/strong> hi\u1ec3n th\u1ecb h\u00ecnh \u1ea3nh s\u1eafc n\u00e9t.<\/p>\n<p>B\u1ed9 x\u1eed l\u00fd <strong>Q4 AI Processor<\/strong> n\u00e2ng c\u1ea5p h\u00ecnh \u1ea3nh g\u1ea7n chu\u1ea9n 4K.<\/p>\n<p>C\u00f4ng ngh\u1ec7 \u0111i\u1ec1u ch\u1ec9nh s\u00e1ng t\u1ed1i <strong>Supreme UHD Dimming<\/strong> t\u0103ng \u0111\u1ed9 chi ti\u1ebft t\u1eebng v\u00f9ng \u1ea3nh.<\/p>\n<p><strong>Color Booster Pro<\/strong> c\u1ea3i thi\u1ec7n d\u1ea3i m\u00e0u, cho h\u00ecnh \u1ea3nh th\u00eam h\u00e0i h\u00f2a v\u00e0 s\u1ed1ng \u0111\u1ed9ng h\u01a1n.<\/p>\n<p>Tr\u1ee3 l\u00fd \u1ea3o<strong> Bixby<\/strong> h\u1ed7 tr\u1ee3 ti\u1ebfng Vi\u1ec7t gi\u00fap t\u00ecm ki\u1ebfm n\u1ed9i dung thu\u1eadn ti\u1ec7n b\u1eb1ng gi\u1ecdng n\u00f3i.<\/p>\n<p>C\u00f4ng ngh\u1ec7 \u00e2m thanh <strong>OTS Lite<\/strong> \u0111\u1ed3ng b\u1ed9 \u00e2m thanh theo chuy\u1ec3n \u0111\u1ed9ng, t\u0103ng tr\u1ea3i nghi\u1ec7m xem th\u1ef1c t\u1ebf h\u01a1n.<\/p>\n<p>H\u1ec7 \u0111i\u1ec1u h\u00e0nh <strong>Tizen c<\/strong>\u00f9ng kho \u1ee9ng d\u1ee5ng gi\u1ea3i tr\u00ed phong ph\u00fa.<\/p>\n<p><script src=\"chrome-extension:\/\/fpelahbljekknahkcaegamhcndkfpfnc\/iFrame.js\" type=\"text\/javascript\"><\/script><\/p>\n","protected":false},"excerpt":{"rendered":"<p>&nbsp;<\/p>\n<p><script src=\"chrome-extension:\/\/fpelahbljekknahkcaegamhcndkfpfnc\/iFrame.js\" type=\"text\/javascript\"><\/script><\/p>\n<p><script src=\"chrome-extension:\/\/fpelahbljekknahkcaegamhcndkfpfnc\/iFrame.js\" type=\"text\/javascript\"><\/script><\/p>\n<p><script src=\"chrome-extension:\/\/fpelahbljekknahkcaegamhcndkfpfnc\/iFrame.js\" type=\"text\/javascript\"><\/script><\/p>\n<p><script src=\"chrome-extension:\/\/fpelahbljekknahkcaegamhcndkfpfnc\/iFrame.js\" type=\"text\/javascript\"><\/script><\/p>\n<p><script src=\"chrome-extension:\/\/fpelahbljekknahkcaegamhcndkfpfnc\/iFrame.js\" type=\"text\/javascript\"><\/script><\/p>\n<p><script src=\"chrome-extension:\/\/fpelahbljekknahkcaegamhcndkfpfnc\/iFrame.js\" type=\"text\/javascript\"><\/script><\/p>\n","protected":false},"featured_media":4757,"comment_status":"open","ping_status":"closed","template":"","meta":[],"product_brand":[88],"product_cat":[94,152,68,76],"product_tag":[],"class_list":{"0":"post-4162","1":"product","2":"type-product","3":"status-publish","4":"has-post-thumbnail","6":"product_brand-samsung","7":"product_cat-qled-tv","8":"product_cat-samsung-q8f5-2025","9":"product_cat-smart-tv","10":"product_cat-televisions","11":"pa_kich-co-man-hinh-65-inch","13":"first","14":"instock","15":"sale","16":"shipping-taxable","17":"purchasable","18":"product-type-simple"},"_links":{"self":[{"href":"https:\/\/tivi-samsung.com\/index.php?rest_route=\/wp\/v2\/product\/4162","targetHints":{"allow":["GET"]}}],"collection":[{"href":"https:\/\/tivi-samsung.com\/index.php?rest_route=\/wp\/v2\/product"}],"about":[{"href":"https:\/\/tivi-samsung.com\/index.php?rest_route=\/wp\/v2\/types\/product"}],"replies":[{"embeddable":true,"href":"https:\/\/tivi-samsung.com\/index.php?rest_route=%2Fwp%2Fv2%2Fcomments&post=4162"}],"version-history":[{"count":8,"href":"https:\/\/tivi-samsung.com\/index.php?rest_route=\/wp\/v2\/product\/4162\/revisions"}],"predecessor-version":[{"id":8472,"href":"https:\/\/tivi-samsung.com\/index.php?rest_route=\/wp\/v2\/product\/4162\/revisions\/8472"}],"wp:featuredmedia":[{"embeddable":true,"href":"https:\/\/tivi-samsung.com\/index.php?rest_route=\/wp\/v2\/media\/4757"}],"wp:attachment":[{"href":"https:\/\/tivi-samsung.com\/index.php?rest_route=%2Fwp%2Fv2%2Fmedia&parent=4162"}],"wp:term":[{"taxonomy":"product_brand","embeddable":true,"href":"https:\/\/tivi-samsung.com\/index.php?rest_route=%2Fwp%2Fv2%2Fproduct_brand&post=4162"},{"taxonomy":"product_cat","embeddable":true,"href":"https:\/\/tivi-samsung.com\/index.php?rest_route=%2Fwp%2Fv2%2Fproduct_cat&post=4162"},{"taxonomy":"product_tag","embeddable":true,"href":"https:\/\/tivi-samsung.com\/index.php?rest_route=%2Fwp%2Fv2%2Fproduct_tag&post=4162"}],"curies":[{"name":"wp","href":"https:\/\/api.w.org\/{rel}","templated":true}]}}