{"id":4153,"date":"2025-09-16T14:32:44","date_gmt":"2025-09-16T14:32:44","guid":{"rendered":"https:\/\/tivi-samsung.com\/?post_type=product&#038;p=4153"},"modified":"2025-10-15T00:57:00","modified_gmt":"2025-10-14T17:57:00","slug":"smart-tivi-crystal-uhd-samsung-4k-65-inch-ua65cu8000","status":"publish","type":"product","link":"https:\/\/tivi-samsung.com\/?product=smart-tivi-crystal-uhd-samsung-4k-65-inch-ua65cu8000","title":{"rendered":"Smart Tivi Crystal UHD Samsung 4K\u00a065 inch  UA65CU8000"},"content":{"rendered":"<p><strong>Th\u00f4ng tin s\u1ea3n ph\u1ea9m<\/strong><\/p>\n<p><a href=\"https:\/\/tokoo.vn\/danh-muc\/samsung-tvs\/\" target=\"_blank\" rel=\"noopener\"><strong>Smart Tivi Samsung 4K 65 inch UA65CU8000<\/strong><\/a> s\u1edf h\u1eefu thi\u1ebft k\u1ebf trang nh\u00e3, tinh gi\u1ea3n nh\u01b0ng sang \u0111\u1eb9p, m\u00e0n h\u00ecnh <strong>UHD 4K<\/strong> c\u00f9ng t\u1ea5m n\u1ec1n <strong>VA LCD<\/strong> cho h\u00ecnh \u1ea3nh s\u1eafc n\u00e9t, s\u1ed1ng \u0111\u1ed9ng v\u1edbi c\u00f4ng ngh\u1ec7 <strong>Dynamic Crystal Color<\/strong>, b\u1ed9 x\u1eed l\u00fd<strong> Crystal 4K<\/strong> h\u1ed7 tr\u1ee3 c\u1ea3i thi\u1ec7n m\u00e0u s\u1eafc hi\u1ec3n th\u1ecb k\u1ebft h\u1ee3p v\u1edbi t\u00ednh n\u0103ng ch\u1ed1ng nhi\u1ec5u, t\u00e1i t\u1ea1o h\u00ecnh \u1ea3nh v\u01b0\u1ee3t tr\u1ed9i.<\/p>\n<p>&nbsp;<\/p>\n<p><strong>T\u1ed5ng quan thi\u1ebft k\u1ebf<\/strong><\/p>\n<p>&#8211; <strong>Samsung UA65CU8000<\/strong> c\u00f3 thi\u1ebft k\u1ebf tinh gi\u1ea3n, m\u00e0n h\u00ecnh LED vi\u1ec1n<strong> (Edge LED)<\/strong> g\u00f3p ph\u1ea7n t\u00f4 \u0111i\u1ec3m cho kh\u00f4ng gian s\u1ed1ng th\u00eam sang tr\u1ecdng, \u0111\u1eb3ng c\u1ea5p.<\/p>\n<p>&#8211; Tivi s\u1ebd l\u00e0 l\u1ef1a ch\u1ecdn ph\u00f9 h\u1ee3p \u0111\u1ec3 trang tr\u00ed cho nh\u1eefng kh\u00f4ng gian c\u00f3 di\u1ec7n t\u00edch r\u1ed9ng nh\u01b0 ph\u00f2ng kh\u00e1ch, ph\u00f2ng h\u1ecdp,&#8230; v\u1edbi k\u00edch th\u01b0\u1edbc m\u00e0n h\u00ecnh 65 inch.<\/p>\n<p><img fetchpriority=\"high\" decoding=\"async\" class=\"alignnone wp-image-6893\" src=\"https:\/\/tivi-samsung.com\/wp-content\/uploads\/2025\/09\/smart-tivi-samsung-4k-75-inch-ua75cu8000-170323-024135-3-300x168.jpg\" alt=\"\" width=\"984\" height=\"551\" srcset=\"https:\/\/tivi-samsung.com\/wp-content\/uploads\/2025\/09\/smart-tivi-samsung-4k-75-inch-ua75cu8000-170323-024135-3-300x168.jpg 300w, https:\/\/tivi-samsung.com\/wp-content\/uploads\/2025\/09\/smart-tivi-samsung-4k-75-inch-ua75cu8000-170323-024135-3-768x429.jpg 768w, https:\/\/tivi-samsung.com\/wp-content\/uploads\/2025\/09\/smart-tivi-samsung-4k-75-inch-ua75cu8000-170323-024135-3-450x251.jpg 450w, https:\/\/tivi-samsung.com\/wp-content\/uploads\/2025\/09\/smart-tivi-samsung-4k-75-inch-ua75cu8000-170323-024135-3-600x335.jpg 600w, https:\/\/tivi-samsung.com\/wp-content\/uploads\/2025\/09\/smart-tivi-samsung-4k-75-inch-ua75cu8000-170323-024135-3-150x84.jpg 150w, https:\/\/tivi-samsung.com\/wp-content\/uploads\/2025\/09\/smart-tivi-samsung-4k-75-inch-ua75cu8000-170323-024135-3.jpg 1020w\" sizes=\"(max-width: 984px) 100vw, 984px\" \/><\/p>\n<p><strong>C\u00f4ng ngh\u1ec7 h\u00ecnh \u1ea3nh<\/strong><\/p>\n<p>&#8211; \u0110\u1ed9 ph\u00e2n gi\u1ea3i 4K v\u1edbi h\u01a1n 8 tri\u1ec7u \u0111i\u1ec3m \u1ea3nh gi\u00fap t\u00e1i hi\u1ec7n h\u00ecnh \u1ea3nh s\u1eafc n\u00e9t, chi ti\u1ebft.<\/p>\n<p>&#8211; B\u1ed9 x\u1eed l\u00fd <strong>Crystal 4K<\/strong> c\u00f3 kh\u1ea3 n\u0103ng t\u00e1i t\u1ea1o m\u00e0u s\u1eafc ch\u00ednh x\u00e1c, chuy\u1ec3n s\u1eafc th\u00e1i m\u00e0u m\u01b0\u1ee3t m\u00e0, tinh t\u1ebf gi\u00fap h\u00ecnh \u1ea3nh c\u00f3 ch\u1ea5t l\u01b0\u1ee3ng cao, m\u00e0u s\u1eafc n\u1ed5i b\u1eadt, hi\u1ec3n th\u1ecb r\u00f5 r\u00e0ng.<\/p>\n<p>&#8211; C\u00f4ng ngh\u1ec7 ki\u1ec3m so\u00e1t \u0111\u00e8n n\u1ec1n<strong> UHD Dimming<\/strong> hi\u1ec3n th\u1ecb m\u00e0u \u0111en s\u00e2u h\u01a1n, m\u00e0u tr\u1eafng t\u01b0\u01a1i s\u00e1ng h\u01a1n.<\/p>\n<p>&#8211; C\u00f4ng ngh\u1ec7 <strong>Motion Xcelerator<\/strong> b\u1ed5 sung th\u00eam khung h\u00ecnh v\u00e0o n\u1ed9i dung g\u1ed1c, n\u00e2ng cao \u0111\u1ed9 s\u1eafc n\u00e9t c\u1ee7a chuy\u1ec3n \u0111\u1ed9ng, ch\u01a1i game m\u01b0\u1ee3t m\u00e0 h\u01a1n.<\/p>\n<p>&#8211; C\u00f4ng ngh\u1ec7 <strong>Contrast Enhancer<\/strong> t\u0103ng c\u01b0\u1eddng t\u1ed1i \u0111a \u0111\u1ed9 t\u01b0\u01a1ng ph\u1ea3n cho h\u00ecnh \u1ea3nh.<\/p>\n<p>&#8211; <strong>Ch\u1ebf \u0111\u1ed9 Auto Low Latency Mode (ALLM)<\/strong> gi\u1ea3m \u0111\u1ed9 tr\u1ec5 khi ch\u01a1i game, gi\u00fap c\u00e1c hi\u1ec7u \u1ee9ng ph\u1ea3n h\u1ed3i t\u1ee9c th\u00ec l\u00ean tr\u00ean m\u00e0n h\u00ecnh.<\/p>\n<p><img decoding=\"async\" class=\"alignnone wp-image-5463\" src=\"https:\/\/tivi-samsung.com\/wp-content\/uploads\/2025\/09\/smart-samsung-4k-85-inch-ua85bu8000-140322-064210-300x168.jpg\" alt=\"\" width=\"1746\" height=\"978\" srcset=\"https:\/\/tivi-samsung.com\/wp-content\/uploads\/2025\/09\/smart-samsung-4k-85-inch-ua85bu8000-140322-064210-300x168.jpg 300w, https:\/\/tivi-samsung.com\/wp-content\/uploads\/2025\/09\/smart-samsung-4k-85-inch-ua85bu8000-140322-064210-768x429.jpg 768w, https:\/\/tivi-samsung.com\/wp-content\/uploads\/2025\/09\/smart-samsung-4k-85-inch-ua85bu8000-140322-064210-450x251.jpg 450w, https:\/\/tivi-samsung.com\/wp-content\/uploads\/2025\/09\/smart-samsung-4k-85-inch-ua85bu8000-140322-064210-600x335.jpg 600w, https:\/\/tivi-samsung.com\/wp-content\/uploads\/2025\/09\/smart-samsung-4k-85-inch-ua85bu8000-140322-064210-150x84.jpg 150w, https:\/\/tivi-samsung.com\/wp-content\/uploads\/2025\/09\/smart-samsung-4k-85-inch-ua85bu8000-140322-064210.jpg 1020w\" sizes=\"(max-width: 1746px) 100vw, 1746px\" \/><\/p>\n<p><strong>C\u00f4ng ngh\u1ec7 \u00e2m thanh<\/strong><\/p>\n<p>&#8211; T\u1ed5ng c\u00f4ng su\u1ea5t loa tr\u00ean tivi Samsung n\u00e0y l\u00e0 20W cho ch\u1ea5t \u00e2m m\u1ea1nh m\u1ebd, trung th\u1ef1c.<\/p>\n<p>&#8211; C\u00f4ng ngh\u1ec7 OTS Lite mang \u0111\u1ebfn tr\u1ea3i nghi\u1ec7m \u00e2m thanh chuy\u1ec3n \u0111\u1ed9ng theo h\u00ecnh \u1ea3nh m\u01b0\u1ee3t m\u00e0.<\/p>\n<p>&#8211; C\u00f4ng ngh\u1ec7 <strong>Adaptive Sound<\/strong> gi\u00fap ph\u00e2n t\u00edch \u0111i\u1ec1u ch\u1ec9nh \u00e2m thanh ph\u00f9 h\u1ee3p v\u1edbi n\u1ed9i dung \u0111ang ph\u00e1t, \u0111em \u0111\u1ebfn tr\u1ea3i nghi\u1ec7m kh\u00f4ng gian nghe nh\u00ecn s\u1ed1ng \u0111\u1ed9ng v\u00e0 \u0111\u1ea7y \u1ea5n t\u01b0\u1ee3ng.<\/p>\n<p>&#8211; C\u00f4ng ngh\u1ec7 <strong>Q-Symphony<\/strong> cho ph\u00e9p loa tivi k\u1ebft h\u1ee3p v\u1edbi loa ngo\u00e0i v\u00e0 loa thanh, t\u1eeb \u0111\u00f3 t\u00e1i t\u1ea1o kh\u00f4ng gian \u00e2m thanh sinh \u0111\u1ed9ng nh\u01b0 \u0111ang ng\u1ed3i trong r\u1ea1p chi\u1ebfu phim.<\/p>\n<p>&nbsp;<\/p>\n<p><strong>H\u1ec7 \u0111i\u1ec1u h\u00e0nh<\/strong><\/p>\n<p>Thi\u1ebft l\u1eadp h\u1ec7 \u0111i\u1ec1u h\u00e0nh <strong>Tizen\u2122<\/strong> v\u1edbi giao di\u1ec7n tr\u1ef1c quan, th\u00e2n thi\u1ec7n v\u1edbi ng\u01b0\u1eddi d\u00f9ng c\u00f9ng kho \u1ee9ng d\u1ee5ng phong ph\u00fa gi\u00fap ng\u01b0\u1eddi d\u00f9ng th\u1ecfa th\u00edch gi\u1ea3i tr\u00ed.<\/p>\n<p><img decoding=\"async\" class=\"alignnone wp-image-5422\" src=\"https:\/\/tivi-samsung.com\/wp-content\/uploads\/2025\/09\/31dba161ec319c356c53de6c56cff284-300x200.jpg\" alt=\"\" width=\"1746\" height=\"1164\" srcset=\"https:\/\/tivi-samsung.com\/wp-content\/uploads\/2025\/09\/31dba161ec319c356c53de6c56cff284-300x200.jpg 300w, https:\/\/tivi-samsung.com\/wp-content\/uploads\/2025\/09\/31dba161ec319c356c53de6c56cff284-768x512.jpg 768w, https:\/\/tivi-samsung.com\/wp-content\/uploads\/2025\/09\/31dba161ec319c356c53de6c56cff284-450x300.jpg 450w, https:\/\/tivi-samsung.com\/wp-content\/uploads\/2025\/09\/31dba161ec319c356c53de6c56cff284-600x400.jpg 600w, https:\/\/tivi-samsung.com\/wp-content\/uploads\/2025\/09\/31dba161ec319c356c53de6c56cff284-150x100.jpg 150w, https:\/\/tivi-samsung.com\/wp-content\/uploads\/2025\/09\/31dba161ec319c356c53de6c56cff284.jpg 1020w\" sizes=\"(max-width: 1746px) 100vw, 1746px\" \/><\/p>\n<p><strong>Ti\u1ec7n \u00edch<\/strong><\/p>\n<p>&#8211; \u0110i\u1ec1u khi\u1ec3n, t\u00ecm ki\u1ebfm b\u1eb1ng gi\u1ecdng n\u00f3i c\u00f3 ti\u1ebfng Vi\u1ec7t tr\u00ean <strong>YouTube,<\/strong> tr\u1ee3 l\u00fd \u1ea3o<strong> Bixby<\/strong>.<\/p>\n<p>&#8211; Trang b\u1ecb <strong>One Remote<\/strong> th\u00f4ng minh h\u1ed7 tr\u1ee3 s\u1ea1c b\u1eb1ng \u00e1nh s\u00e1ng, v\u1eeba ti\u1ebft ki\u1ec7m chi ph\u00ed v\u1eeba b\u1ea3o v\u1ec7 m\u00f4i tr\u01b0\u1eddng. B\u00ean c\u1ea1nh \u0111\u00f3, ng\u01b0\u1eddi d\u00f9ng c\u00f2n c\u00f3 th\u1ec3 \u0111i\u1ec1u khi\u1ec3n tivi b\u1eb1ng \u0111i\u1ec7n tho\u1ea1i qua \u1ee9ng d\u1ee5ng SmartThings.<\/p>\n<p>&#8211; Chi\u1ebfu video, h\u00ecnh \u1ea3nh t\u1eeb \u0111i\u1ec7n tho\u1ea1i l\u00ean tivi th\u00f4ng qua t\u00ednh n\u0103ng AirPlay 2, Screen Mirroring ho\u1eb7c Tap View.<\/p>\n<p>&#8211; Ch\u1ebf \u0111\u1ed9 m\u00e1y t\u00ednh PC tr\u00ean tivi bi\u1ebfn tivi th\u00e0nh thi\u1ebft b\u1ecb l\u00e0m vi\u1ec7c, tivi tr\u1edf th\u00e0nh m\u00e0n h\u00ecnh k\u00e9p kh\u00f4ng d\u00e2y c\u1ee7a MAC th\u00f4ng qua <strong>AirPlay 2<\/strong> ho\u1eb7c <strong>PC Windows<\/strong> th\u00f4ng qua<strong> Wifi Direct.<\/strong><\/p>\n<p>&#8211;<strong> SmartThings<\/strong> t\u00edch h\u1ee3p IoT Hub: Qu\u1ea3n l\u00fd ng\u00f4i nh\u00e0 th\u00f4ng minh, k\u1ebft n\u1ed1i nhanh ch\u00f3ng \u0111a thi\u1ebft b\u1ecb nh\u1edd t\u00edch h\u1ee3p IoT Hub v\u00e0 ch\u1ebf \u0111\u1ed9 hi\u1ec3n th\u1ecb b\u1ea3n \u0111\u1ed3 3D k\u1ebft n\u1ed1i c\u00e1c thi\u1ebft b\u1ecb.<\/p>\n<p>+ N\u00e2ng cao tr\u1ea3i nghi\u1ec7m xem tr\u00ean tivi d\u01b0\u1edbi d\u1ea1ng r\u1ea1p chi\u1ebfu phim v\u1edbi <strong>Media home.<\/strong><\/p>\n<p>+ Built-in IoT Hub gi\u00fap k\u1ebft n\u1ed1i d\u1ec5 d\u00e0ng v\u1edbi c\u00e1c thi\u1ebft b\u1ecb Zigbee, Thread, Matter m\u00e0 kh\u00f4ng c\u1ea7n Dongle.<\/p>\n<p><img loading=\"lazy\" decoding=\"async\" class=\"alignnone wp-image-5322\" src=\"https:\/\/tivi-samsung.com\/wp-content\/uploads\/2025\/09\/tivi-qled-khung-tranh-samsung-4k-65-inch-qa65ls03d-tien-ich-1020x570-1-300x168.jpg\" alt=\"\" width=\"1746\" height=\"978\" srcset=\"https:\/\/tivi-samsung.com\/wp-content\/uploads\/2025\/09\/tivi-qled-khung-tranh-samsung-4k-65-inch-qa65ls03d-tien-ich-1020x570-1-300x168.jpg 300w, https:\/\/tivi-samsung.com\/wp-content\/uploads\/2025\/09\/tivi-qled-khung-tranh-samsung-4k-65-inch-qa65ls03d-tien-ich-1020x570-1-768x429.jpg 768w, https:\/\/tivi-samsung.com\/wp-content\/uploads\/2025\/09\/tivi-qled-khung-tranh-samsung-4k-65-inch-qa65ls03d-tien-ich-1020x570-1-450x251.jpg 450w, https:\/\/tivi-samsung.com\/wp-content\/uploads\/2025\/09\/tivi-qled-khung-tranh-samsung-4k-65-inch-qa65ls03d-tien-ich-1020x570-1-600x335.jpg 600w, https:\/\/tivi-samsung.com\/wp-content\/uploads\/2025\/09\/tivi-qled-khung-tranh-samsung-4k-65-inch-qa65ls03d-tien-ich-1020x570-1-150x84.jpg 150w, https:\/\/tivi-samsung.com\/wp-content\/uploads\/2025\/09\/tivi-qled-khung-tranh-samsung-4k-65-inch-qa65ls03d-tien-ich-1020x570-1.jpg 1020w\" sizes=\"(max-width: 1746px) 100vw, 1746px\" \/><\/p>\n<p><em>V\u1edbi th\u00e0nh c\u00f4ng t\u1eeb s\u1ea3n ph\u1ea9m <strong>Smart Tivi Samsung 4K Crystal UHD 65 inch UA65BU8000<\/strong> \u0111\u01b0\u1ee3c ra m\u1eaft n\u0103m 2022, Samsung ra m\u1eaft phi\u00ean b\u1ea3n n\u0103m 2023 <strong>Smart Tivi Samsung 4K 65 inch UA65CU8000<\/strong> mang \u0111\u1ebfn tr\u1ea3i nghi\u1ec7m xem m\u00e3n nh\u00e3n nh\u1edd m\u00e0n h\u00ecnh 65 inch \u0111\u1ed9 ph\u00e2n gi\u1ea3i 4K s\u1eafc n\u00e9t, b\u1ed9 x\u1eed l\u00fd <strong>Crystal 4K<\/strong> c\u1ea3i thi\u1ec7n m\u00e0u s\u1eafc hi\u1ec3n th\u1ecb, h\u1ec7 \u0111i\u1ec1u h\u00e0nh <strong>Tizen\u2122<\/strong> \u0111a nhi\u1ec7m v\u00e0 d\u1ec5 s\u1eed d\u1ee5ng, t\u00ecm ki\u1ebfm nhanh b\u1eb1ng gi\u1ecdng n\u00f3i ti\u1ebfng Vi\u1ec7t ti\u1ec7n l\u1ee3i m\u1ecdi l\u00fac,\u2026 c\u00f9ng nhi\u1ec1u ti\u1ec7n \u00edch th\u00f4ng minh m\u00e0 khi kh\u00e1m ph\u00e1 b\u1ea1n s\u1ebd r\u1ea5t h\u00e0i l\u00f2ng v\u1edbi nh\u1eefng g\u00ec m\u00e0 m\u1eabu Smart Tivi Samsung n\u00e0y mang l\u1ea1i.<\/em><\/p>\n<p>&nbsp;<\/p>\n<p><script src=\"chrome-extension:\/\/fpelahbljekknahkcaegamhcndkfpfnc\/iFrame.js\" type=\"text\/javascript\"><\/script><\/p>\n","protected":false},"excerpt":{"rendered":"<p>&nbsp;<\/p>\n<p><script src=\"chrome-extension:\/\/fpelahbljekknahkcaegamhcndkfpfnc\/iFrame.js\" type=\"text\/javascript\"><\/script><\/p>\n<p><script src=\"chrome-extension:\/\/fpelahbljekknahkcaegamhcndkfpfnc\/iFrame.js\" type=\"text\/javascript\"><\/script><\/p>\n<p><script src=\"chrome-extension:\/\/fpelahbljekknahkcaegamhcndkfpfnc\/iFrame.js\" type=\"text\/javascript\"><\/script><\/p>\n<p><script src=\"chrome-extension:\/\/fpelahbljekknahkcaegamhcndkfpfnc\/iFrame.js\" type=\"text\/javascript\"><\/script><\/p>\n<p><script src=\"chrome-extension:\/\/fpelahbljekknahkcaegamhcndkfpfnc\/iFrame.js\" type=\"text\/javascript\"><\/script><\/p>\n<p><script src=\"chrome-extension:\/\/fpelahbljekknahkcaegamhcndkfpfnc\/iFrame.js\" type=\"text\/javascript\"><\/script><\/p>\n<p><script src=\"chrome-extension:\/\/fpelahbljekknahkcaegamhcndkfpfnc\/iFrame.js\" type=\"text\/javascript\"><\/script><\/p>\n<p><script src=\"chrome-extension:\/\/fpelahbljekknahkcaegamhcndkfpfnc\/iFrame.js\" type=\"text\/javascript\"><\/script><\/p>\n<p><script src=\"chrome-extension:\/\/fpelahbljekknahkcaegamhcndkfpfnc\/iFrame.js\" type=\"text\/javascript\"><\/script><\/p>\n<p><script src=\"chrome-extension:\/\/fpelahbljekknahkcaegamhcndkfpfnc\/iFrame.js\" type=\"text\/javascript\"><\/script><\/p>\n","protected":false},"featured_media":6906,"comment_status":"open","ping_status":"closed","template":"","meta":[],"product_brand":[88],"product_cat":[150,68,138],"product_tag":[],"class_list":{"0":"post-4153","1":"product","2":"type-product","3":"status-publish","4":"has-post-thumbnail","6":"product_brand-samsung","7":"product_cat-samsung-cu8000-2023","8":"product_cat-smart-tv","9":"product_cat-tv-crystal-uhd","10":"pa_kich-co-man-hinh-65-inch","12":"first","13":"instock","14":"sale","15":"shipping-taxable","16":"purchasable","17":"product-type-simple"},"_links":{"self":[{"href":"https:\/\/tivi-samsung.com\/index.php?rest_route=\/wp\/v2\/product\/4153","targetHints":{"allow":["GET"]}}],"collection":[{"href":"https:\/\/tivi-samsung.com\/index.php?rest_route=\/wp\/v2\/product"}],"about":[{"href":"https:\/\/tivi-samsung.com\/index.php?rest_route=\/wp\/v2\/types\/product"}],"replies":[{"embeddable":true,"href":"https:\/\/tivi-samsung.com\/index.php?rest_route=%2Fwp%2Fv2%2Fcomments&post=4153"}],"version-history":[{"count":12,"href":"https:\/\/tivi-samsung.com\/index.php?rest_route=\/wp\/v2\/product\/4153\/revisions"}],"predecessor-version":[{"id":8474,"href":"https:\/\/tivi-samsung.com\/index.php?rest_route=\/wp\/v2\/product\/4153\/revisions\/8474"}],"wp:featuredmedia":[{"embeddable":true,"href":"https:\/\/tivi-samsung.com\/index.php?rest_route=\/wp\/v2\/media\/6906"}],"wp:attachment":[{"href":"https:\/\/tivi-samsung.com\/index.php?rest_route=%2Fwp%2Fv2%2Fmedia&parent=4153"}],"wp:term":[{"taxonomy":"product_brand","embeddable":true,"href":"https:\/\/tivi-samsung.com\/index.php?rest_route=%2Fwp%2Fv2%2Fproduct_brand&post=4153"},{"taxonomy":"product_cat","embeddable":true,"href":"https:\/\/tivi-samsung.com\/index.php?rest_route=%2Fwp%2Fv2%2Fproduct_cat&post=4153"},{"taxonomy":"product_tag","embeddable":true,"href":"https:\/\/tivi-samsung.com\/index.php?rest_route=%2Fwp%2Fv2%2Fproduct_tag&post=4153"}],"curies":[{"name":"wp","href":"https:\/\/api.w.org\/{rel}","templated":true}]}}