{"id":4150,"date":"2025-09-16T14:29:12","date_gmt":"2025-09-16T14:29:12","guid":{"rendered":"https:\/\/tivi-samsung.com\/?post_type=product&#038;p=4150"},"modified":"2025-10-15T00:59:05","modified_gmt":"2025-10-14T17:59:05","slug":"smart-tivi-crystal-uhd-samsung-4k-65-inch-ua65du8000","status":"publish","type":"product","link":"https:\/\/tivi-samsung.com\/?product=smart-tivi-crystal-uhd-samsung-4k-65-inch-ua65du8000","title":{"rendered":"Smart Tivi Crystal UHD Samsung 4K 65 inch\u00a0 UA65DU8000"},"content":{"rendered":"<p><strong>Th\u00f4ng tin s\u1ea3n ph\u1ea9m<\/strong><\/p>\n<p><a href=\"https:\/\/tokoo.vn\/danh-muc\/samsung-tvs\/\" target=\"_blank\" rel=\"noopener\"><strong>Smart Tivi Samsung 4K 65 inch UA65DU8000<\/strong><\/a> th\u1ec3 hi\u1ec7n c\u00e1c n\u1ed9i dung 4K r\u1ef1c r\u1ee1 v\u1edbi b\u1ed9 x\u1eed l\u00fd <strong>Crystal 4K<\/strong>, t\u00edch h\u1ee3p c\u00f4ng ngh\u1ec7<strong> Dynamic Crystal Color<\/strong> v\u1edbi 1 t\u1ef7 s\u1eafc m\u00e0u t\u1ea1o n\u00ean m\u00e0u s\u1eafc khung h\u00ecnh s\u1ed1ng \u0111\u1ed9ng, mang \u0111\u1ebfn tr\u1ea3i nghi\u1ec7m \u00e2m thanh theo d\u1ea5u chuy\u1ec3n \u0111\u1ed9ng <strong>OTS Lite<\/strong> ch\u00e2n th\u1ef1c, qu\u1ea3n l\u00fd ng\u00f4i nh\u00e0 th\u00f4ng minh ti\u1ec7n l\u1ee3i c\u00f9ng <strong>SmartThings.<\/strong><\/p>\n<p><strong>T\u1ed5ng quan thi\u1ebft k\u1ebf<\/strong><\/p>\n<p>&#8211; <strong>Samsung 4K 65 inch UA65DU8000<\/strong> c\u00f3 d\u00e1ng v\u1ebb thanh m\u1ea3nh, thi\u1ebft k\u1ebf 3 c\u1ea1nh kh\u00f4ng vi\u1ec1n cho c\u1ea3m gi\u00e1c n\u1ed9i dung hi\u1ec3n th\u1ecb tr\u00e0n ng\u1eadp m\u00e0n h\u00ecnh, xem tivi m\u00e3n nh\u00e3n h\u01a1n.<\/p>\n<p>&#8211; M\u00e0n h\u00ecnh 65 inch ph\u00f9 h\u1ee3p \u0111\u1ec3 \u0111\u1eb7t trong nh\u1eefng c\u0103n ph\u00f2ng c\u00f3 di\u1ec7n t\u00edch v\u1eeba v\u00e0 r\u1ed9ng.<\/p>\n<p>&#8211; Ch\u00e2n \u0111\u1ebf nh\u1ef1a thi\u1ebft k\u1ebf h\u00ecnh ch\u1eef T l\u1eafp \u0111\u1eb7t \u1edf 2 b\u00ean c\u1ea1nh d\u01b0\u1edbi c\u1ee7a tivi gi\u00fap \u0111\u1eb7t thi\u1ebft b\u1ecb th\u0103ng b\u1eb1ng tr\u00ean k\u1ec7 t\u1ee7. N\u1ebfu th\u00e1o r\u1eddi ch\u00e2n \u0111\u1ebf ra th\u00ec b\u1ea1n c\u00f3 th\u1ec3 s\u1eafp \u0111\u1eb7t theo ki\u1ec3u g\u1eafn t\u01b0\u1eddng gi\u00fap kh\u00f4ng gian ph\u00f2ng th\u00eam r\u1ed9ng r\u00e3i.<\/p>\n<p><img fetchpriority=\"high\" decoding=\"async\" class=\"alignnone wp-image-6909\" src=\"https:\/\/tivi-samsung.com\/wp-content\/uploads\/2025\/09\/smart-tivi-samsung-4k-65-inch-ua65du8000-1-1020x570-1-300x168.jpg\" alt=\"\" width=\"1004\" height=\"562\" srcset=\"https:\/\/tivi-samsung.com\/wp-content\/uploads\/2025\/09\/smart-tivi-samsung-4k-65-inch-ua65du8000-1-1020x570-1-300x168.jpg 300w, https:\/\/tivi-samsung.com\/wp-content\/uploads\/2025\/09\/smart-tivi-samsung-4k-65-inch-ua65du8000-1-1020x570-1-768x429.jpg 768w, https:\/\/tivi-samsung.com\/wp-content\/uploads\/2025\/09\/smart-tivi-samsung-4k-65-inch-ua65du8000-1-1020x570-1-450x251.jpg 450w, https:\/\/tivi-samsung.com\/wp-content\/uploads\/2025\/09\/smart-tivi-samsung-4k-65-inch-ua65du8000-1-1020x570-1-600x335.jpg 600w, https:\/\/tivi-samsung.com\/wp-content\/uploads\/2025\/09\/smart-tivi-samsung-4k-65-inch-ua65du8000-1-1020x570-1-150x84.jpg 150w, https:\/\/tivi-samsung.com\/wp-content\/uploads\/2025\/09\/smart-tivi-samsung-4k-65-inch-ua65du8000-1-1020x570-1.jpg 1020w\" sizes=\"(max-width: 1004px) 100vw, 1004px\" \/><\/p>\n<p><strong>C\u00f4ng ngh\u1ec7 h\u00ecnh \u1ea3nh<\/strong><\/p>\n<p>&#8211; \u0110\u1ed9 ph\u00e2n gi\u1ea3i 4K hi\u1ec3n th\u1ecb r\u00f5 n\u00e9t v\u1edbi 8 tri\u1ec7u \u0111i\u1ec3m \u1ea3nh.<\/p>\n<p>&#8211; B\u1ed9 x\u1eed l\u00fd Crystal 4K t\u1ef1 \u0111\u1ed9ng tinh ch\u1ec9nh m\u00e0u s\u1eafc, t\u1ed1i \u01b0u \u0111\u1ed9 t\u01b0\u01a1ng ph\u1ea3n, d\u1ea3i m\u00e0u \u0111\u1ed9ng t\u00e1i hi\u1ec7n h\u00ecnh \u1ea3nh v\u1edbi m\u00e0u s\u1eafc nguy\u00ean b\u1ea3n, chi ti\u1ebft r\u00f5 r\u00e0ng.<\/p>\n<p>&#8211; C\u00f4ng ngh\u1ec7 Dynamic Crystal Color cho ng\u01b0\u1eddi xem \u0111\u1eafm ch\u00ecm trong t\u1eebng khung h\u00ecnh v\u1edbi d\u1ea3i m\u00e0u trong tr\u1ebbo b\u1ea5t t\u1eadn c\u00f9ng 1 t\u1ef7 s\u1eafc m\u00e0u thu\u1ea7n khi\u1ebft.<\/p>\n<p>&#8211; Contrast Enhancer c\u1ea3i thi\u1ec7n \u0111\u1ed9 s\u00e2u v\u00e0 m\u00e0u s\u1eafc c\u1ee7a khung h\u00ecnh t\u1ea1o n\u00ean h\u00ecnh \u1ea3nh r\u00f5 r\u00e0ng, sinh \u0111\u1ed9ng h\u01a1n.<\/p>\n<p>&#8211; C\u00f4ng ngh\u1ec7 Motion Xcelerator t\u1ef1 \u0111\u1ed9ng th\u00eam khung h\u00ecnh v\u00e0o n\u1ed9i dung v\u1ed1n c\u00f3 \u0111\u1ec3 h\u00ecnh \u1ea3nh th\u1ec3 hi\u1ec7n m\u01b0\u1ee3t m\u00e0 c\u00f9ng t\u1ed1c \u0111\u1ed9 l\u00e0m t\u01b0\u01a1i 60 Hz.<\/p>\n<p><img decoding=\"async\" class=\"alignnone wp-image-5469\" src=\"https:\/\/tivi-samsung.com\/wp-content\/uploads\/2025\/09\/smart-samsung-4k-85-inch-ua85bu8000-140322-064210-1-300x168.jpg\" alt=\"\" width=\"1882\" height=\"1054\" srcset=\"https:\/\/tivi-samsung.com\/wp-content\/uploads\/2025\/09\/smart-samsung-4k-85-inch-ua85bu8000-140322-064210-1-300x168.jpg 300w, https:\/\/tivi-samsung.com\/wp-content\/uploads\/2025\/09\/smart-samsung-4k-85-inch-ua85bu8000-140322-064210-1-768x429.jpg 768w, https:\/\/tivi-samsung.com\/wp-content\/uploads\/2025\/09\/smart-samsung-4k-85-inch-ua85bu8000-140322-064210-1-450x251.jpg 450w, https:\/\/tivi-samsung.com\/wp-content\/uploads\/2025\/09\/smart-samsung-4k-85-inch-ua85bu8000-140322-064210-1-600x335.jpg 600w, https:\/\/tivi-samsung.com\/wp-content\/uploads\/2025\/09\/smart-samsung-4k-85-inch-ua85bu8000-140322-064210-1-150x84.jpg 150w, https:\/\/tivi-samsung.com\/wp-content\/uploads\/2025\/09\/smart-samsung-4k-85-inch-ua85bu8000-140322-064210-1.jpg 1020w\" sizes=\"(max-width: 1882px) 100vw, 1882px\" \/><\/p>\n<p><strong>C\u00f4ng ngh\u1ec7 \u00e2m thanh<\/strong><\/p>\n<p>&#8211; Tivi Samsung c\u00f3 h\u1ec7 th\u1ed1ng loa 2CH, t\u1ed5ng c\u00f4ng su\u1ea5t 20W.<\/p>\n<p>&#8211; C\u00f4ng ngh\u1ec7 OTS Lite ph\u00e1t hi\u1ec7n chuy\u1ec3n \u0111\u1ed9ng c\u1ee7a v\u1eadt th\u1ec3, \u0111i\u1ec1u ch\u1ec9nh \u00e2m thanh theo chuy\u1ec3n \u0111\u1ed9ng \u0111\u00f3 m\u1ed9t c\u00e1ch t\u1ef1 \u0111\u1ed9ng cho tr\u1ea3i nghi\u1ec7m nghe ch\u00e2n th\u1eadt, cu\u1ed1n h\u00fat.<\/p>\n<p>&#8211; Q-Symphony Next \u0111\u1ed3ng b\u1ed9 ho\u00e0n h\u1ea3o gi\u1eefa loa thanh c\u00f9ng loa tivi t\u1ea1o n\u00ean ch\u1ea5t \u00e2m ho\u00e0n h\u1ea3o, m\u1ea1nh m\u1ebd lan t\u1ecfa kh\u1eafp kh\u00f4ng gian.<\/p>\n<p>&#8211; C\u00f4ng ngh\u1ec7 Adaptive Sound cho b\u1ea1n t\u1eadn h\u01b0\u1edfng \u00e2m thanh ch\u1ea5t l\u01b0\u1ee3ng cao khi t\u1ef1 \u0111\u1ed9ng \u0111i\u1ec1u ch\u1ec9nh ch\u1ea5t \u00e2m theo m\u00f4i tr\u01b0\u1eddng v\u00e0 th\u00e0nh ph\u1ea7n c\u1ee7a \u00e2m thanh.<\/p>\n<p><img decoding=\"async\" class=\"alignnone wp-image-5443\" src=\"https:\/\/tivi-samsung.com\/wp-content\/uploads\/2025\/09\/smart-tivi-neo-qled-8k-85-inch-samsung-qa85qn900c-030323-115212-300x168.jpg\" alt=\"\" width=\"1879\" height=\"1052\" srcset=\"https:\/\/tivi-samsung.com\/wp-content\/uploads\/2025\/09\/smart-tivi-neo-qled-8k-85-inch-samsung-qa85qn900c-030323-115212-300x168.jpg 300w, https:\/\/tivi-samsung.com\/wp-content\/uploads\/2025\/09\/smart-tivi-neo-qled-8k-85-inch-samsung-qa85qn900c-030323-115212-768x429.jpg 768w, https:\/\/tivi-samsung.com\/wp-content\/uploads\/2025\/09\/smart-tivi-neo-qled-8k-85-inch-samsung-qa85qn900c-030323-115212-450x251.jpg 450w, https:\/\/tivi-samsung.com\/wp-content\/uploads\/2025\/09\/smart-tivi-neo-qled-8k-85-inch-samsung-qa85qn900c-030323-115212-600x335.jpg 600w, https:\/\/tivi-samsung.com\/wp-content\/uploads\/2025\/09\/smart-tivi-neo-qled-8k-85-inch-samsung-qa85qn900c-030323-115212-150x84.jpg 150w, https:\/\/tivi-samsung.com\/wp-content\/uploads\/2025\/09\/smart-tivi-neo-qled-8k-85-inch-samsung-qa85qn900c-030323-115212.jpg 1020w\" sizes=\"(max-width: 1879px) 100vw, 1879px\" \/><\/p>\n<p><strong>H\u1ec7 \u0111i\u1ec1u h\u00e0nh<\/strong><\/p>\n<p>&#8211; <strong>Smart tivi<\/strong> \u0111\u01b0\u1ee3c c\u00e0i \u0111\u1eb7t h\u1ec7 \u0111i\u1ec1u h\u00e0nh <strong>Tizen\u2122<\/strong> c\u1ea3i ti\u1ebfn mang \u0111\u1ebfn s\u1ef1 tho\u1ea3i m\u00e1i cho ng\u01b0\u1eddi d\u00f9ng khi d\u1ec5 d\u00e0ng t\u00ecm ki\u1ebfm v\u00e0 truy c\u1eadp v\u00e0o c\u00e1c \u1ee9ng d\u1ee5ng, n\u1ed9i dung m\u00e0 m\u00ecnh quan t\u00e2m. T\u00edch h\u1ee3p kho \u1ee9ng d\u1ee5ng \u0111a d\u1ea1ng \u0111\u1ec3 b\u1ea1n th\u1ecfa s\u1ee9c kh\u00e1m ph\u00e1 \u0111\u1ec3 gi\u1ea3i tr\u00ed, b\u1ed5 sung ki\u1ebfn th\u1ee9c th\u00eam phong ph\u00fa.<\/p>\n<p><img loading=\"lazy\" decoding=\"async\" class=\"alignnone wp-image-5422\" src=\"https:\/\/tivi-samsung.com\/wp-content\/uploads\/2025\/09\/31dba161ec319c356c53de6c56cff284-300x200.jpg\" alt=\"\" width=\"1877\" height=\"1251\" srcset=\"https:\/\/tivi-samsung.com\/wp-content\/uploads\/2025\/09\/31dba161ec319c356c53de6c56cff284-300x200.jpg 300w, https:\/\/tivi-samsung.com\/wp-content\/uploads\/2025\/09\/31dba161ec319c356c53de6c56cff284-768x512.jpg 768w, https:\/\/tivi-samsung.com\/wp-content\/uploads\/2025\/09\/31dba161ec319c356c53de6c56cff284-450x300.jpg 450w, https:\/\/tivi-samsung.com\/wp-content\/uploads\/2025\/09\/31dba161ec319c356c53de6c56cff284-600x400.jpg 600w, https:\/\/tivi-samsung.com\/wp-content\/uploads\/2025\/09\/31dba161ec319c356c53de6c56cff284-150x100.jpg 150w, https:\/\/tivi-samsung.com\/wp-content\/uploads\/2025\/09\/31dba161ec319c356c53de6c56cff284.jpg 1020w\" sizes=\"(max-width: 1877px) 100vw, 1877px\" \/><\/p>\n<p><strong>Ti\u1ec7n \u00edch<\/strong><\/p>\n<p>&#8211; T\u01b0\u01a1ng t\u00e1c b\u1eb1ng gi\u1ecdng n\u00f3i ti\u1ebfng Vi\u1ec7t khi t\u00ecm ki\u1ebfm n\u1ed9i dung tr\u00ean <strong>YouTube<\/strong>, l\u00e0m vi\u1ec7c c\u00f9ng tr\u1ee3 l\u00fd \u1ea3o<strong> Bixby<\/strong> d\u1ec5 d\u00e0ng ngay c\u1ea3 v\u1edbi ng\u01b0\u1eddi l\u1edbn tu\u1ed5i.<\/p>\n<p>&#8211; Chi\u1ebfc <strong>smart tivi Samsung<\/strong> n\u00e0y h\u1ed7 tr\u1ee3 \u0111i\u1ec1u khi\u1ec3n b\u1eb1ng \u0111i\u1ec7n tho\u1ea1i qua <strong>SmartThings<\/strong> v\u00e0 \u1ee9ng d\u1ee5ng n\u00e0y c\u0169ng li\u00ean k\u1ebft \u0111\u01b0\u1ee3c nh\u1eefng thi\u1ebft b\u1ecb t\u01b0\u01a1ng th\u00edch trong nh\u00e0 gi\u00fap b\u1ea1n t\u1eadp trung qu\u1ea3n l\u00fd cho cu\u1ed9c s\u1ed1ng sinh ho\u1ea1t h\u1eb1ng ng\u00e0y c\u1ee7a b\u1ea1n th\u00eam ti\u1ec7n nghi.<\/p>\n<p>&#8211; <strong>One Remote<\/strong> v\u1edbi t\u1ea5m pin m\u1eb7t tr\u1eddi \u1edf ph\u00eda sau \u0111i\u1ec1u khi\u1ec3n t\u1eeb xa, m\u1ed7i l\u1ea7n n\u1ea1p pin, b\u1ea1n ch\u1ec9 c\u1ea7n \u0111\u1eb7t remote d\u01b0\u1edbi \u00e1nh \u0111\u00e8n, \u00e1nh m\u1eb7t tr\u1eddi s\u1ebd \u0111\u01b0\u1ee3c b\u1ed5 sung n\u0103ng l\u01b0\u1ee3ng ti\u1ec7n l\u1ee3i, kh\u00f4ng lo t\u1ed1n chi ph\u00ed thay pin th\u01b0\u1eddng xuy\u00ean.<\/p>\n<p>&#8211; \u0110\u1ec3 chia s\u1ebb \u0111\u01b0\u1ee3c n\u1ed9i dung t\u1eeb \u0111i\u1ec7n tho\u1ea1i l\u00ean tivi m\u00e0 kh\u00f4ng c\u1ea7n d\u00f9ng \u0111\u1ebfn d\u00e2y c\u00e1p v\u01b0\u1edbng v\u00edu, b\u1ea1n c\u00f3 th\u1ec3 s\u1eed d\u1ee5ng t\u00ednh n\u0103ng<strong> AirPlay 2 (iPhone) ho\u1eb7c Tap View,<\/strong> ch\u1ec9 v\u1edbi m\u1ed9t c\u00fa ch\u1ea1m nh\u1eb9 \u0111i\u1ec7n tho\u1ea1i v\u00e0o tivi l\u00e0 b\u1ea3n nh\u1ea1c y\u00eau th\u00edch c\u1ee7a b\u1ea1n s\u1ebd \u0111\u01b0\u1ee3c truy\u1ec1n ph\u00e1t qua tivi t\u1ee9c th\u00ec.<\/p>\n<p>&#8211; Ch\u1ebf \u0111\u1ed9 m\u00e1y t\u00ednh PC tr\u00ean tivi h\u1ed7 tr\u1ee3 ng\u01b0\u1eddi d\u00f9ng l\u00e0m vi\u1ec7c hi\u1ec7u qu\u1ea3 t\u1ea1i nh\u00e0 v\u1edbi tivi khi k\u1ebft n\u1ed1i \u0111\u01b0\u1ee3c thi\u1ebft b\u1ecb n\u00e0y v\u1edbi chu\u1ed9t, b\u00e0n ph\u00edm v\u00e0 m\u00e1y vi t\u00ednh.<\/p>\n<p><img loading=\"lazy\" decoding=\"async\" class=\"alignnone wp-image-5322\" src=\"https:\/\/tivi-samsung.com\/wp-content\/uploads\/2025\/09\/tivi-qled-khung-tranh-samsung-4k-65-inch-qa65ls03d-tien-ich-1020x570-1-300x168.jpg\" alt=\"\" width=\"1879\" height=\"1052\" srcset=\"https:\/\/tivi-samsung.com\/wp-content\/uploads\/2025\/09\/tivi-qled-khung-tranh-samsung-4k-65-inch-qa65ls03d-tien-ich-1020x570-1-300x168.jpg 300w, https:\/\/tivi-samsung.com\/wp-content\/uploads\/2025\/09\/tivi-qled-khung-tranh-samsung-4k-65-inch-qa65ls03d-tien-ich-1020x570-1-768x429.jpg 768w, https:\/\/tivi-samsung.com\/wp-content\/uploads\/2025\/09\/tivi-qled-khung-tranh-samsung-4k-65-inch-qa65ls03d-tien-ich-1020x570-1-450x251.jpg 450w, https:\/\/tivi-samsung.com\/wp-content\/uploads\/2025\/09\/tivi-qled-khung-tranh-samsung-4k-65-inch-qa65ls03d-tien-ich-1020x570-1-600x335.jpg 600w, https:\/\/tivi-samsung.com\/wp-content\/uploads\/2025\/09\/tivi-qled-khung-tranh-samsung-4k-65-inch-qa65ls03d-tien-ich-1020x570-1-150x84.jpg 150w, https:\/\/tivi-samsung.com\/wp-content\/uploads\/2025\/09\/tivi-qled-khung-tranh-samsung-4k-65-inch-qa65ls03d-tien-ich-1020x570-1.jpg 1020w\" sizes=\"(max-width: 1879px) 100vw, 1879px\" \/><\/p>\n<p><em>N\u1ebfu b\u1ea1n \u0111ang t\u00ecm ki\u1ebfm m\u1ed9t chi\u1ebfc tivi 4K thu\u1ed9c ph\u00e2n kh\u00fac t\u1ea7m trung cho tr\u1ea3i nghi\u1ec7m xem s\u1ed1ng \u0111\u1ed9ng, \u00e2m thanh ch\u00e2n th\u1ef1c, h\u1ec7 \u0111i\u1ec1u h\u00e0nh d\u1ec5 s\u1eed d\u1ee5ng, h\u1ed7 tr\u1ee3 t\u00ecm ki\u1ebfm b\u1eb1ng gi\u1ecdng n\u00f3i ti\u1ebfng Vi\u1ec7t th\u00e2n thi\u1ec7n th\u00ec <strong>Smart Tivi Samsung 4K 65 inch UA65DU8000<\/strong> \u0111\u00edch th\u1ef1c l\u00e0 m\u1ed9t l\u1ef1a ch\u1ecdn ho\u00e0n h\u1ea3o cho b\u1ea1n.<\/em><\/p>\n<p>&nbsp;<\/p>\n<p><script src=\"chrome-extension:\/\/fpelahbljekknahkcaegamhcndkfpfnc\/iFrame.js\" type=\"text\/javascript\"><\/script><\/p>\n","protected":false},"excerpt":{"rendered":"<p>&nbsp;<\/p>\n<p><script src=\"chrome-extension:\/\/fpelahbljekknahkcaegamhcndkfpfnc\/iFrame.js\" type=\"text\/javascript\"><\/script><\/p>\n<p><script src=\"chrome-extension:\/\/fpelahbljekknahkcaegamhcndkfpfnc\/iFrame.js\" type=\"text\/javascript\"><\/script><\/p>\n<p><script src=\"chrome-extension:\/\/fpelahbljekknahkcaegamhcndkfpfnc\/iFrame.js\" type=\"text\/javascript\"><\/script><\/p>\n<p><script src=\"chrome-extension:\/\/fpelahbljekknahkcaegamhcndkfpfnc\/iFrame.js\" type=\"text\/javascript\"><\/script><\/p>\n<p><script src=\"chrome-extension:\/\/fpelahbljekknahkcaegamhcndkfpfnc\/iFrame.js\" type=\"text\/javascript\"><\/script><\/p>\n<p><script src=\"chrome-extension:\/\/fpelahbljekknahkcaegamhcndkfpfnc\/iFrame.js\" type=\"text\/javascript\"><\/script><\/p>\n","protected":false},"featured_media":4736,"comment_status":"open","ping_status":"closed","template":"","meta":[],"product_brand":[88],"product_cat":[145,68,76,138],"product_tag":[],"class_list":{"0":"post-4150","1":"product","2":"type-product","3":"status-publish","4":"has-post-thumbnail","6":"product_brand-samsung","7":"product_cat-du8000","8":"product_cat-smart-tv","9":"product_cat-televisions","10":"product_cat-tv-crystal-uhd","11":"pa_kich-co-man-hinh-65-inch","13":"first","14":"instock","15":"sale","16":"shipping-taxable","17":"purchasable","18":"product-type-simple"},"_links":{"self":[{"href":"https:\/\/tivi-samsung.com\/index.php?rest_route=\/wp\/v2\/product\/4150","targetHints":{"allow":["GET"]}}],"collection":[{"href":"https:\/\/tivi-samsung.com\/index.php?rest_route=\/wp\/v2\/product"}],"about":[{"href":"https:\/\/tivi-samsung.com\/index.php?rest_route=\/wp\/v2\/types\/product"}],"replies":[{"embeddable":true,"href":"https:\/\/tivi-samsung.com\/index.php?rest_route=%2Fwp%2Fv2%2Fcomments&post=4150"}],"version-history":[{"count":8,"href":"https:\/\/tivi-samsung.com\/index.php?rest_route=\/wp\/v2\/product\/4150\/revisions"}],"predecessor-version":[{"id":8475,"href":"https:\/\/tivi-samsung.com\/index.php?rest_route=\/wp\/v2\/product\/4150\/revisions\/8475"}],"wp:featuredmedia":[{"embeddable":true,"href":"https:\/\/tivi-samsung.com\/index.php?rest_route=\/wp\/v2\/media\/4736"}],"wp:attachment":[{"href":"https:\/\/tivi-samsung.com\/index.php?rest_route=%2Fwp%2Fv2%2Fmedia&parent=4150"}],"wp:term":[{"taxonomy":"product_brand","embeddable":true,"href":"https:\/\/tivi-samsung.com\/index.php?rest_route=%2Fwp%2Fv2%2Fproduct_brand&post=4150"},{"taxonomy":"product_cat","embeddable":true,"href":"https:\/\/tivi-samsung.com\/index.php?rest_route=%2Fwp%2Fv2%2Fproduct_cat&post=4150"},{"taxonomy":"product_tag","embeddable":true,"href":"https:\/\/tivi-samsung.com\/index.php?rest_route=%2Fwp%2Fv2%2Fproduct_tag&post=4150"}],"curies":[{"name":"wp","href":"https:\/\/api.w.org\/{rel}","templated":true}]}}