{"id":4146,"date":"2025-09-16T14:24:26","date_gmt":"2025-09-16T14:24:26","guid":{"rendered":"https:\/\/tivi-samsung.com\/?post_type=product&#038;p=4146"},"modified":"2025-10-15T00:59:40","modified_gmt":"2025-10-14T17:59:40","slug":"smart-tivi-qled-samsung-4k-65-inch-qa65q65d","status":"publish","type":"product","link":"https:\/\/tivi-samsung.com\/?product=smart-tivi-qled-samsung-4k-65-inch-qa65q65d","title":{"rendered":"Smart Tivi QLED Samsung 4K 65 inch QA65Q65D"},"content":{"rendered":"<p><strong>Th\u00f4ng tin s\u1ea3n ph\u1ea9m<\/strong><\/p>\n<p><a href=\"https:\/\/tokoo.vn\/danh-muc\/samsung-tvs\/\" target=\"_blank\" rel=\"noopener\"><strong>Smart Tivi QLED Samsung 4K 65 inch QA65Q65D<\/strong><\/a> s\u1edf h\u1eefu v\u1ebb ngo\u00e0i sang tr\u1ecdng v\u1edbi \u0111\u01b0\u1eddng vi\u1ec1n thanh m\u1ea3nh, m\u00e0n h\u00ecnh <strong>QLED 65 inch<\/strong> \u0111\u1ed9 ph\u00e2n gi\u1ea3i 4K, b\u1ed9 x\u1eed l\u00fd <strong>Quantum 4K Lite<\/strong>, c\u00f4ng ngh\u1ec7 <strong>Quantum Dot<\/strong> hi\u1ec3n th\u1ecb 100% d\u1ea3i s\u1eafc m\u00e0u, chuy\u1ec3n \u0111\u1ed9ng m\u01b0\u1ee3t <strong>Motion Xcelerator<\/strong>, gi\u1ea3m \u0111\u1ed9 tr\u1ec5 ch\u01a1i game<strong> Auto Low Latency Mode<\/strong>, c\u0103n ch\u1ec9nh h\u00ecnh \u1ea3nh t\u1ef1 \u0111\u1ed9ng b\u1ea3o v\u1ec7 m\u1eaft <strong>EyeComfort<\/strong>, \u00e2m thanh v\u00f2m s\u1ed1ng \u0111\u1ed9ng chuy\u1ec3n \u0111\u1ed9ng theo h\u00ecnh \u1ea3nh <strong>OTS Lite<\/strong>, h\u1ec7 \u0111i\u1ec1u h\u00e0nh <strong>Tizen\u2122<\/strong> \u0111a nhi\u1ec7m, tr\u1ee3 l\u00fd \u1ea3o <strong>Bixby<\/strong> c\u00f3 ti\u1ebfng Vi\u1ec7t.<\/p>\n<p>&nbsp;<\/p>\n<p><strong>T\u1ed5ng quan thi\u1ebft k\u1ebf<\/strong><\/p>\n<p>&#8211; <strong>Tivi Samsung QLED<\/strong> c\u00f3 \u0111\u01b0\u1eddng vi\u1ec1n thanh m\u1ea3nh b\u1ea3o v\u1ec7 m\u00e0n h\u00ecnh hi\u1ec7u qu\u1ea3, \u0111\u1ed3ng th\u1eddi gi\u00fap m\u1edf r\u1ed9ng t\u1ea7m nh\u00ecn cho b\u1ea1n tho\u1ea3i m\u00e1i t\u1eadn h\u01b0\u1edfng n\u1ed9i dung tr\u00ean phim.<\/p>\n<p>&#8211; M\u00e0n h\u00ecnh <strong>65 inch<\/strong> ph\u00f9 h\u1ee3p v\u1edbi kh\u00f4ng gian n\u1ed9i th\u1ea5t ph\u00f2ng kh\u00e1ch, ph\u00f2ng ng\u1ee7, ph\u00f2ng h\u1ecdp c\u00f3 di\u1ec7n t\u00edch v\u1eeba v\u00e0 l\u1edbn.<\/p>\n<p>&#8211; Ch\u00e2n \u0111\u1ebf tivi \u0111\u01b0\u1ee3c l\u00e0m b\u1eb1ng nh\u1ef1a gi\u00fap \u0111\u1eb7t \u0111\u1ec3 thi\u1ebft b\u1ecb v\u1eefng v\u00e0ng tr\u00ean k\u1ec7 b\u00e0n, k\u1ec7 tivi. B\u1ea1n c\u00f3 th\u1ec3 th\u00e1o r\u1eddi \u0111\u1ec3 b\u00e0y tr\u00ed ki\u1ec3u treo t\u01b0\u1eddng, t\u1ea1o \u0111i\u1ec3m nh\u1ea5n cho kh\u00f4ng gian ng\u00f4i nh\u00e0.<\/p>\n<p><img fetchpriority=\"high\" decoding=\"async\" class=\"alignnone wp-image-5519\" src=\"https:\/\/tivi-samsung.com\/wp-content\/uploads\/2025\/09\/tivi-qled-samsung-4k-75-inch-qa75q65d-thiet-ke-1020x570-1-300x168.png\" alt=\"\" width=\"1882\" height=\"1054\" srcset=\"https:\/\/tivi-samsung.com\/wp-content\/uploads\/2025\/09\/tivi-qled-samsung-4k-75-inch-qa75q65d-thiet-ke-1020x570-1-300x168.png 300w, https:\/\/tivi-samsung.com\/wp-content\/uploads\/2025\/09\/tivi-qled-samsung-4k-75-inch-qa75q65d-thiet-ke-1020x570-1-768x429.png 768w, https:\/\/tivi-samsung.com\/wp-content\/uploads\/2025\/09\/tivi-qled-samsung-4k-75-inch-qa75q65d-thiet-ke-1020x570-1-450x251.png 450w, https:\/\/tivi-samsung.com\/wp-content\/uploads\/2025\/09\/tivi-qled-samsung-4k-75-inch-qa75q65d-thiet-ke-1020x570-1-600x335.png 600w, https:\/\/tivi-samsung.com\/wp-content\/uploads\/2025\/09\/tivi-qled-samsung-4k-75-inch-qa75q65d-thiet-ke-1020x570-1-150x84.png 150w, https:\/\/tivi-samsung.com\/wp-content\/uploads\/2025\/09\/tivi-qled-samsung-4k-75-inch-qa75q65d-thiet-ke-1020x570-1.png 1020w\" sizes=\"(max-width: 1882px) 100vw, 1882px\" \/><\/p>\n<p><strong>C\u00f4ng ngh\u1ec7 h\u00ecnh \u1ea3nh<\/strong><\/p>\n<p>&#8211; <strong>\u0110\u1ed9 ph\u00e2n gi\u1ea3i 4K<\/strong> t\u00e1i hi\u1ec7n khung h\u00ecnh s\u1eafc n\u00e9t.<\/p>\n<p>&#8211; <strong>B\u1ed9 x\u1eed l\u00fd Quantum 4K Lite<\/strong> gi\u00fap t\u1ed1i \u01b0u h\u00f3a ch\u1ea5t l\u01b0\u1ee3ng h\u00ecnh \u1ea3nh ngu\u1ed3n ph\u00e1t g\u1ea7n chu\u1ea9n <strong>4K.<\/strong><\/p>\n<p>&#8211; Ki\u1ec3m so\u00e1t \u0111\u00e8n n\u1ec1n <strong>Supreme UHD Dimming<\/strong> c\u00f3 t\u00e1c d\u1ee5ng n\u00e2ng cao kh\u1ea3 n\u0103ng hi\u1ec3n th\u1ecb m\u00e0u s\u1eafc v\u00e0 chi ti\u1ebft h\u00ecnh \u1ea3nh, h\u00ecnh \u1ea3nh c\u00f3 \u0111\u1ed9 t\u01b0\u01a1ng ph\u1ea3n cao, m\u00e0u \u0111en s\u00e2u, m\u00e0u tr\u1eafng tinh khi\u1ebft.<\/p>\n<p>&#8211; <strong>Quantum HDR<\/strong> l\u00e0 s\u1ef1 k\u1ebft h\u1ee3p c\u1ee7a c\u00f4ng ngh\u1ec7 m\u00e0n h\u00ecnh ch\u1ea5m l\u01b0\u1ee3ng t\u1eed <strong>QLED v\u00e0 HDR<\/strong>, \u0111\u1ed9 s\u00e1ng c\u00f3 th\u1ec3 \u0111\u1ea1t t\u1edbi 1000 nits cho d\u1ea3i m\u00e0u r\u1ed9ng, hi\u1ec3n th\u1ecb h\u00ecnh \u1ea3nh HDR t\u1ed1t h\u01a1n.<\/p>\n<p>&#8211; C\u00f4ng ngh\u1ec7 <strong>Quantum Dot<\/strong> hi\u1ec3n th\u1ecb 100% d\u1ea3i s\u1eafc m\u00e0u, h\u00ecnh \u1ea3nh c\u00f3 \u0111\u1ed9 ch\u00e2n th\u1ef1c cao, s\u1ed1ng \u0111\u1ed9ng v\u00e0 r\u00f5 n\u00e9t.<\/p>\n<p><img decoding=\"async\" class=\"alignnone wp-image-5469\" src=\"https:\/\/tivi-samsung.com\/wp-content\/uploads\/2025\/09\/smart-samsung-4k-85-inch-ua85bu8000-140322-064210-1-300x168.jpg\" alt=\"\" width=\"1780\" height=\"997\" srcset=\"https:\/\/tivi-samsung.com\/wp-content\/uploads\/2025\/09\/smart-samsung-4k-85-inch-ua85bu8000-140322-064210-1-300x168.jpg 300w, https:\/\/tivi-samsung.com\/wp-content\/uploads\/2025\/09\/smart-samsung-4k-85-inch-ua85bu8000-140322-064210-1-768x429.jpg 768w, https:\/\/tivi-samsung.com\/wp-content\/uploads\/2025\/09\/smart-samsung-4k-85-inch-ua85bu8000-140322-064210-1-450x251.jpg 450w, https:\/\/tivi-samsung.com\/wp-content\/uploads\/2025\/09\/smart-samsung-4k-85-inch-ua85bu8000-140322-064210-1-600x335.jpg 600w, https:\/\/tivi-samsung.com\/wp-content\/uploads\/2025\/09\/smart-samsung-4k-85-inch-ua85bu8000-140322-064210-1-150x84.jpg 150w, https:\/\/tivi-samsung.com\/wp-content\/uploads\/2025\/09\/smart-samsung-4k-85-inch-ua85bu8000-140322-064210-1.jpg 1020w\" sizes=\"(max-width: 1780px) 100vw, 1780px\" \/><\/p>\n<p>&#8211; Chuy\u1ec3n \u0111\u1ed9ng m\u01b0\u1ee3t <strong>Motion Xcelerator<\/strong> \u0111em \u0111\u1ebfn cho game th\u1ee7 tr\u1ea3i nghi\u1ec7m ch\u01a1i game tuy\u1ec7t v\u1eddi, hi\u1ec7u su\u1ea5t ch\u01a1i game cao, \u0111\u1ed9 tr\u1ec5 th\u1ea5p, khung h\u00ecnh \u0111\u1eb9p.<\/p>\n<p>&#8211; Gi\u1ea3m \u0111\u1ed9 tr\u1ec5 ch\u01a1i game v\u1edbi<strong> Auto Low Latency Mode (ALLM)<\/strong>, k\u1ebft h\u1ee3p ch\u1ebf \u0111\u1ed9 <strong>Game Motion Plus<\/strong> gi\u00fap ng\u01b0\u1eddi ch\u01a1i \u0111i\u1ec1u ch\u1ec9nh th\u00f4ng s\u1ed1 cho tr\u1ea3i nghi\u1ec7m ch\u01a1i game m\u01b0\u1ee3t m\u00e0, t\u1ef1 tin chi\u1ebfn c\u00e1c t\u1ef1a game y\u00eau th\u00edch.<\/p>\n<p>&#8211; <strong>Super Ultra Wide Game View<\/strong> \u0111em \u0111\u1ebfn cho b\u1ea1n tr\u1ea3i nghi\u1ec7m \u0111\u1eafm ch\u00ecm \u0111a d\u1ea1ng t\u1ef7 l\u1ec7 m\u00e0n h\u00ecnh gi\u00fap ng\u01b0\u1eddi ch\u01a1i c\u00f3 c\u00e1i nh\u00ecn bao qu\u00e1t.<\/p>\n<p><strong>C\u00f4ng ngh\u1ec7 \u00e2m thanh<\/strong><\/p>\n<p>&#8211; T\u1ed5ng c\u00f4ng su\u1ea5t loa 20W.<\/p>\n<p>&#8211; <strong>C\u00f4ng ngh\u1ec7 Object Tracking Sound Lite (OTS Lite)<\/strong> \u00e2m thanh v\u00f2m ph\u00e1t ra theo t\u1eebng chuy\u1ec3n \u0111\u1ed9ng c\u1ee7a h\u00ecnh \u1ea3nh, \u0111em \u0111\u1ebfn tr\u1ea3i nghi\u1ec7m \u00e2m thanh ch\u00e2n th\u1ef1c nh\u01b0 \u0111ang ng\u1ed3i trong r\u1ea1p chi\u1ebfu phim.<\/p>\n<p>&#8211; <strong>C\u00f4ng ngh\u1ec7 Q-Symphony Next<\/strong> k\u1ebft h\u1ee3p loa <strong>tivi Samsung<\/strong> v\u1edbi loa thanh cho \u00e2m thanh b\u00f9ng n\u1ed5, \u0111\u1ea9y kh\u00f4ng kh\u00ed b\u1eefa ti\u1ec7c l\u00ean \u0111\u1ebfn cao tr\u00e0o.<\/p>\n<p>&#8211; <strong>C\u00f4ng ngh\u1ec7 Adaptive Sound<\/strong> c\u00f3 kh\u1ea3 n\u0103ng t\u1ed1i \u01b0u h\u00f3a \u00e2m thanh d\u1ef1a tr\u00ean m\u00f4i tr\u01b0\u1eddng xung quanh, \u0111em l\u1ea1i tr\u1ea3i nghi\u1ec7m \u00e2m thanh ch\u1ea5t l\u01b0\u1ee3ng cao d\u00f9 xem trong b\u1ea5t k\u1ef3 m\u00f4i tr\u01b0\u1eddng n\u00e0o.<\/p>\n<p><img decoding=\"async\" class=\"alignnone wp-image-5420\" src=\"https:\/\/tivi-samsung.com\/wp-content\/uploads\/2025\/09\/tivi-neo-qled-samsung-4k-85-inch-qa85qn90d-11-1020x570-1-300x168.jpg\" alt=\"\" width=\"1789\" height=\"1002\" srcset=\"https:\/\/tivi-samsung.com\/wp-content\/uploads\/2025\/09\/tivi-neo-qled-samsung-4k-85-inch-qa85qn90d-11-1020x570-1-300x168.jpg 300w, https:\/\/tivi-samsung.com\/wp-content\/uploads\/2025\/09\/tivi-neo-qled-samsung-4k-85-inch-qa85qn90d-11-1020x570-1-768x429.jpg 768w, https:\/\/tivi-samsung.com\/wp-content\/uploads\/2025\/09\/tivi-neo-qled-samsung-4k-85-inch-qa85qn90d-11-1020x570-1-450x251.jpg 450w, https:\/\/tivi-samsung.com\/wp-content\/uploads\/2025\/09\/tivi-neo-qled-samsung-4k-85-inch-qa85qn90d-11-1020x570-1-600x335.jpg 600w, https:\/\/tivi-samsung.com\/wp-content\/uploads\/2025\/09\/tivi-neo-qled-samsung-4k-85-inch-qa85qn90d-11-1020x570-1-150x84.jpg 150w, https:\/\/tivi-samsung.com\/wp-content\/uploads\/2025\/09\/tivi-neo-qled-samsung-4k-85-inch-qa85qn90d-11-1020x570-1.jpg 1020w\" sizes=\"(max-width: 1789px) 100vw, 1789px\" \/><\/p>\n<p><strong>H\u1ec7 \u0111i\u1ec1u h\u00e0nh<\/strong><\/p>\n<p>&#8211; Tivi Samsung \u0111\u01b0\u1ee3c thi\u1ebft l\u1eadp h\u1ec7 \u0111i\u1ec1u h\u00e0nh <strong>Tizen\u2122<\/strong> v\u1edbi giao di\u1ec7n tr\u1ef1c quan, thi\u1ebft k\u1ebf tinh gi\u1ea3n, hi\u1ec7n \u0111\u1ea1i. B\u00ean c\u1ea1nh \u0111\u00f3 l\u00e0 kho \u1ee9ng d\u1ee5ng \u0111a d\u1ea1ng, \u0111em l\u1ea1i tr\u1ea3i nghi\u1ec7m phong ph\u00fa.<\/p>\n<p><img loading=\"lazy\" decoding=\"async\" class=\"alignnone wp-image-5422\" src=\"https:\/\/tivi-samsung.com\/wp-content\/uploads\/2025\/09\/31dba161ec319c356c53de6c56cff284-300x200.jpg\" alt=\"\" width=\"1788\" height=\"1192\" srcset=\"https:\/\/tivi-samsung.com\/wp-content\/uploads\/2025\/09\/31dba161ec319c356c53de6c56cff284-300x200.jpg 300w, https:\/\/tivi-samsung.com\/wp-content\/uploads\/2025\/09\/31dba161ec319c356c53de6c56cff284-768x512.jpg 768w, https:\/\/tivi-samsung.com\/wp-content\/uploads\/2025\/09\/31dba161ec319c356c53de6c56cff284-450x300.jpg 450w, https:\/\/tivi-samsung.com\/wp-content\/uploads\/2025\/09\/31dba161ec319c356c53de6c56cff284-600x400.jpg 600w, https:\/\/tivi-samsung.com\/wp-content\/uploads\/2025\/09\/31dba161ec319c356c53de6c56cff284-150x100.jpg 150w, https:\/\/tivi-samsung.com\/wp-content\/uploads\/2025\/09\/31dba161ec319c356c53de6c56cff284.jpg 1020w\" sizes=\"(max-width: 1788px) 100vw, 1788px\" \/><\/p>\n<p>&nbsp;<\/p>\n<p><em>Nh\u00ecn chung, <strong>Tivi QLED Samsung 4K 65 inch QA65Q65D<\/strong> l\u00e0 thi\u1ebft b\u1ecb gi\u1ea3i tr\u00ed x\u1ee9ng t\u1ea7m v\u1edbi ng\u00f4i nh\u00e0 c\u1ee7a b\u1ea1n nh\u1edd thi\u1ebft k\u1ebf sang tr\u1ecdng, \u0111\u1ed9 ph\u00e2n gi\u1ea3i 4K s\u1eafc n\u00e9t, trang b\u1ecb nhi\u1ec1u c\u00f4ng ngh\u1ec7 h\u00ecnh \u1ea3nh, \u00e2m thanh hi\u1ec7n \u0111\u1ea1i, h\u1ec7 \u0111i\u1ec1u h\u00e0nh Tizen\u2122 \u0111a nhi\u1ec7m c\u00f9ng nhi\u1ec1u ti\u1ec7n \u00edch th\u00f4ng minh, cho b\u1ea1n t\u1eadn h\u01b0\u1edfng c\u00e1c n\u1ed9i dung v\u1edbi khung h\u00ecnh s\u1eafc n\u00e9t, \u00e2m thanh s\u1ed1ng \u0111\u1ed9ng nh\u01b0 \u0111ang ng\u1ed3i xem trong r\u1ea1p.<\/em><\/p>\n<p><script src=\"chrome-extension:\/\/fpelahbljekknahkcaegamhcndkfpfnc\/iFrame.js\" type=\"text\/javascript\"><\/script><\/p>\n<p><script src=\"chrome-extension:\/\/fpelahbljekknahkcaegamhcndkfpfnc\/iFrame.js\" type=\"text\/javascript\"><\/script><\/p>\n","protected":false},"excerpt":{"rendered":"<p>&nbsp;<\/p>\n<p><script src=\"chrome-extension:\/\/fpelahbljekknahkcaegamhcndkfpfnc\/iFrame.js\" type=\"text\/javascript\"><\/script><\/p>\n<p><script src=\"chrome-extension:\/\/fpelahbljekknahkcaegamhcndkfpfnc\/iFrame.js\" type=\"text\/javascript\"><\/script><\/p>\n<p><script src=\"chrome-extension:\/\/fpelahbljekknahkcaegamhcndkfpfnc\/iFrame.js\" type=\"text\/javascript\"><\/script><\/p>\n<p><script src=\"chrome-extension:\/\/fpelahbljekknahkcaegamhcndkfpfnc\/iFrame.js\" type=\"text\/javascript\"><\/script><\/p>\n<p><script src=\"chrome-extension:\/\/fpelahbljekknahkcaegamhcndkfpfnc\/iFrame.js\" type=\"text\/javascript\"><\/script><\/p>\n<p><script src=\"chrome-extension:\/\/fpelahbljekknahkcaegamhcndkfpfnc\/iFrame.js\" type=\"text\/javascript\"><\/script><\/p>\n<p><script src=\"chrome-extension:\/\/fpelahbljekknahkcaegamhcndkfpfnc\/iFrame.js\" type=\"text\/javascript\"><\/script><\/p>\n","protected":false},"featured_media":4738,"comment_status":"open","ping_status":"closed","template":"","meta":[],"product_brand":[88],"product_cat":[94,161,68],"product_tag":[],"class_list":{"0":"post-4146","1":"product","2":"type-product","3":"status-publish","4":"has-post-thumbnail","6":"product_brand-samsung","7":"product_cat-qled-tv","8":"product_cat-samsung-q65d-2024","9":"product_cat-smart-tv","10":"pa_kich-co-man-hinh-65-inch","12":"first","13":"instock","14":"sale","15":"shipping-taxable","16":"purchasable","17":"product-type-simple"},"_links":{"self":[{"href":"https:\/\/tivi-samsung.com\/index.php?rest_route=\/wp\/v2\/product\/4146","targetHints":{"allow":["GET"]}}],"collection":[{"href":"https:\/\/tivi-samsung.com\/index.php?rest_route=\/wp\/v2\/product"}],"about":[{"href":"https:\/\/tivi-samsung.com\/index.php?rest_route=\/wp\/v2\/types\/product"}],"replies":[{"embeddable":true,"href":"https:\/\/tivi-samsung.com\/index.php?rest_route=%2Fwp%2Fv2%2Fcomments&post=4146"}],"version-history":[{"count":9,"href":"https:\/\/tivi-samsung.com\/index.php?rest_route=\/wp\/v2\/product\/4146\/revisions"}],"predecessor-version":[{"id":8476,"href":"https:\/\/tivi-samsung.com\/index.php?rest_route=\/wp\/v2\/product\/4146\/revisions\/8476"}],"wp:featuredmedia":[{"embeddable":true,"href":"https:\/\/tivi-samsung.com\/index.php?rest_route=\/wp\/v2\/media\/4738"}],"wp:attachment":[{"href":"https:\/\/tivi-samsung.com\/index.php?rest_route=%2Fwp%2Fv2%2Fmedia&parent=4146"}],"wp:term":[{"taxonomy":"product_brand","embeddable":true,"href":"https:\/\/tivi-samsung.com\/index.php?rest_route=%2Fwp%2Fv2%2Fproduct_brand&post=4146"},{"taxonomy":"product_cat","embeddable":true,"href":"https:\/\/tivi-samsung.com\/index.php?rest_route=%2Fwp%2Fv2%2Fproduct_cat&post=4146"},{"taxonomy":"product_tag","embeddable":true,"href":"https:\/\/tivi-samsung.com\/index.php?rest_route=%2Fwp%2Fv2%2Fproduct_tag&post=4146"}],"curies":[{"name":"wp","href":"https:\/\/api.w.org\/{rel}","templated":true}]}}