{"id":4143,"date":"2025-09-16T14:21:48","date_gmt":"2025-09-16T14:21:48","guid":{"rendered":"https:\/\/tivi-samsung.com\/?post_type=product&#038;p=4143"},"modified":"2025-10-15T01:00:56","modified_gmt":"2025-10-14T18:00:56","slug":"smart-tivi-oled-samsung-ai-4k-55-inch-qa55s85f","status":"publish","type":"product","link":"https:\/\/tivi-samsung.com\/?product=smart-tivi-oled-samsung-ai-4k-55-inch-qa55s85f","title":{"rendered":"Smart Tivi OLED Samsung AI 4K 55 inch QA55S85F"},"content":{"rendered":"<p><em><strong><a href=\"https:\/\/tokoo.vn\/danh-muc\/samsung-tvs\/\" target=\"_blank\" rel=\"noopener\">Smart Tivi OLED Samsung AI 4K 55 inch QA55S85F\u00a0<\/a>n\u1ed5i b\u1eadt v\u1edbi b\u1ed9 x\u1eed l\u00fd AI NQ4 Gen2 s\u1eed d\u1ee5ng 20 m\u1ea1ng n\u01a1-ron \u0111\u1ec3 t\u1ed1i \u01b0u h\u00ecnh \u1ea3nh th\u00f4ng minh,\u00a0<\/strong><strong>n\u00e2ng cao tr\u1ea3i nghi\u1ec7m xem v\u1edbi \u0111\u1ed9 chi ti\u1ebft v\u00e0 m\u00e0u s\u1eafc ch\u00e2n th\u1ef1c.<\/strong><\/em><\/p>\n<h3>B\u1ed9 x\u1eed l\u00fd AI NQ4 Gen2 &#8211; N\u00e2ng c\u1ea5p h\u00ecnh \u1ea3nh b\u1eb1ng AI<\/h3>\n<p>&#8211;\u00a0<strong>B\u1ed9 x\u1eed l\u00fd AI NQ4 Gen2<\/strong>\u00a0tr\u00ean\u00a0<a title=\"Xem th\u00eam tivi Samsung \u0111ang kinh doanh t\u1ea1i \u0110i\u1ec7n m\u00e1y XANH\" href=\"https:\/\/www.dienmayxanh.com\/tivi-samsung\" target=\"_blank\" rel=\"noopener\">tivi Samsung<\/a>\u00a0s\u1eed d\u1ee5ng 20 m\u1ea1ng n\u01a1-ron \u0111\u1ec3 ph\u00e2n t\u00edch khung h\u00ecnh theo th\u1eddi gian th\u1ef1c, t\u1ed1i \u01b0u \u0111\u1ed9 ph\u00e2n gi\u1ea3i, \u0111\u1ed9 t\u01b0\u01a1ng ph\u1ea3n v\u00e0 m\u00e0u s\u1eafc.<\/p>\n<p>&#8211; Nh\u1edd tr\u00ed tu\u1ec7 nh\u00e2n t\u1ea1o, h\u00ecnh \u1ea3nh \u0111\u01b0\u1ee3c n\u00e2ng c\u1ea5p s\u1eafc n\u00e9t h\u01a1n, hi\u1ec3n th\u1ecb r\u00f5 chi ti\u1ebft c\u1ea3 trong n\u1ed9i dung g\u1ed1c c\u00f3 ch\u1ea5t l\u01b0\u1ee3ng th\u1ea5p.<\/p>\n<p><a class=\"preventdefault\" href=\"https:\/\/cdnv2.tgdd.vn\/mwg-static\/common\/Products\/1942\/335301\/da\/98\/da987c405714c6ddd159642c896412d8.jpg\" rel=\"nofollow noopener\" target=\"_blank\"><img fetchpriority=\"high\" decoding=\"async\" class=\" lazyloaded\" title=\"Smart Tivi OLED Samsung AI 4K 55 inch QA55S85F - AI NQ4 Gen2\" src=\"https:\/\/cdnv2.tgdd.vn\/mwg-static\/common\/Products\/1942\/335301\/da\/98\/da987c405714c6ddd159642c896412d8.jpg\" alt=\"Smart Tivi OLED Samsung AI 4K 55 inch QA55S85F - AI NQ4 Gen2\" width=\"1020\" height=\"570\" data-src=\"https:\/\/cdnv2.tgdd.vn\/mwg-static\/common\/Products\/1942\/335301\/da\/98\/da987c405714c6ddd159642c896412d8.jpg\" \/><\/a><\/p>\n<p><em>*H\u00ecnh \u1ea3nh ch\u1ec9 mang t\u00ednh ch\u1ea5t minh ho\u1ea1<\/em><\/p>\n<h3>Thi\u1ebft k\u1ebf<\/h3>\n<p>&#8211; Thi\u1ebft k\u1ebf hi\u1ec7n \u0111\u1ea1i v\u1edbi m\u00e0n h\u00ecnh ph\u1eb3ng v\u00e0 vi\u1ec1n m\u1ecfng, mang l\u1ea1i tr\u1ea3i nghi\u1ec7m h\u00ecnh \u1ea3nh r\u1ed9ng v\u00e0 li\u1ec1n m\u1ea1ch.<\/p>\n<p>&#8211;\u00a0<a title=\"Xem th\u00eam tivi 55 inch \u0111ang kinh doanh t\u1ea1i \u0110i\u1ec7n m\u00e1y XANH\" href=\"https:\/\/www.dienmayxanh.com\/tivi-55-inch\" target=\"_blank\" rel=\"noopener\">K\u00edch th\u01b0\u1edbc 55 inch<\/a>\u00a0ph\u00f9 h\u1ee3p l\u1eafp \u0111\u1eb7t t\u1ea1i ph\u00f2ng kh\u00e1ch, ph\u00f2ng ng\u1ee7 l\u1edbn ho\u1eb7c kh\u00f4ng gian sinh ho\u1ea1t r\u1ed9ng r\u00e3i.<\/p>\n<p>&#8211;\u00a0<strong>Ch\u00e2n \u0111\u1ebf nh\u1ef1a<\/strong>\u00a0thi\u1ebft k\u1ebf li\u1ec1n m\u1ea1ch hai b\u00ean gi\u00fap tivi \u0111\u1ee9ng v\u1eefng, c\u00f3 th\u1ec3 th\u00e1o r\u1eddi khi c\u1ea7n treo t\u01b0\u1eddng.<\/p>\n<p><a class=\"preventdefault\" href=\"https:\/\/cdnv2.tgdd.vn\/mwg-static\/common\/Products\/1942\/335301\/e5\/8e\/e58eb7983875c09dcf7380abc5f0aa3e.jpg\" rel=\"nofollow noopener\" target=\"_blank\"><img decoding=\"async\" class=\" lazyloaded\" title=\"Smart Tivi OLED Samsung AI 4K 55 inch QA55S85F - Thi\u1ebft k\u1ebf\" src=\"https:\/\/cdnv2.tgdd.vn\/mwg-static\/common\/Products\/1942\/335301\/e5\/8e\/e58eb7983875c09dcf7380abc5f0aa3e.jpg\" alt=\"Smart Tivi OLED Samsung AI 4K 55 inch QA55S85F - Thi\u1ebft k\u1ebf\" width=\"1020\" height=\"570\" data-src=\"https:\/\/cdnv2.tgdd.vn\/mwg-static\/common\/Products\/1942\/335301\/e5\/8e\/e58eb7983875c09dcf7380abc5f0aa3e.jpg\" \/><\/a><\/p>\n<p><em>*H\u00ecnh \u1ea3nh ch\u1ec9 mang t\u00ednh ch\u1ea5t minh ho\u1ea1<\/em><\/p>\n<h3>C\u00f4ng ngh\u1ec7 h\u00ecnh \u1ea3nh<\/h3>\n<p>&#8211; N\u1ed9i dung \u0111\u1ed9 ph\u00e2n gi\u1ea3i th\u1ea5p \u0111\u01b0\u1ee3c c\u1ea3i thi\u1ec7n r\u00f5 r\u1ec7t nh\u1edd\u00a0<strong>c\u00f4ng ngh\u1ec7 4K AI Upscaling<\/strong>, cho h\u00ecnh \u1ea3nh g\u1ea7n \u0111\u1ea1t chu\u1ea9n 4K.<\/p>\n<p>&#8211;\u00a0<a title=\"C\u00f4ng ngh\u1ec7 EyeComfort\" href=\"https:\/\/www.dienmayxanh.com\/kinh-nghiem-hay\/tong-hop-cac-cong-nghe-noi-bat-cua-tivi-samsung-1450522#che-do-eyecomfort-voi-cam-bien-thong-minh\" target=\"_blank\" rel=\"noopener\">C\u00f4ng ngh\u1ec7 EyeComfort<\/a>\u00a0t\u1ef1 \u0111\u1ed9ng c\u0103n ch\u1ec9nh \u0111\u1ed9 s\u00e1ng v\u00e0 m\u00e0u s\u1eafc m\u00e0n h\u00ecnh, gi\u1ea3m \u00e1nh s\u00e1ng xanh v\u00e0 b\u1ea3o v\u1ec7 m\u1eaft khi xem v\u00e0o bu\u1ed5i t\u1ed1i.<\/p>\n<p><a class=\"preventdefault\" href=\"https:\/\/cdnv2.tgdd.vn\/mwg-static\/common\/Products\/1942\/335301\/1d\/85\/1d8531e960129a9e009af6a6d096fbca.jpeg\" rel=\"nofollow noopener\" target=\"_blank\"><img decoding=\"async\" class=\" lazyloaded\" title=\"Smart Tivi OLED Samsung AI 4K 55 inch QA55S85F - C\u00f4ng ngh\u1ec7 h\u00ecnh \u1ea3nh\" src=\"https:\/\/cdnv2.tgdd.vn\/mwg-static\/common\/Products\/1942\/335301\/1d\/85\/1d8531e960129a9e009af6a6d096fbca.jpeg\" alt=\"Smart Tivi OLED Samsung AI 4K 55 inch QA55S85F - C\u00f4ng ngh\u1ec7 h\u00ecnh \u1ea3nh\" data-src=\"https:\/\/cdnv2.tgdd.vn\/mwg-static\/common\/Products\/1942\/335301\/1d\/85\/1d8531e960129a9e009af6a6d096fbca.jpeg\" \/><\/a><\/p>\n<p><em>*H\u00ecnh \u1ea3nh ch\u1ec9 mang t\u00ednh ch\u1ea5t minh ho\u1ea1<\/em><\/p>\n<p>&#8211;\u00a0<a title=\"C\u00f4ng ngh\u1ec7 Super Ultra Wide Game View &amp; Game Bar\" href=\"https:\/\/www.dienmayxanh.com\/kinh-nghiem-hay\/cac-cong-nghe-noi-bat-cua-tivi-samsung-20-1339340#super-ultrawide-gameview\" target=\"_blank\" rel=\"noopener\">C\u00f4ng ngh\u1ec7 Super Ultra Wide Game View &amp; Game Bar<\/a>\u00a0m\u1edf r\u1ed9ng t\u1ef7 l\u1ec7 hi\u1ec3n th\u1ecb l\u00ean \u0111\u1ebfn 21:9 ho\u1eb7c 32:9 v\u00e0 cho ph\u00e9p t\u00f9y ch\u1ec9nh nhanh c\u00e1c th\u00f4ng s\u1ed1 ch\u01a1i game ngay tr\u00ean m\u00e0n h\u00ecnh.<\/p>\n<p>&#8211;\u00a0<strong>Motion Xcelerator 120 Hz<\/strong>\u00a0mang \u0111\u1ebfn tr\u1ea3i nghi\u1ec7m m\u01b0\u1ee3t m\u00e0 h\u01a1n khi xem th\u1ec3 thao ho\u1eb7c c\u00e1c c\u1ea3nh phim c\u00f3 t\u1ed1c \u0111\u1ed9 cao.<\/p>\n<p>&#8211; H\u00ecnh \u1ea3nh\u00a0<a title=\"Xem th\u00eam tivi \u0111ang kinh doanh t\u1ea1i \u0110i\u1ec7n m\u00e1y XANH\" href=\"https:\/\/www.dienmayxanh.com\/tivi\" target=\"_blank\" rel=\"noopener\">tivi<\/a>\u00a0c\u00f3 chi\u1ec1u s\u00e2u r\u00f5 r\u1ec7t v\u1edbi\u00a0<strong>Real Depth Enhancer<\/strong>, gi\u00fap ch\u1ee7 th\u1ec3 n\u1ed5i b\u1eadt so v\u1edbi h\u1eadu c\u1ea3nh v\u00e0 gi\u1ea3m nhi\u1ec5u th\u1ecb gi\u00e1c.<\/p>\n<p>&#8211;\u00a0<strong>C\u00f4ng ngh\u1ec7 OLED HDR\u00a0<\/strong>hi\u1ec3n th\u1ecb m\u00e0u \u0111en s\u00e2u, h\u00ecnh \u1ea3nh c\u00f3 \u0111\u1ed9 t\u01b0\u01a1ng ph\u1ea3n r\u00f5 n\u00e9t nh\u1edd kh\u1ea3 n\u0103ng t\u1ef1 ph\u00e1t s\u00e1ng tr\u00ean t\u1eebng \u0111i\u1ec3m \u1ea3nh.<\/p>\n<p><a class=\"preventdefault\" href=\"https:\/\/cdnv2.tgdd.vn\/mwg-static\/common\/Products\/1942\/335301\/f0\/e4\/f0e4fbeb45506948f9169765d84c990a.jpg\" rel=\"nofollow noopener\" target=\"_blank\"><img decoding=\"async\" class=\" lazyloaded\" title=\"Smart Tivi OLED Samsung AI 4K 55 inch QA55S85F - C\u00f4ng ngh\u1ec7 h\u00ecnh \u1ea3nh\" src=\"https:\/\/cdnv2.tgdd.vn\/mwg-static\/common\/Products\/1942\/335301\/f0\/e4\/f0e4fbeb45506948f9169765d84c990a.jpg\" alt=\"Smart Tivi OLED Samsung AI 4K 55 inch QA55S85F - C\u00f4ng ngh\u1ec7 h\u00ecnh \u1ea3nh\" data-src=\"https:\/\/cdnv2.tgdd.vn\/mwg-static\/common\/Products\/1942\/335301\/f0\/e4\/f0e4fbeb45506948f9169765d84c990a.jpg\" \/><\/a><\/p>\n<p><em>*H\u00ecnh \u1ea3nh ch\u1ec9 mang t\u00ednh ch\u1ea5t minh ho\u1ea1<\/em><\/p>\n<h3>C\u00f4ng ngh\u1ec7 \u00e2m thanh<\/h3>\n<p>&#8211;\u00a0<strong>H\u1ec7 th\u1ed1ng loa 2.0 k\u00eanh<\/strong>\u00a0c\u00f9ng\u00a0<strong>c\u00f4ng su\u1ea5t 20W<\/strong>\u00a0gi\u00fap \u00e2m thanh bao ph\u1ee7 t\u1ed1t kh\u00f4ng gian gi\u1ea3i tr\u00ed.<\/p>\n<p>&#8211; Tivi trang b\u1ecb c\u00f4ng ngh\u1ec7\u00a0<a title=\"Object Tracking Sound Lite\" href=\"https:\/\/www.dienmayxanh.com\/kinh-nghiem-hay\/cong-nghe-am-thanh-object-tracking-sound-1344551#object-tracking-sound-lite\" target=\"_blank\" rel=\"noopener\">Object Tracking Sound Lite<\/a>\u00a0t\u1ea1o hi\u1ec7u \u1ee9ng \u00e2m thanh chuy\u1ec3n \u0111\u1ed9ng theo h\u00ecnh \u1ea3nh, t\u0103ng c\u1ea3m gi\u00e1c ch\u00e2n th\u1ef1c khi xem phim.<\/p>\n<p>&#8211;\u00a0<strong>Dolby Atmos<\/strong>\u00a0mang \u0111\u1ebfn tr\u1ea3i nghi\u1ec7m \u00e2m thanh v\u00f2m s\u1ed1ng \u0111\u1ed9ng, m\u00f4 ph\u1ecfng \u00e2m thanh \u0111\u1ebfn t\u1eeb nhi\u1ec1u h\u01b0\u1edbng nh\u01b0 trong r\u1ea1p chi\u1ebfu phim.<\/p>\n<p>&#8211;\u00a0<strong>Q-Symphony<\/strong>\u00a0\u0111\u1ed3ng b\u1ed9 h\u00f3a \u00e2m thanh gi\u1eefa loa tivi v\u00e0 loa thanh Samsung,\u00a0\u00e2m thanh ph\u00e1t ra d\u00e0y h\u01a1n, lan t\u1ecfa r\u1ed9ng h\u01a1n v\u00e0 gi\u1eef \u0111\u01b0\u1ee3c \u0111\u1ed9 chi ti\u1ebft r\u00f5 r\u00e0ng.<\/p>\n<p><a class=\"preventdefault\" href=\"https:\/\/cdn.tgdd.vn\/Products\/Images\/1942\/304253\/smart-tivi-oled-samsung-4k-77-inch-qa77s95ca-220323-093811.jpg\" rel=\"nofollow noopener\" target=\"_blank\"><img decoding=\"async\" class=\" lazyloaded\" title=\"Smart Tivi OLED Samsung AI 4K 55 inch QA55S85F - C\u00f4ng ngh\u1ec7 \u00e2m thanh\" src=\"https:\/\/cdn.tgdd.vn\/Products\/Images\/1942\/304253\/smart-tivi-oled-samsung-4k-77-inch-qa77s95ca-220323-093811.jpg\" alt=\"Smart Tivi OLED Samsung AI 4K 55 inch QA55S85F - C\u00f4ng ngh\u1ec7 \u00e2m thanh\" width=\"1020\" height=\"570\" data-src=\"https:\/\/cdn.tgdd.vn\/Products\/Images\/1942\/304253\/smart-tivi-oled-samsung-4k-77-inch-qa77s95ca-220323-093811.jpg\" \/><\/a><\/p>\n<p><em>*H\u00ecnh \u1ea3nh ch\u1ec9 mang t\u00ednh ch\u1ea5t minh ho\u1ea1<\/em><\/p>\n<h3>H\u1ec7 \u0111i\u1ec1u h\u00e0nh<\/h3>\n<p>&#8211;\u00a0<a title=\"Xem th\u00eam tivi Samsung OLED \u0111ang kinh doanh t\u1ea1i \u0110i\u1ec7n m\u00e1y XANH\" href=\"https:\/\/www.dienmayxanh.com\/tivi-samsung-oled\" target=\"_blank\" rel=\"noopener\">Tivi Samsung OLED<\/a>\u00a0ch\u1ea1y h\u1ec7 \u0111i\u1ec1u h\u00e0nh\u00a0<strong>Tizen<\/strong>\u00a0v\u1edbi giao di\u1ec7n tr\u1ef1c quan, d\u1ec5 s\u1eed d\u1ee5ng v\u00e0 h\u1ed7 tr\u1ee3 c\u00e1 nh\u00e2n h\u00f3a n\u1ed9i dung theo t\u1eebng ng\u01b0\u1eddi d\u00f9ng.<\/p>\n<p>&#8211; Kho \u1ee9ng d\u1ee5ng \u0111a d\u1ea1ng t\u00edch h\u1ee3p s\u1eb5n c\u00e1c n\u1ec1n t\u1ea3ng gi\u1ea3i tr\u00ed ph\u1ed5 bi\u1ebfn:\u00a0<strong>YouTube, Netflix, FPT Play, VieON, TV360,<\/strong>&#8230;<\/p>\n<p><a class=\"preventdefault\" href=\"https:\/\/cdn.tgdd.vn\/Products\/1942\/322651\/Frame31-1020x570.jpg\" rel=\"nofollow noopener\" target=\"_blank\"><img decoding=\"async\" class=\" lazyloaded\" title=\"Smart Tivi OLED Samsung AI 4K 55 inch QA55S85F - H\u1ec7 \u0111i\u1ec1u h\u00e0nh\" src=\"https:\/\/cdn.tgdd.vn\/Products\/1942\/322651\/Frame31-1020x570.jpg\" alt=\"Smart Tivi OLED Samsung AI 4K 55 inch QA55S85F - H\u1ec7 \u0111i\u1ec1u h\u00e0nh\" data-src=\"https:\/\/cdn.tgdd.vn\/Products\/1942\/322651\/Frame31-1020x570.jpg\" \/><\/a><\/p>\n<p><em>*H\u00ecnh \u1ea3nh ch\u1ec9 mang t\u00ednh ch\u1ea5t minh ho\u1ea1<\/em><\/p>\n<h3>Ti\u1ec7n \u00edch<\/h3>\n<p>&#8211;\u00a0<strong>T\u00ednh n\u0103ng Multi View<\/strong>\u00a0cho ph\u00e9p hi\u1ec3n th\u1ecb \u0111\u1ed3ng th\u1eddi n\u1ed9i dung tivi v\u00e0 m\u00e0n h\u00ecnh \u0111i\u1ec7n tho\u1ea1i, thu\u1eadn ti\u1ec7n khi xem video v\u00e0 tra c\u1ee9u th\u00f4ng tin.<\/p>\n<p>&#8211;\u00a0<a title=\"Xem th\u00eam c\u00e1ch s\u1eed d\u1ee5ng SmartThings\" href=\"https:\/\/www.dienmayxanh.com\/kinh-nghiem-hay\/huong-dan-su-dung-ung-dung-smartthings-dieu-khien-1126015\" target=\"_blank\" rel=\"noopener\">SmartThings<\/a>\u00a0gi\u00fap k\u1ebft n\u1ed1i v\u00e0 \u0111i\u1ec1u khi\u1ec3n c\u00e1c thi\u1ebft b\u1ecb \u0111i\u1ec7n t\u1eed trong nh\u00e0 nh\u01b0 m\u00e1y l\u1ea1nh, m\u00e1y gi\u1eb7t, \u0111\u00e8n th\u00f4ng minh ngay t\u1eeb m\u00e0n h\u00ecnh tivi.<\/p>\n<p>&#8211; Tivi h\u1ed7 tr\u1ee3\u00a0<strong>AirPlay 2<\/strong>\u00a0d\u1ec5 d\u00e0ng chia s\u1ebb n\u1ed9i dung t\u1eeb \u0111i\u1ec7n tho\u1ea1i l\u00ean m\u00e0n h\u00ecnh l\u1edbn m\u00e0 kh\u00f4ng c\u1ea7n d\u00e2y c\u00e1p.<\/p>\n<p>&#8211;\u00a0<strong>\u0110i\u1ec1u khi\u1ec3n b\u1eb1ng gi\u1ecdng n\u00f3i ti\u1ebfng Vi\u1ec7t<\/strong>\u00a0th\u00f4ng qua remote th\u00f4ng minh t\u00edch h\u1ee3p micro v\u00e0 tr\u1ee3 l\u00fd \u1ea3o Bixby.<\/p>\n<p><a class=\"preventdefault\" href=\"https:\/\/cdn.tgdd.vn\/Products\/Images\/1942\/303233\/smart-tivi-samsung-4k-43-inch-ua43cu8000-160323-101917.jpg\" rel=\"nofollow noopener\" target=\"_blank\"><img loading=\"lazy\" decoding=\"async\" class=\" lazyloaded\" title=\"Smart Tivi OLED Samsung AI 4K 55 inch QA55S85F - Ti\u1ec7n \u00edch\" src=\"https:\/\/cdn.tgdd.vn\/Products\/Images\/1942\/303233\/smart-tivi-samsung-4k-43-inch-ua43cu8000-160323-101917.jpg\" alt=\"Smart Tivi OLED Samsung AI 4K 55 inch QA55S85F - Ti\u1ec7n \u00edch\" width=\"1020\" height=\"570\" data-src=\"https:\/\/cdn.tgdd.vn\/Products\/Images\/1942\/303233\/smart-tivi-samsung-4k-43-inch-ua43cu8000-160323-101917.jpg\" \/><\/a><\/p>\n<p><em>*H\u00ecnh \u1ea3nh ch\u1ec9 mang t\u00ednh ch\u1ea5t minh ho\u1ea1<\/em><\/p>\n<p><em>Samsung QA55S85F l\u00e0 l\u1ef1a ch\u1ecdn l\u00fd t\u01b0\u1edfng cho nh\u1eefng ai y\u00eau th\u00edch ch\u1ea5t l\u01b0\u1ee3ng h\u00ecnh \u1ea3nh cao c\u1ea5p, \u00e2m thanh s\u1ed1ng \u0111\u1ed9ng v\u00e0 kh\u1ea3 n\u0103ng \u0111i\u1ec1u khi\u1ec3n th\u00f4ng minh. V\u1edbi t\u1ea5m n\u1ec1n OLED, b\u1ed9 x\u1eed l\u00fd AI NQ4 Gen2 m\u1ea1nh m\u1ebd v\u00e0 h\u1ec7 sinh th\u00e1i Samsung ho\u00e0n ch\u1ec9nh, s\u1ea3n ph\u1ea9m kh\u00f4ng ch\u1ec9 \u0111\u00e1p \u1ee9ng nhu c\u1ea7u gi\u1ea3i tr\u00ed m\u00e0 c\u00f2n n\u00e2ng t\u1ea7m kh\u00f4ng gian s\u1ed1ng hi\u1ec7n \u0111\u1ea1i.<\/em><\/p>\n<p><script src=\"chrome-extension:\/\/fpelahbljekknahkcaegamhcndkfpfnc\/iFrame.js\" type=\"text\/javascript\"><\/script><\/p>\n<p><script src=\"chrome-extension:\/\/fpelahbljekknahkcaegamhcndkfpfnc\/iFrame.js\" type=\"text\/javascript\"><\/script><\/p>\n","protected":false},"excerpt":{"rendered":"<p>&nbsp;<\/p>\n<p><script src=\"chrome-extension:\/\/fpelahbljekknahkcaegamhcndkfpfnc\/iFrame.js\" type=\"text\/javascript\"><\/script><\/p>\n<p><script src=\"chrome-extension:\/\/fpelahbljekknahkcaegamhcndkfpfnc\/iFrame.js\" type=\"text\/javascript\"><\/script><\/p>\n<p><script src=\"chrome-extension:\/\/fpelahbljekknahkcaegamhcndkfpfnc\/iFrame.js\" type=\"text\/javascript\"><\/script><\/p>\n<p><script src=\"chrome-extension:\/\/fpelahbljekknahkcaegamhcndkfpfnc\/iFrame.js\" type=\"text\/javascript\"><\/script><\/p>\n<p><script src=\"chrome-extension:\/\/fpelahbljekknahkcaegamhcndkfpfnc\/iFrame.js\" type=\"text\/javascript\"><\/script><\/p>\n<p><script src=\"chrome-extension:\/\/fpelahbljekknahkcaegamhcndkfpfnc\/iFrame.js\" type=\"text\/javascript\"><\/script><\/p>\n<p><script src=\"chrome-extension:\/\/fpelahbljekknahkcaegamhcndkfpfnc\/iFrame.js\" type=\"text\/javascript\"><\/script><\/p>\n<p><script src=\"chrome-extension:\/\/fpelahbljekknahkcaegamhcndkfpfnc\/iFrame.js\" type=\"text\/javascript\"><\/script><\/p>\n<p><script src=\"chrome-extension:\/\/fpelahbljekknahkcaegamhcndkfpfnc\/iFrame.js\" type=\"text\/javascript\"><\/script><\/p>\n","protected":false},"featured_media":4813,"comment_status":"open","ping_status":"closed","template":"","meta":[],"product_brand":[88],"product_cat":[68,140],"product_tag":[],"class_list":{"0":"post-4143","1":"product","2":"type-product","3":"status-publish","4":"has-post-thumbnail","6":"product_brand-samsung","7":"product_cat-smart-tv","8":"product_cat-tv-oled","9":"pa_kich-co-man-hinh-55-inch","11":"first","12":"instock","13":"sale","14":"shipping-taxable","15":"purchasable","16":"product-type-simple"},"_links":{"self":[{"href":"https:\/\/tivi-samsung.com\/index.php?rest_route=\/wp\/v2\/product\/4143","targetHints":{"allow":["GET"]}}],"collection":[{"href":"https:\/\/tivi-samsung.com\/index.php?rest_route=\/wp\/v2\/product"}],"about":[{"href":"https:\/\/tivi-samsung.com\/index.php?rest_route=\/wp\/v2\/types\/product"}],"replies":[{"embeddable":true,"href":"https:\/\/tivi-samsung.com\/index.php?rest_route=%2Fwp%2Fv2%2Fcomments&post=4143"}],"version-history":[{"count":13,"href":"https:\/\/tivi-samsung.com\/index.php?rest_route=\/wp\/v2\/product\/4143\/revisions"}],"predecessor-version":[{"id":8477,"href":"https:\/\/tivi-samsung.com\/index.php?rest_route=\/wp\/v2\/product\/4143\/revisions\/8477"}],"wp:featuredmedia":[{"embeddable":true,"href":"https:\/\/tivi-samsung.com\/index.php?rest_route=\/wp\/v2\/media\/4813"}],"wp:attachment":[{"href":"https:\/\/tivi-samsung.com\/index.php?rest_route=%2Fwp%2Fv2%2Fmedia&parent=4143"}],"wp:term":[{"taxonomy":"product_brand","embeddable":true,"href":"https:\/\/tivi-samsung.com\/index.php?rest_route=%2Fwp%2Fv2%2Fproduct_brand&post=4143"},{"taxonomy":"product_cat","embeddable":true,"href":"https:\/\/tivi-samsung.com\/index.php?rest_route=%2Fwp%2Fv2%2Fproduct_cat&post=4143"},{"taxonomy":"product_tag","embeddable":true,"href":"https:\/\/tivi-samsung.com\/index.php?rest_route=%2Fwp%2Fv2%2Fproduct_tag&post=4143"}],"curies":[{"name":"wp","href":"https:\/\/api.w.org\/{rel}","templated":true}]}}