{"id":4138,"date":"2025-09-16T12:00:47","date_gmt":"2025-09-16T12:00:47","guid":{"rendered":"https:\/\/tivi-samsung.com\/?post_type=product&#038;p=4138"},"modified":"2025-10-15T01:02:50","modified_gmt":"2025-10-14T18:02:50","slug":"smart-tivi-neo-qled-samsung-ai-4k-55-inch-qa55qn90c","status":"publish","type":"product","link":"https:\/\/tivi-samsung.com\/?product=smart-tivi-neo-qled-samsung-ai-4k-55-inch-qa55qn90c","title":{"rendered":"Smart Tivi Neo QLED Samsung AI 4K 55 inch QA55QN90C"},"content":{"rendered":"<p><strong>Th\u00f4ng tin s\u1ea3n ph\u1ea9m<\/strong><\/p>\n<p><a href=\"https:\/\/tokoo.vn\/danh-muc\/samsung-tvs\/\" target=\"_blank\" rel=\"noopener\"><strong>Smart Tivi Neo QLED 4K 55 inch Samsung QA55QN90C<\/strong> <\/a>cho b\u1ea1n cho\u00e1ng ng\u1ee3p v\u1edbi khung h\u00ecnh 4K s\u1eafc n\u00e9t, h\u00ecnh \u1ea3nh chi ti\u1ebft, m\u00e0u \u0111en s\u00e2u nh\u1edd b\u1ed9 x\u1eed l\u00fd <strong>Neural Quantum 4K AI 20 n\u01a1-ron<\/strong>, c\u00f4ng ngh\u1ec7 <strong>Quantum Matrix Technology 14 bit,<\/strong> c\u00f4ng ngh\u1ec7 <strong>Neo Quantum HDR+<\/strong> t\u1ea1o n\u00ean khung h\u00ecnh v\u1edbi \u0111\u1ed9 s\u00e1ng \u1ea5n t\u01b0\u1ee3ng, m\u00e0u s\u1eafc s\u1ed1ng \u0111\u1ed9ng, tr\u1ea3i nghi\u1ec7m \u00e2m thanh \u0111a chi\u1ec1u l\u00f4i cu\u1ed1n nh\u1edd c\u00f4ng ngh\u1ec7 Dolby Atmos, \u0111i\u1ec1u khi\u1ec3n b\u1eb1ng gi\u1ecdng n\u00f3i ti\u1ebfng Vi\u1ec7t d\u1ec5 d\u00e0ng v\u1edbi Bixby.<\/p>\n<p><strong>T\u1ed5ng quan thi\u1ebft k\u1ebf<\/strong><\/p>\n<p>&#8211; Thi\u1ebft k\u1ebf d\u1ea1ng <strong>NeoSlim<\/strong> sang tr\u1ecdng, \u0111\u01b0\u1eddng n\u00e9t tinh t\u1ebf, \u0111\u01b0\u1eddng vi\u1ec1n c\u00f3 \u0111\u1ed9 d\u00e0y nh\u1ecf cho ph\u1ea1m vi hi\u1ec3n th\u1ecb n\u1ed9i dung r\u1ed9ng r\u00e3i, ng\u01b0\u1eddi xem \u0111\u1eafm ch\u00ecm trong ch\u01b0\u01a1ng tr\u00ecnh y\u00eau th\u00edch m\u00e0 kh\u00f4ng h\u1ec1 b\u1ecb xao nh\u00e3ng t\u1ea7m nh\u00ecn.<\/p>\n<p>&#8211; B\u1ea1n c\u00f3 th\u1ec3 b\u1ed1 tr\u00ed tivi ki\u1ec3u treo t\u01b0\u1eddng ho\u1eb7c \u0111\u1ec3 b\u00e0n t\u00f9y theo thi\u1ebft k\u1ebf n\u1ed9i th\u1ea5t, kh\u00f4ng gian ph\u00f2ng kh\u00e1c nhau. V\u1edbi k\u00edch c\u1ee1 m\u00e0n h\u00ecnh <strong>55 inch<\/strong>, thi\u1ebft b\u1ecb ph\u00f9 h\u1ee3p s\u1eed d\u1ee5ng cho nh\u1eefng c\u0103n ph\u00f2ng c\u00f3 di\u1ec7n t\u00edch v\u1eeba v\u00e0 l\u1edbn.<\/p>\n<p><img fetchpriority=\"high\" decoding=\"async\" class=\"alignnone wp-image-6928\" src=\"https:\/\/tivi-samsung.com\/wp-content\/uploads\/2025\/09\/smart-tivi-neo-qled-4k-55-inch-samsung-qa55qn90c-140323-103012-300x168.jpg\" alt=\"\" width=\"979\" height=\"548\" srcset=\"https:\/\/tivi-samsung.com\/wp-content\/uploads\/2025\/09\/smart-tivi-neo-qled-4k-55-inch-samsung-qa55qn90c-140323-103012-300x168.jpg 300w, https:\/\/tivi-samsung.com\/wp-content\/uploads\/2025\/09\/smart-tivi-neo-qled-4k-55-inch-samsung-qa55qn90c-140323-103012-768x429.jpg 768w, https:\/\/tivi-samsung.com\/wp-content\/uploads\/2025\/09\/smart-tivi-neo-qled-4k-55-inch-samsung-qa55qn90c-140323-103012-450x251.jpg 450w, https:\/\/tivi-samsung.com\/wp-content\/uploads\/2025\/09\/smart-tivi-neo-qled-4k-55-inch-samsung-qa55qn90c-140323-103012-600x335.jpg 600w, https:\/\/tivi-samsung.com\/wp-content\/uploads\/2025\/09\/smart-tivi-neo-qled-4k-55-inch-samsung-qa55qn90c-140323-103012-150x84.jpg 150w, https:\/\/tivi-samsung.com\/wp-content\/uploads\/2025\/09\/smart-tivi-neo-qled-4k-55-inch-samsung-qa55qn90c-140323-103012.jpg 1020w\" sizes=\"(max-width: 979px) 100vw, 979px\" \/><\/p>\n<p><strong>C\u00f4ng ngh\u1ec7 h\u00ecnh \u1ea3nh<\/strong><\/p>\n<p>&#8211; <strong>\u0110\u1ed9 ph\u00e2n gi\u1ea3i 4K (3.840 x 2.160 pixel)<\/strong> hi\u1ec3n th\u1ecb h\u00ecnh \u1ea3nh s\u1eafc n\u00e9t, s\u1ed1ng \u0111\u1ed9ng.<\/p>\n<p>&#8211; <strong>B\u1ed9 x\u1eed l\u00fd Neural Quantum 4K AI 20 n\u01a1-ron<\/strong> \u0111i\u1ec1u ch\u1ec9nh h\u00ecnh \u1ea3nh, \u00e2m thanh v\u00e0 nhi\u1ec1u y\u1ebfu t\u1ed1 kh\u00e1c \u0111\u1ec3 mang \u0111\u1ebfn tr\u1ea3i nghi\u1ec7m xem ho\u00e0n m\u1ef9 nh\u1ea5t cho b\u1ea1n, n\u00e2ng cao h\u00ecnh \u1ea3nh l\u00ean ch\u1ea5t l\u01b0\u1ee3ng 4K t\u1ef1 \u0111\u1ed9ng b\u1eb1ng AI, mang \u0111\u1ebfn khung h\u00ecnh chi ti\u1ebft \u0111\u00e1ng kinh ng\u1ea1c.<\/p>\n<p>&#8211; <strong>C\u00f4ng ngh\u1ec7 Quantum Matrix Technology 14 bit<\/strong> v\u00e0<strong> Quantum Mini LED<\/strong> ki\u1ec3m so\u00e1t d\u00e0n \u0111\u00e8n Mini LED t\u1ed1i \u01b0u \u0111\u1ed9 s\u00e1ng \u0111\u1ec3 d\u00f9 trong khung h\u00ecnh s\u00e1ng b\u1eebng hay t\u1ed1i \u0111en th\u00ec h\u00ecnh \u1ea3nh c\u0169ng \u0111\u1ea1t \u0111\u1ed9 chi ti\u1ebft \u1ea5n t\u01b0\u1ee3ng.<\/p>\n<p>&#8211; <strong>C\u00f4ng ngh\u1ec7 Neo Quantum HDR+<\/strong> th\u1ecfa m\u00e3n \u0111\u00f4i m\u1eaft b\u1ea1n v\u1edbi khung h\u00ecnh ch\u1ea5t l\u01b0\u1ee3ng 4K r\u00f5 n\u00e9t, m\u00e0u s\u1eafc sinh \u0111\u1ed9ng, h\u00fat m\u1eaft.<\/p>\n<p><strong>&#8211; C\u00f4ng ngh\u1ec7 AI HDR Remastering<\/strong> s\u1eed d\u1ee5ng thu\u1eadt to\u00e1n \u0111\u1ec3 n\u00e2ng c\u1ea5p h\u00ecnh \u1ea3nh <strong>SDR l\u00ean HDR,<\/strong> l\u00e0m c\u00e1c chi ti\u1ebft, m\u00e0u s\u1eafc tr\u1edf n\u00ean n\u1ed5i b\u1eadt.<\/p>\n<p>&#8211;<strong> C\u00f4ng ngh\u1ec7 Anti Reflection<\/strong> lo\u1ea1i b\u1ecf hi\u1ec7n t\u01b0\u1ee3ng ph\u1ea3n chi\u1ebfu \u00e1nh s\u00e1ng \u0111\u1ec3 b\u1ea1n \u0111\u01b0\u1ee3c xem c\u00e1c n\u1ed9i dung v\u1edbi ch\u1ea5t l\u01b0\u1ee3ng \u0111\u1ed3ng nh\u1ea5t v\u00e0o c\u1ea3 ban ng\u00e0y v\u00e0 \u0111\u00eam. Ch\u1ebf \u0111\u1ed9 <strong>EyeComfort<\/strong> t\u1ef1 \u0111\u1ed9ng gi\u1ea3m \u0111\u1ed9 s\u00e1ng ho\u1eb7c m\u00e0u s\u1eafc khi \u00e1nh s\u00e1ng m\u00f4i tr\u01b0\u1eddng thay \u0111\u1ed5i nh\u1eb1m gi\u00fap l\u00e0m d\u1ecbu \u0111\u00f4i m\u1eaft \u0111\u1ec3 b\u1ea1n theo d\u00f5i c\u00e1c b\u1ed9 phim v\u1edbi tr\u1ea1ng th\u00e1i tho\u1ea3i m\u00e1i nh\u1ea5t.<\/p>\n<p>&#8211; <strong>C\u00f4ng ngh\u1ec7 Motion Xcelerator Turbo+<\/strong> t\u0103ng c\u01b0\u1eddng chuy\u1ec3n \u0111\u1ed9ng v\u1edbi t\u1ea7n s\u1ed1 qu\u00e9t t\u1ed1i \u0111a 120 Hz cho b\u1ea1n th\u01b0\u1edfng th\u1ee9c c\u00e1c c\u1ea3nh quay \u0111ua xe, v\u00f5 thu\u1eadt ph\u1ea5n kh\u00edch, cu\u1ed3ng nhi\u1ec7t h\u01a1n.<\/p>\n<p>&#8211; Ch\u1ebf \u0111\u1ed9 gi\u1ea3m \u0111\u1ed9 tr\u1ec5 khi ch\u01a1i game<strong> Auto Low Latency Mode (ALLM)<\/strong>, c\u00f4ng ngh\u1ec7 ch\u1ed1ng x\u00e9 h\u00ecnh FreeSync Premium Pro v\u00e0 ch\u1ebf \u0111\u1ed9 Game Motion Plus cho b\u1ea1n tr\u1ea3i nghi\u1ec7m game m\u01b0\u1ee3t m\u00e0, n\u1eafm th\u1ebf ch\u1ee7 \u0111\u1ed9ng tr\u00ean m\u1ecdi tr\u1eadn chi\u1ebfn.<\/p>\n<p>Ch\u1ebf \u0111\u1ed9 <strong>EyeComfort<\/strong> t\u1ef1 \u0111\u1ed9ng gi\u1ea3m s\u00e1ng m\u00e0u s\u1eafc ho\u1eb7c \u00e1nh s\u00e1ng c\u1ee7a m\u00f4i tr\u01b0\u1eddng xung quanh \u0111\u1ec3 cho ng\u01b0\u1eddi xem d\u1ecbu m\u1eaft h\u01a1n cho b\u1ea1n th\u01b0\u1edfng th\u1ee9c n\u1ed9i dung tho\u1ea3i m\u00e1i nh\u1ea5t c\u00f3 th\u1ec3.<\/p>\n<p>Tivi \u0111\u1ea7u ti\u00ean tr\u00ean th\u1ebf gi\u1edbi \u0111\u1ea1t ch\u1ee9ng nh\u1eadn <strong>PANTONE, Samsung QLED<\/strong> l\u00e0 bi\u1ec3u t\u01b0\u1ee3ng c\u1ee7a m\u00e0u s\u1eafc ch\u00e2n th\u1ef1c, cho ng\u01b0\u1eddi d\u00f9ng t\u1eadn h\u01b0\u1edfng m\u00e0u s\u1eafc s\u1ed1ng \u0111\u1ed9ng v\u00e0 \u0111\u1eb9p m\u1eaft h\u01a1n bao gi\u1edd h\u1ebft.<\/p>\n<p><img decoding=\"async\" class=\"alignnone wp-image-5469\" src=\"https:\/\/tivi-samsung.com\/wp-content\/uploads\/2025\/09\/smart-samsung-4k-85-inch-ua85bu8000-140322-064210-1-300x168.jpg\" alt=\"\" width=\"1782\" height=\"998\" srcset=\"https:\/\/tivi-samsung.com\/wp-content\/uploads\/2025\/09\/smart-samsung-4k-85-inch-ua85bu8000-140322-064210-1-300x168.jpg 300w, https:\/\/tivi-samsung.com\/wp-content\/uploads\/2025\/09\/smart-samsung-4k-85-inch-ua85bu8000-140322-064210-1-768x429.jpg 768w, https:\/\/tivi-samsung.com\/wp-content\/uploads\/2025\/09\/smart-samsung-4k-85-inch-ua85bu8000-140322-064210-1-450x251.jpg 450w, https:\/\/tivi-samsung.com\/wp-content\/uploads\/2025\/09\/smart-samsung-4k-85-inch-ua85bu8000-140322-064210-1-600x335.jpg 600w, https:\/\/tivi-samsung.com\/wp-content\/uploads\/2025\/09\/smart-samsung-4k-85-inch-ua85bu8000-140322-064210-1-150x84.jpg 150w, https:\/\/tivi-samsung.com\/wp-content\/uploads\/2025\/09\/smart-samsung-4k-85-inch-ua85bu8000-140322-064210-1.jpg 1020w\" sizes=\"(max-width: 1782px) 100vw, 1782px\" \/><\/p>\n<p><strong>C\u00f4ng ngh\u1ec7 \u00e2m thanh<\/strong><\/p>\n<p>&#8211; <strong>Smart tivi t<\/strong>rang b\u1ecb h\u1ec7 th\u1ed1ng loa 4.2.2, t\u1ed5ng c\u00f4ng su\u1ea5t l\u00ean \u0111\u1ebfn 60W cho b\u1ea1n t\u1eadn h\u01b0\u1edfng c\u00e1c n\u1ed9i dung gi\u1ea3i tr\u00ed v\u1edbi ch\u1ea5t \u00e2m vang d\u1ed9i, \u0111\u00e3 tai.<\/p>\n<p>&#8211; <strong>C\u00f4ng ngh\u1ec7 Dolby Atmos<\/strong> mang \u0111\u1ebfn tr\u1ea3i nghi\u1ec7m \u00e2m thanh \u0111a chi\u1ec1u lan t\u1ecfa kh\u1eafp c\u0103n ph\u00f2ng cho b\u1ea1n c\u1ea3m th\u1ea5y nh\u01b0 m\u00ecnh \u0111ang c\u00f3 m\u1eb7t trong c\u1ea3nh phim th\u1ef1c s\u1ef1.<\/p>\n<p>&#8211; <strong>C\u00f4ng ngh\u1ec7 OTS+<\/strong> v\u1edbi \u00e2m thanh theo d\u1ea5u chuy\u1ec3n \u0111\u1ed9ng c\u1ee7a h\u00ecnh \u1ea3nh cho tr\u1ea3i nghi\u1ec7m \u0111\u1eafm ch\u00ecm h\u01a1n.<\/p>\n<p>&#8211; <strong>C\u00f4ng ngh\u1ec7 AVA<\/strong> t\u0103ng \u00e2m l\u01b0\u1ee3ng cu\u1ed9c tr\u00f2 chuy\u1ec7n tr\u00ean m\u00e0n h\u00ecnh khi m\u00f4i tr\u01b0\u1eddng b\u00ean ngo\u00e0i \u1ed3n \u00e0o v\u00e0 gi\u1ea3m \u00e2m l\u01b0\u1ee3ng khi \u0111\u1ed9 \u1ed3n h\u1ea1 th\u1ea5p \u0111\u1ec3 b\u1ea1n lu\u00f4n nghe r\u00f5 c\u00e1c th\u00f4ng tin \u0111\u01b0\u1ee3c truy\u1ec1n \u0111\u1ea1t gi\u1eefa c\u00e1c nh\u00e2n v\u1eadt.<\/p>\n<p>&#8211; <strong>C\u00f4ng ngh\u1ec7 Q-Symphony 3.0<\/strong> k\u1ebft n\u1ed1i loa tivi v\u00e0 loa thanh \u0111\u1ec3 ki\u1ebfn t\u1ea1o kh\u00f4ng gian gi\u1ea3i tr\u00ed s\u1ed1ng \u0111\u1ed9ng, cho b\u1ea1n th\u0103ng hoa c\u00f9ng b\u1ea3n giao h\u01b0\u1edfng tuy\u1ec7t v\u1eddi.<\/p>\n<p><img decoding=\"async\" class=\"alignnone wp-image-5425\" src=\"https:\/\/tivi-samsung.com\/wp-content\/uploads\/2025\/09\/532fd870b26c0ff96f74c42902070db9-300x200.jpg\" alt=\"\" width=\"1818\" height=\"1212\" srcset=\"https:\/\/tivi-samsung.com\/wp-content\/uploads\/2025\/09\/532fd870b26c0ff96f74c42902070db9-300x200.jpg 300w, https:\/\/tivi-samsung.com\/wp-content\/uploads\/2025\/09\/532fd870b26c0ff96f74c42902070db9-768x512.jpg 768w, https:\/\/tivi-samsung.com\/wp-content\/uploads\/2025\/09\/532fd870b26c0ff96f74c42902070db9-450x300.jpg 450w, https:\/\/tivi-samsung.com\/wp-content\/uploads\/2025\/09\/532fd870b26c0ff96f74c42902070db9-600x400.jpg 600w, https:\/\/tivi-samsung.com\/wp-content\/uploads\/2025\/09\/532fd870b26c0ff96f74c42902070db9-150x100.jpg 150w, https:\/\/tivi-samsung.com\/wp-content\/uploads\/2025\/09\/532fd870b26c0ff96f74c42902070db9.jpg 1020w\" sizes=\"(max-width: 1818px) 100vw, 1818px\" \/><\/p>\n<p><strong>H\u1ec7 \u0111i\u1ec1u h\u00e0nh<\/strong><\/p>\n<p>&#8211;\u00a0Giao di\u1ec7n h\u1ec7 \u0111i\u1ec1u h\u00e0nh\u00a0<strong>Tizen\u2122<\/strong>\u00a0\u0111\u01b0\u1ee3c c\u1ea3i ti\u1ebfn cho ng\u01b0\u1eddi d\u00f9ng thao t\u00e1c linh ho\u1ea1t, truy c\u1eadp c\u00e1c n\u1ed9i dung nhanh ch\u00f3ng, ti\u1ebft ki\u1ec7m th\u1eddi gian cho vi\u1ec7c t\u00ecm ki\u1ebfm.<\/p>\n<p><img loading=\"lazy\" decoding=\"async\" class=\"alignnone wp-image-5422\" src=\"https:\/\/tivi-samsung.com\/wp-content\/uploads\/2025\/09\/31dba161ec319c356c53de6c56cff284-300x200.jpg\" alt=\"\" width=\"1815\" height=\"1210\" srcset=\"https:\/\/tivi-samsung.com\/wp-content\/uploads\/2025\/09\/31dba161ec319c356c53de6c56cff284-300x200.jpg 300w, https:\/\/tivi-samsung.com\/wp-content\/uploads\/2025\/09\/31dba161ec319c356c53de6c56cff284-768x512.jpg 768w, https:\/\/tivi-samsung.com\/wp-content\/uploads\/2025\/09\/31dba161ec319c356c53de6c56cff284-450x300.jpg 450w, https:\/\/tivi-samsung.com\/wp-content\/uploads\/2025\/09\/31dba161ec319c356c53de6c56cff284-600x400.jpg 600w, https:\/\/tivi-samsung.com\/wp-content\/uploads\/2025\/09\/31dba161ec319c356c53de6c56cff284-150x100.jpg 150w, https:\/\/tivi-samsung.com\/wp-content\/uploads\/2025\/09\/31dba161ec319c356c53de6c56cff284.jpg 1020w\" sizes=\"(max-width: 1815px) 100vw, 1815px\" \/><\/p>\n<p><strong>Ti\u1ec7n \u00edch<\/strong><\/p>\n<p>&#8211; \u0110i\u1ec1u khi\u1ec3n<strong> tivi Samsung<\/strong> b\u1eb1ng gi\u1ecdng n\u00f3i ti\u1ebfng Vi\u1ec7t nh\u1edd tr\u1ee3 l\u00fd \u1ea3o Bixby, cho ng\u01b0\u1eddi l\u1edbn tu\u1ed5i d\u1ec5 d\u00e0ng s\u1eed d\u1ee5ng tivi m\u00e0 kh\u00f4ng c\u1ea7n s\u1ef1 h\u1ed7 tr\u1ee3 t\u1eeb ng\u01b0\u1eddi kh\u00e1c.<\/p>\n<p>&#8211; <strong>\u1ee8ng d\u1ee5ng Google Duo<\/strong> (mua th\u00eam camera) cung c\u1ea5p cho b\u1ea1n gi\u1ea3i ph\u00e1p linh ho\u1ea1t \u0111\u1ec3 th\u1ef1c hi\u1ec7n c\u00e1c cu\u1ed9c h\u1ecdp, cu\u1ed9c g\u1eb7p m\u1eb7t t\u1eeb xa ngay t\u1ea1i nh\u00e0 c\u1ee7a m\u00ecnh.<\/p>\n<p>&#8211; <strong>SmartThings<\/strong> gi\u00fap b\u1ea1n thao t\u00e1c, qu\u1ea3n l\u00fd c\u00e1c thi\u1ebft b\u1ecb \u0111i\u1ec7n t\u1eed trong nh\u00e0 \u0111\u01a1n gi\u1ea3n, nh\u1edd \u0111\u00f3, b\u1ea1n c\u00f3 th\u1ec3 \u0111i\u1ec1u khi\u1ec3n \u0111\u00e8n trong ph\u00f2ng kh\u00e1ch m\u00e0 ch\u1eb3ng c\u1ea7n ph\u1ea3i ti\u1ebfp c\u1eadn c\u00f4ng t\u1eafc \u0111\u00e8n.<\/p>\n<p>&#8211; One Remote s\u1ea1c qua USB C v\u00e0 \u00e1nh s\u00e1ng, chi\u1ebfc remote th\u00e2n thi\u1ec7n v\u1edbi m\u00f4i tr\u01b0\u1eddng khi cho ph\u00e9p b\u1ea1n n\u1ea1p n\u0103ng l\u01b0\u1ee3ng v\u1edbi b\u1ea5t k\u1ef3 ngu\u1ed3n s\u00e1ng n\u00e0o.<\/p>\n<p>&#8211; T\u00ednh n\u0103ng <strong>Multi View<\/strong> chia tivi th\u00e0nh nhi\u1ec1u m\u00e0n h\u00ecnh nh\u1ecf v\u1eeba chi\u1ebfu n\u1ed9i dung tr\u00ean tivi v\u1eeba chi\u1ebfu \u0111\u01b0\u1ee3c n\u1ed9i dung truy\u1ec1n ph\u00e1t t\u1eeb thi\u1ebft b\u1ecb kh\u00e1c \u0111\u1ec3 b\u1ea1n theo d\u00f5i \u0111\u1ed3ng th\u1eddi nhi\u1ec1u ch\u01b0\u01a1ng tr\u00ecnh d\u1ec5 d\u00e0ng.<\/p>\n<p>&#8211; <strong>T\u00ednh n\u0103ng AirPlay 2 (iPhone), Screen Mirroring (Android), Tap View<\/strong> cho ng\u01b0\u1eddi d\u00f9ng g\u1eedi t\u00edn hi\u1ec7u h\u00ecnh \u1ea3nh, video t\u1eeb \u0111i\u1ec7n tho\u1ea1i l\u00ean tivi nhanh ch\u00f3ng, chia s\u1ebb v\u00e0 tr\u1ea3i nghi\u1ec7m c\u00f9ng m\u1ecdi ng\u01b0\u1eddi thu\u1eadn ti\u1ec7n h\u01a1n.<\/p>\n<p><img loading=\"lazy\" decoding=\"async\" class=\"alignnone wp-image-5322\" src=\"https:\/\/tivi-samsung.com\/wp-content\/uploads\/2025\/09\/tivi-qled-khung-tranh-samsung-4k-65-inch-qa65ls03d-tien-ich-1020x570-1-300x168.jpg\" alt=\"\" width=\"1814\" height=\"1016\" srcset=\"https:\/\/tivi-samsung.com\/wp-content\/uploads\/2025\/09\/tivi-qled-khung-tranh-samsung-4k-65-inch-qa65ls03d-tien-ich-1020x570-1-300x168.jpg 300w, https:\/\/tivi-samsung.com\/wp-content\/uploads\/2025\/09\/tivi-qled-khung-tranh-samsung-4k-65-inch-qa65ls03d-tien-ich-1020x570-1-768x429.jpg 768w, https:\/\/tivi-samsung.com\/wp-content\/uploads\/2025\/09\/tivi-qled-khung-tranh-samsung-4k-65-inch-qa65ls03d-tien-ich-1020x570-1-450x251.jpg 450w, https:\/\/tivi-samsung.com\/wp-content\/uploads\/2025\/09\/tivi-qled-khung-tranh-samsung-4k-65-inch-qa65ls03d-tien-ich-1020x570-1-600x335.jpg 600w, https:\/\/tivi-samsung.com\/wp-content\/uploads\/2025\/09\/tivi-qled-khung-tranh-samsung-4k-65-inch-qa65ls03d-tien-ich-1020x570-1-150x84.jpg 150w, https:\/\/tivi-samsung.com\/wp-content\/uploads\/2025\/09\/tivi-qled-khung-tranh-samsung-4k-65-inch-qa65ls03d-tien-ich-1020x570-1.jpg 1020w\" sizes=\"(max-width: 1814px) 100vw, 1814px\" \/><\/p>\n<p><em>V\u1edbi th\u00e0nh c\u00f4ng t\u1eeb s\u1ea3n ph\u1ea9m<strong> Smart Tivi Neo QLED 4K 55 inch Samsung QA55QN90B<\/strong> \u0111\u01b0\u1ee3c ra m\u1eaft n\u0103m 2022, Samsung ra m\u1eaft phi\u00ean b\u1ea3n n\u0103m 2023 Smart Tivi Neo QLED 4K 55 inch Samsung QA55QN90C x\u1ee9ng \u0111\u00e1ng c\u00f3 m\u1eb7t trong ng\u00f4i nh\u00e0 Vi\u1ec7t nh\u1edd thi\u1ebft k\u1ebf cao c\u1ea5p, t\u00e1i t\u1ea1o h\u00ecnh \u1ea3nh chu\u1ea9n 4K tuy\u1ec7t \u0111\u1eb9p, \u00e2m thanh \u0111a chi\u1ec1u ch\u00e2n th\u1ef1c nh\u1edd c\u00f3 b\u1ed9 x\u1eed l\u00fd Neural Quantum 4K AI 20 n\u01a1-ron, c\u00f4ng ngh\u1ec7 Quantum Matrix Technology 14 bit, Neo Quantum HDR+, AI HDR Remastering, OTS+, Dolby Atmos,&#8230; h\u1ed7 tr\u1ee3 nhi\u1ec1u ti\u1ec7n \u00edch gi\u00fap gia \u0111\u00ecnh b\u1ea1n tr\u1ea3i nghi\u1ec7m thi\u1ebft b\u1ecb th\u00eam ti\u1ec7n l\u1ee3i.<\/em><\/p>\n<p>&nbsp;<\/p>\n<p><script src=\"chrome-extension:\/\/fpelahbljekknahkcaegamhcndkfpfnc\/iFrame.js\" type=\"text\/javascript\"><\/script><\/p>\n","protected":false},"excerpt":{"rendered":"<p>&nbsp;<\/p>\n<p><script src=\"chrome-extension:\/\/fpelahbljekknahkcaegamhcndkfpfnc\/iFrame.js\" type=\"text\/javascript\"><\/script><\/p>\n<p><script src=\"chrome-extension:\/\/fpelahbljekknahkcaegamhcndkfpfnc\/iFrame.js\" type=\"text\/javascript\"><\/script><\/p>\n<p><script src=\"chrome-extension:\/\/fpelahbljekknahkcaegamhcndkfpfnc\/iFrame.js\" type=\"text\/javascript\"><\/script><\/p>\n<p><script src=\"chrome-extension:\/\/fpelahbljekknahkcaegamhcndkfpfnc\/iFrame.js\" type=\"text\/javascript\"><\/script><\/p>\n<p><script src=\"chrome-extension:\/\/fpelahbljekknahkcaegamhcndkfpfnc\/iFrame.js\" type=\"text\/javascript\"><\/script><\/p>\n<p><script src=\"chrome-extension:\/\/fpelahbljekknahkcaegamhcndkfpfnc\/iFrame.js\" type=\"text\/javascript\"><\/script><\/p>\n<p><script src=\"chrome-extension:\/\/fpelahbljekknahkcaegamhcndkfpfnc\/iFrame.js\" type=\"text\/javascript\"><\/script><\/p>\n<p><script src=\"chrome-extension:\/\/fpelahbljekknahkcaegamhcndkfpfnc\/iFrame.js\" type=\"text\/javascript\"><\/script><\/p>\n<p><script src=\"chrome-extension:\/\/fpelahbljekknahkcaegamhcndkfpfnc\/iFrame.js\" type=\"text\/javascript\"><\/script><\/p>\n<p><script src=\"chrome-extension:\/\/fpelahbljekknahkcaegamhcndkfpfnc\/iFrame.js\" type=\"text\/javascript\"><\/script><\/p>\n","protected":false},"featured_media":4835,"comment_status":"open","ping_status":"closed","template":"","meta":[],"product_brand":[88],"product_cat":[68],"product_tag":[],"class_list":{"0":"post-4138","1":"product","2":"type-product","3":"status-publish","4":"has-post-thumbnail","6":"product_brand-samsung","7":"product_cat-smart-tv","8":"pa_kich-co-man-hinh-55-inch","10":"first","11":"instock","12":"sale","13":"shipping-taxable","14":"purchasable","15":"product-type-simple"},"_links":{"self":[{"href":"https:\/\/tivi-samsung.com\/index.php?rest_route=\/wp\/v2\/product\/4138","targetHints":{"allow":["GET"]}}],"collection":[{"href":"https:\/\/tivi-samsung.com\/index.php?rest_route=\/wp\/v2\/product"}],"about":[{"href":"https:\/\/tivi-samsung.com\/index.php?rest_route=\/wp\/v2\/types\/product"}],"replies":[{"embeddable":true,"href":"https:\/\/tivi-samsung.com\/index.php?rest_route=%2Fwp%2Fv2%2Fcomments&post=4138"}],"version-history":[{"count":13,"href":"https:\/\/tivi-samsung.com\/index.php?rest_route=\/wp\/v2\/product\/4138\/revisions"}],"predecessor-version":[{"id":8480,"href":"https:\/\/tivi-samsung.com\/index.php?rest_route=\/wp\/v2\/product\/4138\/revisions\/8480"}],"wp:featuredmedia":[{"embeddable":true,"href":"https:\/\/tivi-samsung.com\/index.php?rest_route=\/wp\/v2\/media\/4835"}],"wp:attachment":[{"href":"https:\/\/tivi-samsung.com\/index.php?rest_route=%2Fwp%2Fv2%2Fmedia&parent=4138"}],"wp:term":[{"taxonomy":"product_brand","embeddable":true,"href":"https:\/\/tivi-samsung.com\/index.php?rest_route=%2Fwp%2Fv2%2Fproduct_brand&post=4138"},{"taxonomy":"product_cat","embeddable":true,"href":"https:\/\/tivi-samsung.com\/index.php?rest_route=%2Fwp%2Fv2%2Fproduct_cat&post=4138"},{"taxonomy":"product_tag","embeddable":true,"href":"https:\/\/tivi-samsung.com\/index.php?rest_route=%2Fwp%2Fv2%2Fproduct_tag&post=4138"}],"curies":[{"name":"wp","href":"https:\/\/api.w.org\/{rel}","templated":true}]}}