{"id":4130,"date":"2025-09-16T11:34:07","date_gmt":"2025-09-16T11:34:07","guid":{"rendered":"https:\/\/tivi-samsung.com\/?post_type=product&#038;p=4130"},"modified":"2025-10-15T01:03:44","modified_gmt":"2025-10-14T18:03:44","slug":"smart-tivi-qled-samsung-4k-55-inch-qa55q65a","status":"publish","type":"product","link":"https:\/\/tivi-samsung.com\/?product=smart-tivi-qled-samsung-4k-55-inch-qa55q65a","title":{"rendered":"Smart Tivi QLED Samsung 4K 55 inch QA55Q65A"},"content":{"rendered":"<p><strong>Th\u00f4ng tin s\u1ea3n ph\u1ea9m<\/strong><\/p>\n<p><a href=\"https:\/\/tokoo.vn\/danh-muc\/samsung-tvs\/\" target=\"_blank\" rel=\"noopener\"><strong>Smart Tivi QLED 4K 55 inch Samsung QA55Q65A<\/strong><\/a> v\u1edbi thi\u1ebft k\u1ebf v\u1edbi m\u00e0n h\u00ecnh tr\u00e0n vi\u1ec1n 4 c\u1ea1nh, cho ng\u01b0\u1eddi d\u00f9ng tr\u1ea3i nghi\u1ec7m khung h\u00ecnh gi\u1ea3i tr\u00ed tr\u00ean tivi ch\u00e2n th\u1ef1c nh\u01b0 th\u1ef1c t\u1ebf \u0111ang x\u1ea3y ra tr\u01b0\u1edbc m\u1eaft.<\/p>\n<p><strong>Tivi Samsung 55 inch<\/strong> c\u00f3 ch\u00e2n \u0111\u1ebf \u0111\u01b0\u1ee3c thi\u1ebft k\u1ebf g\u1ecdn g\u00e0ng, v\u1eefng ch\u1eafc. Mang l\u1ea1i s\u1ef1 thanh l\u1ecbch, sang tr\u1ecdng cho chi\u1ebfc tivi, ph\u00f9 h\u1ee3p tr\u01b0ng b\u00e0y \u1edf ph\u00f2ng kh\u00e1ch, ph\u00f2ng ng\u1ee7,&#8230;<\/p>\n<p><img fetchpriority=\"high\" decoding=\"async\" class=\"alignnone wp-image-5576\" src=\"https:\/\/tivi-samsung.com\/wp-content\/uploads\/2025\/09\/2-300x167.jpg\" alt=\"\" width=\"1716\" height=\"955\" srcset=\"https:\/\/tivi-samsung.com\/wp-content\/uploads\/2025\/09\/2-300x167.jpg 300w, https:\/\/tivi-samsung.com\/wp-content\/uploads\/2025\/09\/2-768x426.jpg 768w, https:\/\/tivi-samsung.com\/wp-content\/uploads\/2025\/09\/2-450x250.jpg 450w, https:\/\/tivi-samsung.com\/wp-content\/uploads\/2025\/09\/2-600x333.jpg 600w, https:\/\/tivi-samsung.com\/wp-content\/uploads\/2025\/09\/2-150x83.jpg 150w, https:\/\/tivi-samsung.com\/wp-content\/uploads\/2025\/09\/2.jpg 780w\" sizes=\"(max-width: 1716px) 100vw, 1716px\" \/><\/p>\n<p>M\u00e0u s\u1eafc hi\u1ec3n th\u1ecb r\u1ef1c r\u1ee1, t\u1ef1 nhi\u00ean v\u1edbi kh\u1ea3 n\u0103ng hi\u1ec3n th\u1ecb 100% d\u1ea3i m\u00e0u nh\u1edd m\u00e0n h\u00ecnh ch\u1ea5m l\u01b0\u1ee3ng t\u1eed <strong>Quantum Dot (QLED)<\/strong><\/p>\n<p>Samsung trang b\u1ecb cho chi\u1ebfc Smart tivi n\u00e0y c\u00f4ng ngh\u1ec7 m\u00e0n h\u00ecnh ch\u1ea5m l\u01b0\u1ee3ng t\u1eed<strong> Quantum Dot<\/strong> v\u1edbi kh\u1ea3 n\u0103ng hi\u1ec3n th\u1ecb 100% d\u1ea3i s\u1eafc m\u00e0u, gi\u00fap ng\u01b0\u1eddi d\u00f9ng c\u00f3 th\u1ec3 th\u01b0\u1edfng th\u1ee9c \u0111\u01b0\u1ee3c nh\u1eefng h\u00ecnh \u1ea3nh tr\u00ean tivi v\u1edbi m\u00e0u s\u1eafc v\u00f4 c\u00f9ng r\u1ef1c r\u1ee1 v\u00e0 s\u1ed1ng \u0111\u1ed9ng.<\/p>\n<p><img decoding=\"async\" class=\"alignnone wp-image-5575\" src=\"https:\/\/tivi-samsung.com\/wp-content\/uploads\/2025\/09\/3-300x167.jpg\" alt=\"\" width=\"1710\" height=\"952\" srcset=\"https:\/\/tivi-samsung.com\/wp-content\/uploads\/2025\/09\/3-300x167.jpg 300w, https:\/\/tivi-samsung.com\/wp-content\/uploads\/2025\/09\/3-450x250.jpg 450w, https:\/\/tivi-samsung.com\/wp-content\/uploads\/2025\/09\/3-600x333.jpg 600w, https:\/\/tivi-samsung.com\/wp-content\/uploads\/2025\/09\/3-150x83.jpg 150w, https:\/\/tivi-samsung.com\/wp-content\/uploads\/2025\/09\/3.jpg 780w\" sizes=\"(max-width: 1710px) 100vw, 1710px\" \/><\/p>\n<p>H\u00ecnh \u1ea3nh \u0111\u01b0\u1ee3c t\u0103ng c\u01b0\u1eddng \u0111\u1ed9 t\u01b0\u01a1ng ph\u1ea3n nh\u1edd c\u00f4ng ngh\u1ec7 <strong>Quantum HDR<\/strong><\/p>\n<p><strong>Tivi Samsung<\/strong> v\u1edbi c\u00f4ng ngh\u1ec7 <strong>Quantum HDR<\/strong> gi\u00fap h\u00ecnh \u1ea3nh t\u0103ng c\u01b0\u1eddng \u0111\u1ed9 t\u01b0\u01a1ng ph\u1ea3n, \u0111\u1ed9 chi ti\u1ebft h\u00ecnh \u1ea3nh. Ng\u01b0\u1eddi d\u00f9ng c\u00f3 th\u1ec3 th\u01b0\u1edfng th\u1ee9c \u0111\u01b0\u1ee3c nh\u1eefng c\u1ea3nh quay v\u00f4 c\u00f9ng ho\u00e0n h\u1ea3o v\u00e0 \u1ea5n t\u01b0\u1ee3ng.<\/p>\n<p>Ki\u1ec3m so\u00e1t \u0111\u00e8n n\u1ec1n t\u1ed1t nh\u1edd c\u00f4ng ngh\u1ec7 \u0111\u00e8n n\u1ec1n <strong>Dual LED<\/strong><\/p>\n<p>C\u00f4ng ngh\u1ec7 \u0111\u00e8n n\u1ec1n <strong>Dual LED<\/strong> cho ph\u00e9p \u0111i\u1ec1u ch\u1ec9nh nhi\u1ec7t \u0111\u1ed9 m\u00e0u s\u1eafc \u0111\u1ec3 ch\u00ednh x\u00e1c h\u01a1n. T\u1eeb \u0111\u00f3 gi\u00fap c\u1ea3i thi\u1ec7n \u00e1nh s\u00e1ng, \u0111\u1ed9 t\u01b0\u01a1ng ph\u1ea3n cao h\u01a1n. Gi\u00fap ng\u01b0\u1eddi xem c\u00f3 th\u1ec3 tr\u1ea3i nghi\u1ec7m nh\u1eefng n\u1ed9i dung ch\u1ea5t l\u01b0\u1ee3ng m\u00e0u s\u1eafc h\u00ecnh \u1ea3nh t\u1ed1i \u01b0u nh\u1ea5t.<\/p>\n<p>C\u00e1c c\u1ea3nh chuy\u1ec3n \u0111\u1ed9ng m\u01b0\u1ee3t m\u00e0, kh\u00f4ng b\u1ecb nh\u00f2e nh\u1edd c\u00f4ng ngh\u1ec7 Motion<strong> Xcelerator Turbo<\/strong><\/p>\n<p><img decoding=\"async\" class=\"alignnone wp-image-5571\" src=\"https:\/\/tivi-samsung.com\/wp-content\/uploads\/2025\/09\/9-300x167.jpg\" alt=\"\" width=\"1710\" height=\"952\" srcset=\"https:\/\/tivi-samsung.com\/wp-content\/uploads\/2025\/09\/9-300x167.jpg 300w, https:\/\/tivi-samsung.com\/wp-content\/uploads\/2025\/09\/9-450x250.jpg 450w, https:\/\/tivi-samsung.com\/wp-content\/uploads\/2025\/09\/9-600x333.jpg 600w, https:\/\/tivi-samsung.com\/wp-content\/uploads\/2025\/09\/9-150x83.jpg 150w, https:\/\/tivi-samsung.com\/wp-content\/uploads\/2025\/09\/9.jpg 780w\" sizes=\"(max-width: 1710px) 100vw, 1710px\" \/><\/p>\n<p>Ng\u01b0\u1eddi xem c\u00f3 th\u1ec3 t\u1eadn h\u01b0\u1edfng nh\u1eefng ph\u00fat gi\u00e2y gi\u1ea3i tr\u00ed, nh\u1eefng khung h\u00ecnh game tuy\u1ec7t \u0111\u1eb9p v\u00e0 d\u1ec5 d\u00e0ng chi\u1ebfn th\u1eafng m\u1ecdi th\u1eed th\u00e1ch tr\u00ean chi\u1ebfc tivi <strong>Samsung 4K<\/strong> n\u00e0y. B\u1edfi v\u00ec \u0111\u01b0\u1ee3c trang b\u1ecb c\u00f4ng ngh\u1ec7 Motion Xcelerator Turbo gi\u00fap h\u00ecnh \u1ea3nh m\u01b0\u1ee3t m\u00e0, \u0111\u1eb7c bi\u1ec7t c\u00e1c c\u1ea3nh chuy\u1ec3n kh\u00f4ng b\u1ecb rung l\u1eafc.<\/p>\n<p>Giao di\u1ec7n d\u1ec5 d\u00f9ng, kho \u1ee9ng d\u1ee5ng phong ph\u00fa v\u1edbi h\u1ec7 \u0111i\u1ec1u h\u00e0nh<strong> Tizen\u2122<\/strong><\/p>\n<p>Smart tivi Samsung c\u00f3 h\u1ec7 \u0111i\u1ec1u h\u00e0nh <strong>Tizen\u2122<\/strong> giao di\u1ec7n tr\u1ef1c quan d\u1ec5 d\u00f9ng, th\u00e2n thi\u1ec7n v\u1edbi c\u00e1c th\u00e0nh vi\u00ean trong gia \u0111\u00ecnh. Th\u1ecfa th\u00edch gi\u1ea3i tr\u00ed v\u1edbi kho \u1ee9ng d\u1ee5ng v\u00f4 c\u00f9ng phong ph\u00fa nh\u01b0: <strong>Spotify, FPT Play, Galaxy Play, VTVCab ON, ClipTV,&#8230;<\/strong><\/p>\n<p><img loading=\"lazy\" decoding=\"async\" class=\"alignnone wp-image-5570\" src=\"https:\/\/tivi-samsung.com\/wp-content\/uploads\/2025\/09\/qled-4k-samsung-qa55q65a-020823-025644-300x168.jpg\" alt=\"\" width=\"1704\" height=\"954\" srcset=\"https:\/\/tivi-samsung.com\/wp-content\/uploads\/2025\/09\/qled-4k-samsung-qa55q65a-020823-025644-300x168.jpg 300w, https:\/\/tivi-samsung.com\/wp-content\/uploads\/2025\/09\/qled-4k-samsung-qa55q65a-020823-025644-768x429.jpg 768w, https:\/\/tivi-samsung.com\/wp-content\/uploads\/2025\/09\/qled-4k-samsung-qa55q65a-020823-025644-450x251.jpg 450w, https:\/\/tivi-samsung.com\/wp-content\/uploads\/2025\/09\/qled-4k-samsung-qa55q65a-020823-025644-600x335.jpg 600w, https:\/\/tivi-samsung.com\/wp-content\/uploads\/2025\/09\/qled-4k-samsung-qa55q65a-020823-025644-150x84.jpg 150w, https:\/\/tivi-samsung.com\/wp-content\/uploads\/2025\/09\/qled-4k-samsung-qa55q65a-020823-025644.jpg 1020w\" sizes=\"(max-width: 1704px) 100vw, 1704px\" \/><\/p>\n<p>Th\u01b0\u1edfng th\u1ee9c hai n\u1ed9i dung tr\u00ean m\u00e0n h\u00ecnh tivi v\u1edbi t\u00ednh n\u0103ng <strong>Multi View<\/strong><\/p>\n<p>V\u1edbi chi\u1ebfc tivi n\u00e0y ng\u01b0\u1eddi xem s\u1ebd kh\u00f4ng b\u1ecf l\u1ee1 nh\u1eefng ch\u01b0\u01a1ng tr\u00ecnh, nh\u1eefng ph\u00fat gi\u00e2y c\u1ee7a tr\u1eadn \u0111\u1ea5u quan tr\u1ecdng,&#8230; v\u00ec \u0111\u01b0\u1ee3c trang b\u1ecb t\u00ednh n\u0103ng Multi View c\u00f3 th\u1ec3 chi\u1ebfu hai n\u1ed9i dung song song c\u00f9ng l\u00fac, m\u1ed9t b\u00ean l\u00e0 n\u1ed9i dung c\u1ee7a tivi, c\u00f2n m\u1ed9t b\u00ean n\u1ed9i dung chi\u1ebfu t\u1eeb m\u00e0n h\u00ecnh \u0111i\u1ec7n tho\u1ea1i tivi.<\/p>\n<p>Chi\u1ebfu m\u00e0n h\u00ecnh \u0111i\u1ec7n tho\u1ea1i l\u00ean tivi \u0111\u01a1n gi\u1ea3n nh\u1edd c\u00e1c t\u00ednh n\u0103ng <strong>AirPlay 2 (thi\u1ebft b\u1ecb Apple) v\u00e0 Tap View (Samsung)<\/strong><\/p>\n<p><img loading=\"lazy\" decoding=\"async\" class=\"alignnone wp-image-5577\" src=\"https:\/\/tivi-samsung.com\/wp-content\/uploads\/2025\/09\/led-4k-samsung-ua55au8100-310321-04414715-1-300x167.jpg\" alt=\"\" width=\"1705\" height=\"949\" srcset=\"https:\/\/tivi-samsung.com\/wp-content\/uploads\/2025\/09\/led-4k-samsung-ua55au8100-310321-04414715-1-300x167.jpg 300w, https:\/\/tivi-samsung.com\/wp-content\/uploads\/2025\/09\/led-4k-samsung-ua55au8100-310321-04414715-1-768x426.jpg 768w, https:\/\/tivi-samsung.com\/wp-content\/uploads\/2025\/09\/led-4k-samsung-ua55au8100-310321-04414715-1-450x250.jpg 450w, https:\/\/tivi-samsung.com\/wp-content\/uploads\/2025\/09\/led-4k-samsung-ua55au8100-310321-04414715-1-600x333.jpg 600w, https:\/\/tivi-samsung.com\/wp-content\/uploads\/2025\/09\/led-4k-samsung-ua55au8100-310321-04414715-1-150x83.jpg 150w, https:\/\/tivi-samsung.com\/wp-content\/uploads\/2025\/09\/led-4k-samsung-ua55au8100-310321-04414715-1.jpg 780w\" sizes=\"(max-width: 1705px) 100vw, 1705px\" \/><\/p>\n<p>Ngo\u00e0i t\u00ednh n\u0103ng <strong>AirPlay 2<\/strong> th\u00ec <strong>Samsung<\/strong> c\u00f2n trang b\u1ecb th\u00eam cho chi\u1ebfc tivi<strong> Samsung QLED<\/strong> n\u00e0y t\u00ednh n\u0103ng Tap View, ng\u01b0\u1eddi d\u00f9ng ch\u1ec9 c\u1ea7n ch\u1ea1m nh\u1eb9 \u0111i\u1ec7n tho\u1ea1i v\u00e0o c\u00e1c c\u1ea1nh tivi \u0111\u1ec3 nh\u1eadn t\u00edn hi\u1ec7u v\u00e0 t\u1eeb \u0111\u00f3 c\u00f3 th\u1ec3 chia s\u1ebb nh\u1eefng video gi\u1ea3i tr\u00ed, h\u00ecnh \u1ea3nh t\u1eeb \u0111i\u1ec7n tho\u1ea1i sang tivi m\u1ed9t c\u00e1ch d\u1ec5 d\u00e0ng.<\/p>\n<p>&nbsp;<\/p>\n<p><script src=\"chrome-extension:\/\/fpelahbljekknahkcaegamhcndkfpfnc\/iFrame.js\" type=\"text\/javascript\"><\/script><\/p>\n","protected":false},"excerpt":{"rendered":"<p>&nbsp;<\/p>\n<p><script src=\"chrome-extension:\/\/fpelahbljekknahkcaegamhcndkfpfnc\/iFrame.js\" type=\"text\/javascript\"><\/script><\/p>\n<p><script src=\"chrome-extension:\/\/fpelahbljekknahkcaegamhcndkfpfnc\/iFrame.js\" type=\"text\/javascript\"><\/script><\/p>\n<p><script src=\"chrome-extension:\/\/fpelahbljekknahkcaegamhcndkfpfnc\/iFrame.js\" type=\"text\/javascript\"><\/script><\/p>\n<p><script src=\"chrome-extension:\/\/fpelahbljekknahkcaegamhcndkfpfnc\/iFrame.js\" type=\"text\/javascript\"><\/script><\/p>\n<p><script src=\"chrome-extension:\/\/fpelahbljekknahkcaegamhcndkfpfnc\/iFrame.js\" type=\"text\/javascript\"><\/script><\/p>\n<p><script src=\"chrome-extension:\/\/fpelahbljekknahkcaegamhcndkfpfnc\/iFrame.js\" type=\"text\/javascript\"><\/script><\/p>\n<p><script src=\"chrome-extension:\/\/fpelahbljekknahkcaegamhcndkfpfnc\/iFrame.js\" type=\"text\/javascript\"><\/script><\/p>\n<p><script src=\"chrome-extension:\/\/fpelahbljekknahkcaegamhcndkfpfnc\/iFrame.js\" type=\"text\/javascript\"><\/script><\/p>\n","protected":false},"featured_media":4728,"comment_status":"open","ping_status":"closed","template":"","meta":[],"product_brand":[88],"product_cat":[94,163,68,76],"product_tag":[],"class_list":{"0":"post-4130","1":"product","2":"type-product","3":"status-publish","4":"has-post-thumbnail","6":"product_brand-samsung","7":"product_cat-qled-tv","8":"product_cat-samsung-q65a-2021","9":"product_cat-smart-tv","10":"product_cat-televisions","11":"pa_kich-co-man-hinh-55-inch","13":"first","14":"instock","15":"sale","16":"shipping-taxable","17":"purchasable","18":"product-type-simple"},"_links":{"self":[{"href":"https:\/\/tivi-samsung.com\/index.php?rest_route=\/wp\/v2\/product\/4130","targetHints":{"allow":["GET"]}}],"collection":[{"href":"https:\/\/tivi-samsung.com\/index.php?rest_route=\/wp\/v2\/product"}],"about":[{"href":"https:\/\/tivi-samsung.com\/index.php?rest_route=\/wp\/v2\/types\/product"}],"replies":[{"embeddable":true,"href":"https:\/\/tivi-samsung.com\/index.php?rest_route=%2Fwp%2Fv2%2Fcomments&post=4130"}],"version-history":[{"count":10,"href":"https:\/\/tivi-samsung.com\/index.php?rest_route=\/wp\/v2\/product\/4130\/revisions"}],"predecessor-version":[{"id":8481,"href":"https:\/\/tivi-samsung.com\/index.php?rest_route=\/wp\/v2\/product\/4130\/revisions\/8481"}],"wp:featuredmedia":[{"embeddable":true,"href":"https:\/\/tivi-samsung.com\/index.php?rest_route=\/wp\/v2\/media\/4728"}],"wp:attachment":[{"href":"https:\/\/tivi-samsung.com\/index.php?rest_route=%2Fwp%2Fv2%2Fmedia&parent=4130"}],"wp:term":[{"taxonomy":"product_brand","embeddable":true,"href":"https:\/\/tivi-samsung.com\/index.php?rest_route=%2Fwp%2Fv2%2Fproduct_brand&post=4130"},{"taxonomy":"product_cat","embeddable":true,"href":"https:\/\/tivi-samsung.com\/index.php?rest_route=%2Fwp%2Fv2%2Fproduct_cat&post=4130"},{"taxonomy":"product_tag","embeddable":true,"href":"https:\/\/tivi-samsung.com\/index.php?rest_route=%2Fwp%2Fv2%2Fproduct_tag&post=4130"}],"curies":[{"name":"wp","href":"https:\/\/api.w.org\/{rel}","templated":true}]}}