{"id":4124,"date":"2025-09-16T11:28:27","date_gmt":"2025-09-16T11:28:27","guid":{"rendered":"https:\/\/tivi-samsung.com\/?post_type=product&#038;p=4124"},"modified":"2025-10-15T01:04:34","modified_gmt":"2025-10-14T18:04:34","slug":"smart-tivi-qled-samsung-ai-4k-55-inch-qa55q80d","status":"publish","type":"product","link":"https:\/\/tivi-samsung.com\/?product=smart-tivi-qled-samsung-ai-4k-55-inch-qa55q80d","title":{"rendered":"Smart Tivi QLED Samsung AI 4K 55 inch QA55Q80D"},"content":{"rendered":"<p><strong>Th\u00f4ng tin s\u1ea3n ph\u1ea9m<\/strong><\/p>\n<p><a href=\"https:\/\/tokoo.vn\/danh-muc\/samsung-tvs\/\" target=\"_blank\" rel=\"noopener\"><strong>Smart Tivi QLED Samsung 4K 55inch QA55Q80D<\/strong><\/a> tinh gi\u1ea3n v\u1edbi thi\u1ebft k\u1ebf thanh m\u1ea3nh, khung h\u00ecnh 55 inch \u0111\u1ed9 ph\u00e2n gi\u1ea3i 4K s\u1eafc n\u00e9t, m\u00e0n h\u00ecnh <strong>QLED<\/strong> k\u1ebft h\u1ee3p c\u00f4ng ngh\u1ec7 <strong>Quantum Dot<\/strong> cho h\u00ecnh \u1ea3nh r\u1ef1c r\u1ee1, hi\u1ec3n th\u1ecb 100% d\u1ea3i m\u00e0u, Dolby Atmos cho \u00e2m thanh v\u00f2m s\u1ed1ng \u0111\u1ed9ng, h\u1ec7 \u0111i\u1ec1u h\u00e0nh <strong>Tizen\u2122<\/strong> v\u1edbi kho \u1ee9ng d\u1ee5ng phong ph\u00fa, \u0111i\u1ec1u khi\u1ec3n b\u1eb1ng gi\u1ecdng n\u00f3i v\u1edbi tr\u1ee3 l\u00fd \u1ea3o Bixby c\u00f3 ti\u1ebfng Vi\u1ec7t,\u2026 c\u00f9ng nhi\u1ec1u ti\u1ec7n \u00edch th\u00f4ng minh kh\u00e1c.<\/p>\n<p><strong>T\u1ed5ng quan thi\u1ebft k\u1ebf<\/strong><\/p>\n<p>&#8211; S\u1edf h\u1eefu m\u00e0n h\u00ecnh <strong>55 inch<\/strong>, ph\u00f9 h\u1ee3p d\u00f9ng cho kh\u00f4ng gian c\u00f3 di\u1ec7n t\u00edch v\u1eeba nh\u01b0 ph\u00f2ng kh\u00e1ch gia \u0111\u00ecnh, ph\u00f2ng h\u1ecdp, s\u1ea3nh ti\u1ebfp kh\u00e1ch, ph\u00f2ng l\u00e0m vi\u1ec7c,\u2026<\/p>\n<p>&#8211; Thi\u1ebft k\u1ebf thanh m\u1ea3nh v\u1edbi vi\u1ec1n m\u1ecfng b\u1eb1ng kim lo\u1ea1i, tinh gi\u1ea3n nh\u01b0ng kh\u00f4ng k\u00e9m ph\u1ea7n sang tr\u1ecdng.<\/p>\n<p>&#8211; Ch\u00e2n \u0111\u1ebf \u0111\u1ee1 tivi \u0111\u01b0\u1ee3c l\u00e0m b\u1eb1ng ch\u1ea5t li\u1ec7u kim lo\u1ea1i ch\u1eafc ch\u1eafn, n\u00e2ng \u0111\u1ee1 t\u1ed1t m\u00e0n h\u00ecnh khi \u0111\u1eb7t tr\u00ean k\u1ec7 t\u1ee7, k\u1ec7 tivi. B\u1ea1n c\u0169ng c\u00f3 th\u1ec3 th\u00e1o r\u1eddi ch\u00e2n \u0111\u1ebf \u0111\u1ec3 l\u1eafp tr\u00ean t\u01b0\u1eddng gi\u00fap ti\u1ebft ki\u1ec7m di\u1ec7n t\u00edch.<\/p>\n<p><img fetchpriority=\"high\" decoding=\"async\" class=\"alignnone wp-image-5582\" src=\"https:\/\/tivi-samsung.com\/wp-content\/uploads\/2025\/09\/tivi-qled-samsung-4k-55-inch-qa55qn80d-thiet-ke-1020x570-1-300x168.png\" alt=\"\" width=\"1875\" height=\"1050\" srcset=\"https:\/\/tivi-samsung.com\/wp-content\/uploads\/2025\/09\/tivi-qled-samsung-4k-55-inch-qa55qn80d-thiet-ke-1020x570-1-300x168.png 300w, https:\/\/tivi-samsung.com\/wp-content\/uploads\/2025\/09\/tivi-qled-samsung-4k-55-inch-qa55qn80d-thiet-ke-1020x570-1-768x429.png 768w, https:\/\/tivi-samsung.com\/wp-content\/uploads\/2025\/09\/tivi-qled-samsung-4k-55-inch-qa55qn80d-thiet-ke-1020x570-1-450x251.png 450w, https:\/\/tivi-samsung.com\/wp-content\/uploads\/2025\/09\/tivi-qled-samsung-4k-55-inch-qa55qn80d-thiet-ke-1020x570-1-600x335.png 600w, https:\/\/tivi-samsung.com\/wp-content\/uploads\/2025\/09\/tivi-qled-samsung-4k-55-inch-qa55qn80d-thiet-ke-1020x570-1-150x84.png 150w, https:\/\/tivi-samsung.com\/wp-content\/uploads\/2025\/09\/tivi-qled-samsung-4k-55-inch-qa55qn80d-thiet-ke-1020x570-1.png 1020w\" sizes=\"(max-width: 1875px) 100vw, 1875px\" \/><\/p>\n<p><strong>C\u00f4ng ngh\u1ec7 h\u00ecnh \u1ea3nh<\/strong><\/p>\n<p>&#8211; Mang \u0111\u1ebfn khung h\u00ecnh s\u1eafc n\u00e9t, chi ti\u1ebft v\u1edbi \u0111\u1ed9 ph\u00e2n gi\u1ea3i <strong>4K (Ultra HD)<\/strong>.<\/p>\n<p>&#8211; B\u1ed9 x\u1eed l\u00fd <strong>AI NQ4<\/strong> th\u1ebf h\u1ec7 2 n\u00e2ng c\u1ea5p h\u00ecnh \u1ea3nh chu\u1ea9n<strong> 4K<\/strong> b\u1eb1ng tr\u00ed tu\u1ec7 nh\u00e2n t\u1ea1o.<\/p>\n<p>&#8211; C\u00f4ng ngh\u1ec7<strong> Wide Viewing Angle<\/strong> cho ch\u1ea5t l\u01b0\u1ee3ng h\u00ecnh \u1ea3nh v\u00e0 m\u00e0u s\u1eafc v\u1eb9n nguy\u00ean v\u1edbi g\u00f3c nh\u00ecn r\u1ed9ng.<\/p>\n<p>&#8211; C\u00f4ng ngh\u1ec7 <strong>Supreme UHD Dimming<\/strong> ki\u1ec3m so\u00e1t chi ti\u1ebft \u0111\u1ed9 t\u01b0\u01a1ng ph\u1ea3n.<\/p>\n<p>&#8211; C\u00f4ng ngh\u1ec7 m\u00e0n h\u00ecnh ch\u1ea5m l\u01b0\u1ee3ng t\u1eed <strong>Quantum Dot<\/strong> hi\u1ec3n th\u1ecb 100% d\u1ea3i s\u1eafc m\u00e0u, duy tr\u00ec \u0111\u1ed9 s\u00e1ng, \u0111\u1ed9 s\u1ed1ng \u0111\u1ed9ng cao, m\u00e0u s\u1eafc hi\u1ec3n th\u1ecb r\u1ef1c r\u1ee1 d\u00f9 \u1edf trong b\u1ea5t k\u1ef3 m\u00f4i tr\u01b0\u1eddng n\u00e0o.<\/p>\n<p>&#8211; \u0110\u00e8n n\u1ec1n <strong>Direct Full Array<\/strong> gi\u00fap m\u00e0u \u0111en hi\u1ec3n th\u1ecb s\u00e2u h\u01a1n, gi\u1ea3m b\u1edbt hi\u1ec7n t\u01b0\u1ee3ng h\u1edf s\u00e1ng m\u00e0n h\u00ecnh.<\/p>\n<p><img decoding=\"async\" class=\"alignnone wp-image-5250\" src=\"https:\/\/tivi-samsung.com\/wp-content\/uploads\/2025\/09\/smart-tivi-neo-qled-4k-55-inch-samsung-qa55qn85c-190323-030409-300x168.jpg\" alt=\"\" width=\"1870\" height=\"1047\" srcset=\"https:\/\/tivi-samsung.com\/wp-content\/uploads\/2025\/09\/smart-tivi-neo-qled-4k-55-inch-samsung-qa55qn85c-190323-030409-300x168.jpg 300w, https:\/\/tivi-samsung.com\/wp-content\/uploads\/2025\/09\/smart-tivi-neo-qled-4k-55-inch-samsung-qa55qn85c-190323-030409-768x429.jpg 768w, https:\/\/tivi-samsung.com\/wp-content\/uploads\/2025\/09\/smart-tivi-neo-qled-4k-55-inch-samsung-qa55qn85c-190323-030409-450x251.jpg 450w, https:\/\/tivi-samsung.com\/wp-content\/uploads\/2025\/09\/smart-tivi-neo-qled-4k-55-inch-samsung-qa55qn85c-190323-030409-600x335.jpg 600w, https:\/\/tivi-samsung.com\/wp-content\/uploads\/2025\/09\/smart-tivi-neo-qled-4k-55-inch-samsung-qa55qn85c-190323-030409-150x84.jpg 150w, https:\/\/tivi-samsung.com\/wp-content\/uploads\/2025\/09\/smart-tivi-neo-qled-4k-55-inch-samsung-qa55qn85c-190323-030409.jpg 1020w\" sizes=\"(max-width: 1870px) 100vw, 1870px\" \/><\/p>\n<p>&#8211; Chuy\u1ec3n \u0111\u1ed9ng m\u01b0\u1ee3t <strong>Motion Xcelerator 120 Hz<\/strong> gi\u1ea3m thi\u1ec3u \u0111\u1ed9 m\u1edd, \u0111\u1ed9 r\u00f5 n\u00e9t c\u1ee7a chuy\u1ec3n \u0111\u1ed9ng \u0111\u01b0\u1ee3c n\u00e2ng cao, b\u1eaft tr\u1ecdn m\u1ecdi chuy\u1ec3n \u0111\u1ed9ng nhanh d\u00f9 b\u1ea1n \u0111ang xem nh\u1eefng c\u1ea3nh phim h\u00e0nh \u0111\u1ed9ng hay th\u1ec3 thao, d\u1ec5 d\u00e0ng chinh ph\u1ee5c m\u1ecdi tr\u1eadn game.<\/p>\n<p>&#8211; Super Ultra Wide Game View &amp; Game Bar tu\u1ef3 chi\u1ebfn game c\u1ef1c \u0111\u00e3, tu\u1ef3 ch\u1ec9nh nhanh ch\u00f3ng, theo d\u00f5i tr\u1ea1ng th\u00e1i game v\u00e0 t\u1ed1i \u01b0u c\u00e0i \u0111\u1eb7t m\u1ed9t c\u00e1ch d\u1ec5 d\u00e0ng.<\/p>\n<p>&nbsp;<\/p>\n<p><strong>C\u00f4ng ngh\u1ec7 \u00e2m thanh<\/strong><\/p>\n<p>&#8211; Tivi Samsung \u0111\u01b0\u1ee3c trang b\u1ecb h\u1ec7 th\u1ed1ng 2.2 k\u00eanh, t\u1ed5ng c\u00f4ng su\u1ea5t loa 40W.<\/p>\n<p>&#8211; <strong>C\u00f4ng ngh\u1ec7 Dolby Atmo<\/strong>s t\u00e1i t\u1ea1o \u00e2m thanh v\u00f2m s\u1ed1ng \u0111\u1ed9ng, \u0111em l\u1ea1i tr\u1ea3i nghi\u1ec7m xem phim c\u1ef1c \u0111\u00e3 nh\u01b0 \u0111ang ng\u1ed3i trong r\u1ea1p chi\u1ebfu phim, bi\u1ebfn t\u1eebng tr\u1eadn game tr\u1edf n\u00ean ch\u00e2n th\u1ef1c.<\/p>\n<p>&#8211; <strong>C\u00f4ng ngh\u1ec7 Object Tracking Sound Lite (OTS Lite)<\/strong> ph\u00e1t hi\u1ec7n v\u00e0 t\u1ef1 \u0111\u1ed9ng \u0111i\u1ec1u ch\u1ec9nh \u00e2m thanh theo chuy\u1ec3n \u0111\u1ed9ng c\u1ee7a v\u1eadt th\u1ec3 trong m\u00e0n h\u00ecnh, ng\u01b0\u1eddi xem \u0111\u1eafm ch\u00ecm trong cu\u1ed9c chi\u1ebfn game c\u0103ng th\u1eb3ng, n\u1ea3y l\u1eeda hay nh\u1eefng tr\u1eadn \u0111\u1ea5u th\u1ec3 thao s\u00f4i \u0111\u1ed9ng.<\/p>\n<p>&#8211; <strong>Q-Symphony Next<\/strong> k\u1ebft h\u1ee3p loa tivi v\u1edbi loa thanh b\u1eb1ng AI.<\/p>\n<p>&#8211; T\u00ecm ki\u1ebfm gi\u1ecdng n\u00f3i t\u1eeb xa v\u1edbi <strong>Far Field Voice.<\/strong><\/p>\n<p>&#8211; Active Voice Amplifier \u0111i\u1ec1u ch\u1ec9nh \u00e2m h\u1ed9i tho\u1ea1i theo m\u00f4i tr\u01b0\u1eddng.<\/p>\n<p><img decoding=\"async\" class=\"alignnone wp-image-5242\" src=\"https:\/\/tivi-samsung.com\/wp-content\/uploads\/2025\/09\/smart-tivi-neo-qled-4k-85-inch-samsung-qa85qn85c-090323-031958-1020x570-1-300x168.jpg\" alt=\"\" width=\"1866\" height=\"1045\" srcset=\"https:\/\/tivi-samsung.com\/wp-content\/uploads\/2025\/09\/smart-tivi-neo-qled-4k-85-inch-samsung-qa85qn85c-090323-031958-1020x570-1-300x168.jpg 300w, https:\/\/tivi-samsung.com\/wp-content\/uploads\/2025\/09\/smart-tivi-neo-qled-4k-85-inch-samsung-qa85qn85c-090323-031958-1020x570-1-768x429.jpg 768w, https:\/\/tivi-samsung.com\/wp-content\/uploads\/2025\/09\/smart-tivi-neo-qled-4k-85-inch-samsung-qa85qn85c-090323-031958-1020x570-1-450x251.jpg 450w, https:\/\/tivi-samsung.com\/wp-content\/uploads\/2025\/09\/smart-tivi-neo-qled-4k-85-inch-samsung-qa85qn85c-090323-031958-1020x570-1-600x335.jpg 600w, https:\/\/tivi-samsung.com\/wp-content\/uploads\/2025\/09\/smart-tivi-neo-qled-4k-85-inch-samsung-qa85qn85c-090323-031958-1020x570-1-150x84.jpg 150w, https:\/\/tivi-samsung.com\/wp-content\/uploads\/2025\/09\/smart-tivi-neo-qled-4k-85-inch-samsung-qa85qn85c-090323-031958-1020x570-1.jpg 1020w\" sizes=\"(max-width: 1866px) 100vw, 1866px\" \/><\/p>\n<p><strong>H\u1ec7 \u0111i\u1ec1u h\u00e0nh<\/strong><\/p>\n<p>&#8211; <strong>Tivi Samsung QLED<\/strong> c\u00e0i \u0111\u1eb7t s\u1eb5n h\u1ec7 \u0111i\u1ec1u h\u00e0nh <strong>Tizen\u2122<\/strong> hi\u1ec7n \u0111\u1ea1i, thi\u1ebft k\u1ebf giao di\u1ec7n th\u00e2n thi\u1ec7n v\u1edbi m\u1ecdi \u0111\u1ed1i t\u01b0\u1ee3ng ng\u01b0\u1eddi d\u00f9ng.<\/p>\n<p>&#8211; Kho \u1ee9ng d\u1ee5ng th\u01b0 vi\u1ec7n \u0111\u1ed3 s\u1ed9, h\u1ed7 tr\u1ee3 c\u1ea3 ti\u1ebfng Vi\u1ec7t v\u00e0 ti\u1ebfng Anh, m\u1edf ra th\u1ebf gi\u1edbi gi\u1ea3i tr\u00ed phong ph\u00fa cho b\u1ea1n th\u1ecfa s\u1ee9c kh\u00e1m ph\u00e1 v\u00e0 th\u01b0 gi\u00e3n.<\/p>\n<p><img loading=\"lazy\" decoding=\"async\" class=\"alignnone wp-image-5570\" src=\"https:\/\/tivi-samsung.com\/wp-content\/uploads\/2025\/09\/qled-4k-samsung-qa55q65a-020823-025644-300x168.jpg\" alt=\"\" width=\"1848\" height=\"1035\" srcset=\"https:\/\/tivi-samsung.com\/wp-content\/uploads\/2025\/09\/qled-4k-samsung-qa55q65a-020823-025644-300x168.jpg 300w, https:\/\/tivi-samsung.com\/wp-content\/uploads\/2025\/09\/qled-4k-samsung-qa55q65a-020823-025644-768x429.jpg 768w, https:\/\/tivi-samsung.com\/wp-content\/uploads\/2025\/09\/qled-4k-samsung-qa55q65a-020823-025644-450x251.jpg 450w, https:\/\/tivi-samsung.com\/wp-content\/uploads\/2025\/09\/qled-4k-samsung-qa55q65a-020823-025644-600x335.jpg 600w, https:\/\/tivi-samsung.com\/wp-content\/uploads\/2025\/09\/qled-4k-samsung-qa55q65a-020823-025644-150x84.jpg 150w, https:\/\/tivi-samsung.com\/wp-content\/uploads\/2025\/09\/qled-4k-samsung-qa55q65a-020823-025644.jpg 1020w\" sizes=\"(max-width: 1848px) 100vw, 1848px\" \/><\/p>\n<p><strong>Ti\u1ec7n \u00edch<\/strong><\/p>\n<p>&#8211; D\u1ec5 d\u00e0ng t\u00ecm ki\u1ebfm gi\u1ecdng n\u00f3i v\u1edbi tr\u1ee3 l\u00fd \u1ea3o<strong> Bixby<\/strong> c\u00f3 ti\u1ebfng Vi\u1ec7t.<\/p>\n<p>&#8211; Qu\u1ea3n l\u00fd ng\u00f4i nh\u00e0 th\u00f4ng minh, k\u1ebft n\u1ed1i nhanh ch\u00f3ng v\u1edbi \u0111a thi\u1ebft b\u1ecb nh\u1edd \u1ee9ng d\u1ee5ng <strong>SmartThings.<\/strong><\/p>\n<p>&#8211; T\u00ednh n\u0103ng <strong>Multi View<\/strong> (c\u00f3 th\u1ec3 k\u1ebft n\u1ed1i camera g\u1eafn r\u1eddi) gi\u00fap b\u1ea1n th\u01b0\u1edfng th\u1ee9c \u0111a d\u1ea1ng n\u1ed9i dung gi\u1ea3i tr\u00ed t\u1eeb nhi\u1ec1u ngu\u1ed3n tr\u00ean c\u00f9ng m\u1ed9t m\u00e0n h\u00ecnh.<\/p>\n<p>&#8211; \u0110i\u1ec1u khi\u1ec3n tivi b\u1eb1ng \u0111i\u1ec7n tho\u1ea1i m\u1ed9t c\u00e1ch d\u1ec5 d\u00e0ng v\u1edbi <strong>SmartThings.<\/strong><\/p>\n<p>&#8211; Trang b\u1ecb remote th\u00f4ng minh, c\u00f3 th\u1ec3 s\u1ea1c nhanh b\u1eb1ng n\u0103ng l\u01b0\u1ee3ng m\u1eb7t tr\u1eddi, ti\u1ebft ki\u1ec7m pin \u0111\u1ed3ng th\u1eddi th\u00e2n thi\u1ec7n v\u1edbi m\u00f4i tr\u01b0\u1eddng.<\/p>\n<p>&#8211; D\u1ec5 d\u00e0ng tr\u00ecnh chi\u1ebfu m\u00e0n h\u00ecnh \u0111i\u1ec7n tho\u1ea1i l\u00ean tivi th\u00f4ng qua t\u00ednh n\u0103ng<strong> AirPlay 2.<\/strong><\/p>\n<p><img loading=\"lazy\" decoding=\"async\" class=\"alignnone wp-image-5577\" src=\"https:\/\/tivi-samsung.com\/wp-content\/uploads\/2025\/09\/led-4k-samsung-ua55au8100-310321-04414715-1-300x167.jpg\" alt=\"\" width=\"1877\" height=\"1045\" srcset=\"https:\/\/tivi-samsung.com\/wp-content\/uploads\/2025\/09\/led-4k-samsung-ua55au8100-310321-04414715-1-300x167.jpg 300w, https:\/\/tivi-samsung.com\/wp-content\/uploads\/2025\/09\/led-4k-samsung-ua55au8100-310321-04414715-1-450x250.jpg 450w, https:\/\/tivi-samsung.com\/wp-content\/uploads\/2025\/09\/led-4k-samsung-ua55au8100-310321-04414715-1-600x333.jpg 600w, https:\/\/tivi-samsung.com\/wp-content\/uploads\/2025\/09\/led-4k-samsung-ua55au8100-310321-04414715-1-150x83.jpg 150w, https:\/\/tivi-samsung.com\/wp-content\/uploads\/2025\/09\/led-4k-samsung-ua55au8100-310321-04414715-1.jpg 780w\" sizes=\"(max-width: 1877px) 100vw, 1877px\" \/><\/p>\n<p><em>Nh\u00ecn chung, <strong>Smart Tivi QLED Samsung 4K 55 inch QA55Q80D<\/strong> thu h\u00fat v\u1edbi thi\u1ebft k\u1ebf tinh t\u1ebf, m\u00e0n h\u00ecnh tr\u00e0n vi\u1ec1n hi\u1ec3n th\u1ecb ch\u1ea5t l\u01b0\u1ee3ng h\u00ecnh \u1ea3nh 4K s\u1eafc n\u00e9t, t\u00edch h\u1ee3p nhi\u1ec1u c\u00f4ng ngh\u1ec7 h\u00ecnh \u1ea3nh, \u00e2m thanh hi\u1ec7n \u0111\u1ea1i ti\u00ean ti\u1ebfn nh\u01b0 Quantum Dot, Dolby Atmos, h\u1ec7 \u0111i\u1ec1u h\u00e0nh Tizen\u2122 d\u1ec5 s\u1eed d\u1ee5ng, \u0111i\u1ec1u khi\u1ec3n tivi ti\u1ec7n l\u1ee3i v\u1edbi \u1ee9ng d\u1ee5ng SmartThings.<\/em><\/p>\n<p>&nbsp;<\/p>\n<p>&nbsp;<\/p>\n<p><script src=\"chrome-extension:\/\/fpelahbljekknahkcaegamhcndkfpfnc\/iFrame.js\" type=\"text\/javascript\"><\/script><\/p>\n<p><script src=\"chrome-extension:\/\/fpelahbljekknahkcaegamhcndkfpfnc\/iFrame.js\" type=\"text\/javascript\"><\/script><\/p>\n<p><script src=\"chrome-extension:\/\/fpelahbljekknahkcaegamhcndkfpfnc\/iFrame.js\" type=\"text\/javascript\"><\/script><\/p>\n<p><script src=\"chrome-extension:\/\/fpelahbljekknahkcaegamhcndkfpfnc\/iFrame.js\" type=\"text\/javascript\"><\/script><\/p>\n","protected":false},"excerpt":{"rendered":"<p>&nbsp;<\/p>\n<p><script src=\"chrome-extension:\/\/fpelahbljekknahkcaegamhcndkfpfnc\/iFrame.js\" type=\"text\/javascript\"><\/script><\/p>\n<p><script src=\"chrome-extension:\/\/fpelahbljekknahkcaegamhcndkfpfnc\/iFrame.js\" type=\"text\/javascript\"><\/script><\/p>\n<p><script src=\"chrome-extension:\/\/fpelahbljekknahkcaegamhcndkfpfnc\/iFrame.js\" type=\"text\/javascript\"><\/script><\/p>\n<p><script src=\"chrome-extension:\/\/fpelahbljekknahkcaegamhcndkfpfnc\/iFrame.js\" type=\"text\/javascript\"><\/script><\/p>\n<p><script src=\"chrome-extension:\/\/fpelahbljekknahkcaegamhcndkfpfnc\/iFrame.js\" type=\"text\/javascript\"><\/script><\/p>\n<p><script src=\"chrome-extension:\/\/fpelahbljekknahkcaegamhcndkfpfnc\/iFrame.js\" type=\"text\/javascript\"><\/script><\/p>\n<p><script src=\"chrome-extension:\/\/fpelahbljekknahkcaegamhcndkfpfnc\/iFrame.js\" type=\"text\/javascript\"><\/script><\/p>\n","protected":false},"featured_media":4784,"comment_status":"open","ping_status":"closed","template":"","meta":[],"product_brand":[88],"product_cat":[157,94,76],"product_tag":[],"class_list":{"0":"post-4124","1":"product","2":"type-product","3":"status-publish","4":"has-post-thumbnail","6":"product_brand-samsung","7":"product_cat-q80d-2024","8":"product_cat-qled-tv","9":"product_cat-televisions","10":"pa_kich-co-man-hinh-55-inch","12":"first","13":"instock","14":"shipping-taxable","15":"purchasable","16":"product-type-simple"},"_links":{"self":[{"href":"https:\/\/tivi-samsung.com\/index.php?rest_route=\/wp\/v2\/product\/4124","targetHints":{"allow":["GET"]}}],"collection":[{"href":"https:\/\/tivi-samsung.com\/index.php?rest_route=\/wp\/v2\/product"}],"about":[{"href":"https:\/\/tivi-samsung.com\/index.php?rest_route=\/wp\/v2\/types\/product"}],"replies":[{"embeddable":true,"href":"https:\/\/tivi-samsung.com\/index.php?rest_route=%2Fwp%2Fv2%2Fcomments&post=4124"}],"version-history":[{"count":9,"href":"https:\/\/tivi-samsung.com\/index.php?rest_route=\/wp\/v2\/product\/4124\/revisions"}],"predecessor-version":[{"id":8482,"href":"https:\/\/tivi-samsung.com\/index.php?rest_route=\/wp\/v2\/product\/4124\/revisions\/8482"}],"wp:featuredmedia":[{"embeddable":true,"href":"https:\/\/tivi-samsung.com\/index.php?rest_route=\/wp\/v2\/media\/4784"}],"wp:attachment":[{"href":"https:\/\/tivi-samsung.com\/index.php?rest_route=%2Fwp%2Fv2%2Fmedia&parent=4124"}],"wp:term":[{"taxonomy":"product_brand","embeddable":true,"href":"https:\/\/tivi-samsung.com\/index.php?rest_route=%2Fwp%2Fv2%2Fproduct_brand&post=4124"},{"taxonomy":"product_cat","embeddable":true,"href":"https:\/\/tivi-samsung.com\/index.php?rest_route=%2Fwp%2Fv2%2Fproduct_cat&post=4124"},{"taxonomy":"product_tag","embeddable":true,"href":"https:\/\/tivi-samsung.com\/index.php?rest_route=%2Fwp%2Fv2%2Fproduct_tag&post=4124"}],"curies":[{"name":"wp","href":"https:\/\/api.w.org\/{rel}","templated":true}]}}