{"id":4113,"date":"2025-09-16T11:01:08","date_gmt":"2025-09-16T11:01:08","guid":{"rendered":"https:\/\/tivi-samsung.com\/?post_type=product&#038;p=4113"},"modified":"2025-10-15T01:07:30","modified_gmt":"2025-10-14T18:07:30","slug":"smart-tivi-qled-samsung-ai-4k-55-inch-qa55q8f5","status":"publish","type":"product","link":"https:\/\/tivi-samsung.com\/?product=smart-tivi-qled-samsung-ai-4k-55-inch-qa55q8f5","title":{"rendered":"Smart Tivi QLED Samsung AI 4K 55 inch QA55Q8F5"},"content":{"rendered":"<p><strong>\u0110\u1eb7c \u0111i\u1ec3m n\u1ed5i b\u1eadt<\/strong><\/p>\n<p><a href=\"https:\/\/tokoo.vn\/danh-muc\/samsung-tvs\/\" target=\"_blank\" rel=\"noopener\"><strong>Smart Tivi QLED Samsung AI 4K 55 inch QA55Q8F5<\/strong><\/a><\/p>\n<p><strong>Tivi 55 inch QLED 4K<\/strong> mang l\u1ea1i ch\u1ea5t l\u01b0\u1ee3ng h\u00ecnh \u1ea3nh r\u00f5 n\u00e9t trong nhi\u1ec1u \u0111i\u1ec1u ki\u1ec7n \u00e1nh s\u00e1ng.<\/p>\n<p>B\u1ed9 x\u1eed l\u00fd <strong>Q4 AI Processor<\/strong> t\u0103ng c\u01b0\u1eddng chi ti\u1ebft v\u00e0 n\u00e2ng c\u1ea5p ngu\u1ed3n ph\u00e1t l\u00ean g\u1ea7n chu\u1ea9n 4K.<\/p>\n<p><strong>C\u00f4ng ngh\u1ec7 Supreme UHD Dimming<\/strong> c\u1ea3i thi\u1ec7n chi\u1ec1u s\u00e2u h\u00ecnh \u1ea3nh th\u00f4ng qua \u0111i\u1ec1u ch\u1ec9nh \u0111\u1ed9 t\u01b0\u01a1ng ph\u1ea3n.<\/p>\n<p>M\u00e0u s\u1eafc \u0111\u01b0\u1ee3c hi\u1ec3n th\u1ecb r\u1ef1c r\u1ee1 v\u00e0 \u0111\u1ed3ng \u0111\u1ec1u h\u01a1n nh\u1edd c\u00f4ng ngh\u1ec7 <strong>Color Booster Pro.<\/strong><\/p>\n<p><strong>Bixby<\/strong> h\u1ed7 tr\u1ee3 gi\u1ecdng n\u00f3i ti\u1ebfng Vi\u1ec7t, \u0111i\u1ec1u khi\u1ec3n c\u00e1c t\u00ednh n\u0103ng tivi d\u1ec5 d\u00e0ng h\u01a1n.<\/p>\n<p>C\u00f4ng ngh\u1ec7 \u00e2m thanh <strong>OTS Lite<\/strong> t\u1ea1o hi\u1ec7u \u1ee9ng ph\u00e1t theo chuy\u1ec3n \u0111\u1ed9ng tr\u00ean m\u00e0n h\u00ecnh.<\/p>\n<p>\u0110i\u1ec1u khi\u1ec3n tivi v\u00e0 c\u00e1c thi\u1ebft b\u1ecb trong h\u1ec7 sinh th\u00e1i b\u1eb1ng \u0111i\u1ec7n tho\u1ea1i qua \u1ee9ng d\u1ee5ng <strong>SmartThings.<\/strong><\/p>\n<p>&nbsp;<\/p>\n<p><script src=\"chrome-extension:\/\/fpelahbljekknahkcaegamhcndkfpfnc\/iFrame.js\" type=\"text\/javascript\"><\/script><\/p>\n","protected":false},"excerpt":{"rendered":"<p>&nbsp;<\/p>\n<p><script src=\"chrome-extension:\/\/fpelahbljekknahkcaegamhcndkfpfnc\/iFrame.js\" type=\"text\/javascript\"><\/script><\/p>\n<p><script src=\"chrome-extension:\/\/fpelahbljekknahkcaegamhcndkfpfnc\/iFrame.js\" type=\"text\/javascript\"><\/script><\/p>\n<p><script src=\"chrome-extension:\/\/fpelahbljekknahkcaegamhcndkfpfnc\/iFrame.js\" type=\"text\/javascript\"><\/script><\/p>\n<p><script src=\"chrome-extension:\/\/fpelahbljekknahkcaegamhcndkfpfnc\/iFrame.js\" type=\"text\/javascript\"><\/script><\/p>\n<p><script src=\"chrome-extension:\/\/fpelahbljekknahkcaegamhcndkfpfnc\/iFrame.js\" type=\"text\/javascript\"><\/script><\/p>\n<p><script src=\"chrome-extension:\/\/fpelahbljekknahkcaegamhcndkfpfnc\/iFrame.js\" type=\"text\/javascript\"><\/script><\/p>\n<p><script src=\"chrome-extension:\/\/fpelahbljekknahkcaegamhcndkfpfnc\/iFrame.js\" type=\"text\/javascript\"><\/script><\/p>\n<p><script src=\"chrome-extension:\/\/fpelahbljekknahkcaegamhcndkfpfnc\/iFrame.js\" type=\"text\/javascript\"><\/script><\/p>\n","protected":false},"featured_media":4757,"comment_status":"open","ping_status":"closed","template":"","meta":[],"product_brand":[88],"product_cat":[94,152,68],"product_tag":[],"class_list":{"0":"post-4113","1":"product","2":"type-product","3":"status-publish","4":"has-post-thumbnail","6":"product_brand-samsung","7":"product_cat-qled-tv","8":"product_cat-samsung-q8f5-2025","9":"product_cat-smart-tv","10":"pa_kich-co-man-hinh-55-inch","12":"first","13":"instock","14":"sale","15":"shipping-taxable","16":"purchasable","17":"product-type-simple"},"_links":{"self":[{"href":"https:\/\/tivi-samsung.com\/index.php?rest_route=\/wp\/v2\/product\/4113","targetHints":{"allow":["GET"]}}],"collection":[{"href":"https:\/\/tivi-samsung.com\/index.php?rest_route=\/wp\/v2\/product"}],"about":[{"href":"https:\/\/tivi-samsung.com\/index.php?rest_route=\/wp\/v2\/types\/product"}],"replies":[{"embeddable":true,"href":"https:\/\/tivi-samsung.com\/index.php?rest_route=%2Fwp%2Fv2%2Fcomments&post=4113"}],"version-history":[{"count":10,"href":"https:\/\/tivi-samsung.com\/index.php?rest_route=\/wp\/v2\/product\/4113\/revisions"}],"predecessor-version":[{"id":8486,"href":"https:\/\/tivi-samsung.com\/index.php?rest_route=\/wp\/v2\/product\/4113\/revisions\/8486"}],"wp:featuredmedia":[{"embeddable":true,"href":"https:\/\/tivi-samsung.com\/index.php?rest_route=\/wp\/v2\/media\/4757"}],"wp:attachment":[{"href":"https:\/\/tivi-samsung.com\/index.php?rest_route=%2Fwp%2Fv2%2Fmedia&parent=4113"}],"wp:term":[{"taxonomy":"product_brand","embeddable":true,"href":"https:\/\/tivi-samsung.com\/index.php?rest_route=%2Fwp%2Fv2%2Fproduct_brand&post=4113"},{"taxonomy":"product_cat","embeddable":true,"href":"https:\/\/tivi-samsung.com\/index.php?rest_route=%2Fwp%2Fv2%2Fproduct_cat&post=4113"},{"taxonomy":"product_tag","embeddable":true,"href":"https:\/\/tivi-samsung.com\/index.php?rest_route=%2Fwp%2Fv2%2Fproduct_tag&post=4113"}],"curies":[{"name":"wp","href":"https:\/\/api.w.org\/{rel}","templated":true}]}}