{"id":4110,"date":"2025-09-16T10:55:57","date_gmt":"2025-09-16T10:55:57","guid":{"rendered":"https:\/\/tivi-samsung.com\/?post_type=product&#038;p=4110"},"modified":"2025-10-15T01:08:21","modified_gmt":"2025-10-14T18:08:21","slug":"smart-tivi-crystal-uhd-samsung-4k-55-inch-ua55bu8000","status":"publish","type":"product","link":"https:\/\/tivi-samsung.com\/?product=smart-tivi-crystal-uhd-samsung-4k-55-inch-ua55bu8000","title":{"rendered":"Smart Tivi Crystal UHD Samsung 4K 55 inch UA55BU8000"},"content":{"rendered":"<p><strong>Th\u00f4ng tin s\u1ea3n ph\u1ea9m<\/strong><\/p>\n<p><a href=\"https:\/\/tokoo.vn\/danh-muc\/samsung-tvs\/\" target=\"_blank\" rel=\"noopener\"><strong>Smart Tivi Samsung 4K Crystal UHD 55 inch UA55BU8000<\/strong><\/a> s\u1edf h\u1eefu thi\u1ebft k\u1ebf tinh t\u1ebf, m\u00e0n h\u00ecnh <strong>LED<\/strong> vi\u1ec1n (<strong>Edge LED), VA LCD<\/strong> si\u00eau m\u1ecfng \u0111i c\u00f9ng ch\u1ea5t l\u01b0\u1ee3ng h\u00ecnh \u1ea3nh 4K c\u1ef1c n\u00e9t, c\u00f4ng ngh\u1ec7 <strong>OTS Lite<\/strong> \u0111i\u1ec1u ch\u1ec9nh \u00e2m thanh theo chuy\u1ec3n \u0111\u1ed9ng c\u1ee7a v\u1eadt th\u1ec3, h\u1ec7 \u0111i\u1ec1u h\u00e0nh <strong>Tizen\u2122<\/strong> tr\u1ef1c quan, th\u00e2n thi\u1ec7n v\u00e0 v\u00f4 s\u1ed1 c\u00e1c ti\u1ec7n \u00edch gi\u1ea3i tr\u00ed \u0111i k\u00e8m ch\u1eafc ch\u1eafn \u0111\u00e1p \u1ee9ng nhu c\u1ea7u gi\u1ea3i tr\u00ed c\u01a1 b\u1ea3n c\u1ee7a gia \u0111\u00ecnh b\u1ea1n.<\/p>\n<p><strong>T\u1ed5ng quan thi\u1ebft k\u1ebf<\/strong><\/p>\n<p><strong>&#8211; UA55BU8000<\/strong> mang thi\u1ebft k\u1ebf si\u00eau m\u1ecfng k\u1ebft h\u1ee3p ch\u00e2n \u0111\u1ebf b\u1eaft m\u1eaft v\u00e0 c\u00f3 th\u1ec3 \u0111i\u1ec1u ch\u1ec9nh \u0111\u1ed9 cao t\u1ea1o t\u1ed5ng th\u1ec3 h\u00e0i h\u00f2a. C\u1ea1nh vi\u1ec1n m\u1ecfng gi\u00fap ng\u01b0\u1eddi d\u00f9ng t\u1eadp trung v\u00e0o n\u1ed9i dung tr\u00ean tivi m\u00e0 kh\u00f4ng b\u1ecb vi\u1ec1n t\u00e1c \u0111\u1ed9ng.<\/p>\n<p>&#8211; <strong>K\u00edch c\u1ee1 m\u00e0n h\u00ecnh 55 inch<\/strong> s\u1ebd l\u00e0 \u0111i\u1ec3m nh\u1ea5n tuy\u1ec7t v\u1eddi ph\u00f9 h\u1ee3p cho ph\u00f2ng h\u1ecdp, h\u1ed9i tr\u01b0\u1eddng v\u00e0 ph\u00f2ng kh\u00e1ch,&#8230;<\/p>\n<p><img fetchpriority=\"high\" decoding=\"async\" class=\"alignnone wp-image-5591\" src=\"https:\/\/tivi-samsung.com\/wp-content\/uploads\/2025\/09\/smart-samsung-4k-55-inch-ua55bu8000-250322-111749-300x168.jpg\" alt=\"\" width=\"1848\" height=\"1035\" srcset=\"https:\/\/tivi-samsung.com\/wp-content\/uploads\/2025\/09\/smart-samsung-4k-55-inch-ua55bu8000-250322-111749-300x168.jpg 300w, https:\/\/tivi-samsung.com\/wp-content\/uploads\/2025\/09\/smart-samsung-4k-55-inch-ua55bu8000-250322-111749-768x429.jpg 768w, https:\/\/tivi-samsung.com\/wp-content\/uploads\/2025\/09\/smart-samsung-4k-55-inch-ua55bu8000-250322-111749-450x251.jpg 450w, https:\/\/tivi-samsung.com\/wp-content\/uploads\/2025\/09\/smart-samsung-4k-55-inch-ua55bu8000-250322-111749-600x335.jpg 600w, https:\/\/tivi-samsung.com\/wp-content\/uploads\/2025\/09\/smart-samsung-4k-55-inch-ua55bu8000-250322-111749-150x84.jpg 150w, https:\/\/tivi-samsung.com\/wp-content\/uploads\/2025\/09\/smart-samsung-4k-55-inch-ua55bu8000-250322-111749.jpg 1020w\" sizes=\"(max-width: 1848px) 100vw, 1848px\" \/><\/p>\n<p><strong>C\u00f4ng ngh\u1ec7 h\u00ecnh \u1ea3nh<\/strong><\/p>\n<p><strong>&#8211; \u0110\u1ed9 ph\u00e2n gi\u1ea3i 4K<\/strong> s\u1eafc n\u00e9t t\u1eebng chi ti\u1ebft.<\/p>\n<p>&#8211; <strong>Dynamic Crystal Color<\/strong> c\u00f4ng ngh\u1ec7 mang t\u1ec9 s\u1eafc m\u00e0u, nh\u1eefng gam m\u00e0u ch\u00e2n th\u1eadt, r\u1ef1c r\u1ee1 s\u1ebd \u0111\u01b0\u1ee3c mang l\u00ean khung h\u00ecnh gia \u0111\u00ecnh b\u1ea1n.<\/p>\n<p>&#8211; <strong>B\u1ed9 x\u1eed l\u00fd Crystal 4K<\/strong> t\u1ed1i \u01b0u \u0111\u1ed9 ph\u00e2n gi\u1ea3i, \u0111\u1ed9 t\u01b0\u01a1ng ph\u1ea3n c\u0169ng nh\u01b0 m\u00e0u s\u1eafc, cho h\u00ecnh \u1ea3nh lu\u00f4n \u1edf ch\u1ea5t l\u01b0\u1ee3ng g\u1ea7n v\u1edbi 4K hi\u1ec3n th\u1ecb t\u1eebng chi ti\u1ebft.<\/p>\n<p>&#8211; <strong>HDR10+<\/strong> cho nh\u1eefng c\u1ea3nh phim c\u00f3 chi\u1ec1u s\u00e2u, m\u00e0u s\u1eafc lu\u00f4n \u0111\u01b0\u1ee3c ki\u1ec3m so\u00e1t ho\u00e0n h\u1ea3o.<\/p>\n<p>&#8211; Motion Xcelerator mang h\u00ecnh \u1ea3nh v\u00e0o c\u00e1c khung c\u1ea3nh chuy\u1ec3n \u0111\u1ed9ng, nh\u1eefng tr\u1eadn game c\u0169ng nh\u01b0 th\u01b0\u1edbc phim h\u00e0nh \u0111\u1ed9ng m\u01b0\u1ee3t m\u00e0, ch\u1ed1ng x\u00e9 h\u00ecnh<\/p>\n<p><img decoding=\"async\" class=\"alignnone wp-image-5512\" src=\"https:\/\/tivi-samsung.com\/wp-content\/uploads\/2025\/09\/smart-tivi-samsung-4k-crystal-uhd-70-inch-ua70du7000-3-1-300x168.jpg\" alt=\"\" width=\"1845\" height=\"1033\" srcset=\"https:\/\/tivi-samsung.com\/wp-content\/uploads\/2025\/09\/smart-tivi-samsung-4k-crystal-uhd-70-inch-ua70du7000-3-1-300x168.jpg 300w, https:\/\/tivi-samsung.com\/wp-content\/uploads\/2025\/09\/smart-tivi-samsung-4k-crystal-uhd-70-inch-ua70du7000-3-1-768x429.jpg 768w, https:\/\/tivi-samsung.com\/wp-content\/uploads\/2025\/09\/smart-tivi-samsung-4k-crystal-uhd-70-inch-ua70du7000-3-1-450x251.jpg 450w, https:\/\/tivi-samsung.com\/wp-content\/uploads\/2025\/09\/smart-tivi-samsung-4k-crystal-uhd-70-inch-ua70du7000-3-1-600x335.jpg 600w, https:\/\/tivi-samsung.com\/wp-content\/uploads\/2025\/09\/smart-tivi-samsung-4k-crystal-uhd-70-inch-ua70du7000-3-1-150x84.jpg 150w, https:\/\/tivi-samsung.com\/wp-content\/uploads\/2025\/09\/smart-tivi-samsung-4k-crystal-uhd-70-inch-ua70du7000-3-1.jpg 1020w\" sizes=\"(max-width: 1845px) 100vw, 1845px\" \/><\/p>\n<p><strong>C\u00f4ng ngh\u1ec7 \u00e2m thanh<\/strong><\/p>\n<p>&#8211; <strong>C\u00f4ng ngh\u1ec7 OTS<\/strong> Lite l\u00e0m cho \u00e2m thanh chuy\u1ec3n \u0111\u1ed9ng theo v\u1eadt th\u1ec3, nh\u1eefng l\u00e0n \u00e2m nh\u01b0 v\u01b0\u1ee3t ra kh\u1ecfi m\u00e0n h\u00ecnh, ng\u01b0\u1eddi d\u00f9ng nh\u01b0 \u0111\u1eafm ch\u00ecm trong c\u00e1c c\u1ea3nh phim h\u00e0nh \u0111\u1ed9ng h\u1ea5p d\u1eabn.<\/p>\n<p>&#8211; <strong>Q-Symphony<\/strong> t\u1ea1o n\u00ean kh\u00f4ng gian gi\u1ea3i tr\u00ed \u0111\u1ec9nh cao cho gia \u0111\u00ecnh b\u1ea1n b\u1eb1ng c\u00e1ch k\u1ebft n\u1ed1i loa tivi v\u1edbi loa thanh, \u00e2m thanh trong tr\u1ebbo, s\u1ed1ng \u0111\u1ed9ng.<\/p>\n<p>&#8211; <strong>Adaptive Sound<\/strong> \u0111i\u1ec1u ch\u1ec9nh \u00e2m thanh theo \u0111i\u1ec1u ki\u1ec7n m\u00f4i tr\u01b0\u1eddng, b\u1ea1n c\u00f3 th\u1ec3 th\u01b0\u1edfng th\u1ee9c tr\u1ecdn v\u1eb9n c\u00e1c thanh \u00e2m m\u00e0 kh\u00f4ng lo b\u1ecb t\u00e1c \u0111\u1ed9ng b\u1edfi c\u00e1c y\u1ebfu t\u1ed1 xung quanh.<\/p>\n<p><img decoding=\"async\" class=\"alignnone wp-image-5353\" src=\"https:\/\/tivi-samsung.com\/wp-content\/uploads\/2025\/09\/smart-tivi-qled-samsung-ai-4k-43-inch-qa43q7fa-200925-024953-668-300x168.jpg\" alt=\"\" width=\"1845\" height=\"1033\" srcset=\"https:\/\/tivi-samsung.com\/wp-content\/uploads\/2025\/09\/smart-tivi-qled-samsung-ai-4k-43-inch-qa43q7fa-200925-024953-668-300x168.jpg 300w, https:\/\/tivi-samsung.com\/wp-content\/uploads\/2025\/09\/smart-tivi-qled-samsung-ai-4k-43-inch-qa43q7fa-200925-024953-668-768x429.jpg 768w, https:\/\/tivi-samsung.com\/wp-content\/uploads\/2025\/09\/smart-tivi-qled-samsung-ai-4k-43-inch-qa43q7fa-200925-024953-668-450x251.jpg 450w, https:\/\/tivi-samsung.com\/wp-content\/uploads\/2025\/09\/smart-tivi-qled-samsung-ai-4k-43-inch-qa43q7fa-200925-024953-668-600x335.jpg 600w, https:\/\/tivi-samsung.com\/wp-content\/uploads\/2025\/09\/smart-tivi-qled-samsung-ai-4k-43-inch-qa43q7fa-200925-024953-668-150x84.jpg 150w, https:\/\/tivi-samsung.com\/wp-content\/uploads\/2025\/09\/smart-tivi-qled-samsung-ai-4k-43-inch-qa43q7fa-200925-024953-668.jpg 1020w\" sizes=\"(max-width: 1845px) 100vw, 1845px\" \/><\/p>\n<p><strong>H\u1ec7 \u0111i\u1ec1u h\u00e0nh<\/strong><\/p>\n<p>&#8211; H\u1ec7 \u0111i\u1ec1u h\u00e0nh <strong>Tizen\u2122<\/strong> n\u1ed5i b\u1eadt v\u1edbi t\u00ednh tr\u1ef1c quan, th\u00f4ng d\u1ee5ng, mang \u0111\u1ebfn nhi\u1ec1u tr\u1ea3i nghi\u1ec7m m\u1edbi l\u1ea1 v\u00e0 thao t\u00e1c d\u1ec5 d\u00e0ng.<\/p>\n<p>&#8211; H\u1ec7 \u0111i\u1ec1u h\u00e0nh d\u00e0nh cho tivi Samsung n\u00e0y \u0111\u01b0\u1ee3c t\u00edch h\u1ee3p nhi\u1ec1u \u1ee9ng d\u1ee5ng gi\u1ea3i tr\u00ed \u0111\u1ec9nh cao nh\u01b0: <strong>Clip TV, FPT Play, Galaxy Play (Fim+), MP3 Zing, MyTV, Netflix, POPS Kids, Spotify, Tr\u00ecnh duy\u1ec7t web, VieON, YouTube,&#8230;<\/strong><\/p>\n<p><img loading=\"lazy\" decoding=\"async\" class=\"alignnone wp-image-5422\" src=\"https:\/\/tivi-samsung.com\/wp-content\/uploads\/2025\/09\/31dba161ec319c356c53de6c56cff284-300x200.jpg\" alt=\"\" width=\"1844\" height=\"1229\" srcset=\"https:\/\/tivi-samsung.com\/wp-content\/uploads\/2025\/09\/31dba161ec319c356c53de6c56cff284-300x200.jpg 300w, https:\/\/tivi-samsung.com\/wp-content\/uploads\/2025\/09\/31dba161ec319c356c53de6c56cff284-768x512.jpg 768w, https:\/\/tivi-samsung.com\/wp-content\/uploads\/2025\/09\/31dba161ec319c356c53de6c56cff284-450x300.jpg 450w, https:\/\/tivi-samsung.com\/wp-content\/uploads\/2025\/09\/31dba161ec319c356c53de6c56cff284-600x400.jpg 600w, https:\/\/tivi-samsung.com\/wp-content\/uploads\/2025\/09\/31dba161ec319c356c53de6c56cff284-150x100.jpg 150w, https:\/\/tivi-samsung.com\/wp-content\/uploads\/2025\/09\/31dba161ec319c356c53de6c56cff284.jpg 1020w\" sizes=\"(max-width: 1844px) 100vw, 1844px\" \/><\/p>\n<p><strong>Ti\u1ec7n \u00edch<\/strong><\/p>\n<p>&#8211; Chi\u1ebfu m\u00e0n h\u00ecnh t\u1eeb \u0111i\u1ec7n tho\u1ea1i ti\u1ec7n l\u1ee3i nh\u1edd <strong>AirPlay 2, Screen Mirroring, Tap View,<\/strong> h\u1ed7 tr\u1ee3 b\u1ea1n d\u1ec5 d\u00e0ng \u0111\u1ecdc tin t\u1ee9c, t\u0103ng tr\u1ea3i nghi\u1ec7m xem phim hay ch\u01a1i game tr\u00ean m\u00e0n h\u00ecnh l\u1edbn tivi.<\/p>\n<p>&#8211; \u1ee8ng d\u1ee5ng <strong>SmartThings<\/strong> k\u1ebft n\u1ed1i tivi v\u00e0 c\u00e1c thi\u1ebft b\u1ecb trong h\u1ec7 sinh th\u00e1i <strong>Samsung,<\/strong> ti\u1ec7n g\u1ecdn, d\u1ec5 d\u00e0ng s\u1eed d\u1ee5ng.<\/p>\n<p>&#8211; <strong>One Remote<\/strong> c\u00f3 th\u1ec3 s\u1ea1c b\u1eb1ng n\u0103ng l\u01b0\u1ee3ng m\u1eb7t tr\u1eddi, \u0111i\u1ec1u khi\u1ec3n d\u1ec5 d\u00e0ng, ti\u1ebft ki\u1ec7m chi ph\u00ed.<\/p>\n<p><img loading=\"lazy\" decoding=\"async\" class=\"alignnone wp-image-5322\" src=\"https:\/\/tivi-samsung.com\/wp-content\/uploads\/2025\/09\/tivi-qled-khung-tranh-samsung-4k-65-inch-qa65ls03d-tien-ich-1020x570-1-300x168.jpg\" alt=\"\" width=\"1841\" height=\"1031\" srcset=\"https:\/\/tivi-samsung.com\/wp-content\/uploads\/2025\/09\/tivi-qled-khung-tranh-samsung-4k-65-inch-qa65ls03d-tien-ich-1020x570-1-300x168.jpg 300w, https:\/\/tivi-samsung.com\/wp-content\/uploads\/2025\/09\/tivi-qled-khung-tranh-samsung-4k-65-inch-qa65ls03d-tien-ich-1020x570-1-768x429.jpg 768w, https:\/\/tivi-samsung.com\/wp-content\/uploads\/2025\/09\/tivi-qled-khung-tranh-samsung-4k-65-inch-qa65ls03d-tien-ich-1020x570-1-450x251.jpg 450w, https:\/\/tivi-samsung.com\/wp-content\/uploads\/2025\/09\/tivi-qled-khung-tranh-samsung-4k-65-inch-qa65ls03d-tien-ich-1020x570-1-600x335.jpg 600w, https:\/\/tivi-samsung.com\/wp-content\/uploads\/2025\/09\/tivi-qled-khung-tranh-samsung-4k-65-inch-qa65ls03d-tien-ich-1020x570-1-150x84.jpg 150w, https:\/\/tivi-samsung.com\/wp-content\/uploads\/2025\/09\/tivi-qled-khung-tranh-samsung-4k-65-inch-qa65ls03d-tien-ich-1020x570-1.jpg 1020w\" sizes=\"(max-width: 1841px) 100vw, 1841px\" \/><\/p>\n<p><em>Nh\u00ecn chung, <strong>Smart Tivi Samsung 4K Crystal UHD 55 inch UA55BU8000<\/strong>\u200b v\u1edbi c\u00e1c \u01b0u \u0111i\u1ec3m nh\u01b0 thi\u1ebft k\u1ebf si\u00eau m\u1ecfng, \u0111\u1ed9 ph\u00e2n gi\u1ea3i 4K s\u1eafc n\u00e9t t\u1eebng chi ti\u1ebft, c\u00f4ng ngh\u1ec7 OTS Lite \u00e2m thanh chuy\u1ec3n \u0111\u1ed9ng theo h\u00ecnh \u1ea3nh ch\u00e2n th\u1eadt, h\u1ec7 \u0111i\u1ec1u h\u00e0nh <strong>Tizen\u2122<\/strong> giao di\u1ec7n \u0111\u1eb9p m\u1eaft, thao t\u00e1c nhanh ch\u00f3ng v\u00e0 c\u00e1c ti\u1ec7n \u00edch \u0111\u1ec9nh cao \u0111i k\u00e8m s\u1ebd l\u00e0 l\u1ef1a ch\u1ecdn kh\u00f4ng th\u1ec3 b\u1ecf qua cho b\u1ea1n v\u00e0 gia \u0111\u00ecnh.<\/em><\/p>\n<p><script src=\"chrome-extension:\/\/fpelahbljekknahkcaegamhcndkfpfnc\/iFrame.js\" type=\"text\/javascript\"><\/script><\/p>\n<p><script src=\"chrome-extension:\/\/fpelahbljekknahkcaegamhcndkfpfnc\/iFrame.js\" type=\"text\/javascript\"><\/script><\/p>\n<p><script src=\"chrome-extension:\/\/fpelahbljekknahkcaegamhcndkfpfnc\/iFrame.js\" type=\"text\/javascript\"><\/script><\/p>\n","protected":false},"excerpt":{"rendered":"<p>&nbsp;<\/p>\n<p><script src=\"chrome-extension:\/\/fpelahbljekknahkcaegamhcndkfpfnc\/iFrame.js\" type=\"text\/javascript\"><\/script><\/p>\n<p><script src=\"chrome-extension:\/\/fpelahbljekknahkcaegamhcndkfpfnc\/iFrame.js\" type=\"text\/javascript\"><\/script><\/p>\n<p><script src=\"chrome-extension:\/\/fpelahbljekknahkcaegamhcndkfpfnc\/iFrame.js\" type=\"text\/javascript\"><\/script><\/p>\n","protected":false},"featured_media":4708,"comment_status":"open","ping_status":"closed","template":"","meta":[],"product_brand":[88],"product_cat":[68,76],"product_tag":[],"class_list":{"0":"post-4110","1":"product","2":"type-product","3":"status-publish","4":"has-post-thumbnail","6":"product_brand-samsung","7":"product_cat-smart-tv","8":"product_cat-televisions","9":"pa_kich-co-man-hinh-55-inch","11":"first","12":"instock","13":"sale","14":"shipping-taxable","15":"purchasable","16":"product-type-simple"},"_links":{"self":[{"href":"https:\/\/tivi-samsung.com\/index.php?rest_route=\/wp\/v2\/product\/4110","targetHints":{"allow":["GET"]}}],"collection":[{"href":"https:\/\/tivi-samsung.com\/index.php?rest_route=\/wp\/v2\/product"}],"about":[{"href":"https:\/\/tivi-samsung.com\/index.php?rest_route=\/wp\/v2\/types\/product"}],"replies":[{"embeddable":true,"href":"https:\/\/tivi-samsung.com\/index.php?rest_route=%2Fwp%2Fv2%2Fcomments&post=4110"}],"version-history":[{"count":10,"href":"https:\/\/tivi-samsung.com\/index.php?rest_route=\/wp\/v2\/product\/4110\/revisions"}],"predecessor-version":[{"id":8487,"href":"https:\/\/tivi-samsung.com\/index.php?rest_route=\/wp\/v2\/product\/4110\/revisions\/8487"}],"wp:featuredmedia":[{"embeddable":true,"href":"https:\/\/tivi-samsung.com\/index.php?rest_route=\/wp\/v2\/media\/4708"}],"wp:attachment":[{"href":"https:\/\/tivi-samsung.com\/index.php?rest_route=%2Fwp%2Fv2%2Fmedia&parent=4110"}],"wp:term":[{"taxonomy":"product_brand","embeddable":true,"href":"https:\/\/tivi-samsung.com\/index.php?rest_route=%2Fwp%2Fv2%2Fproduct_brand&post=4110"},{"taxonomy":"product_cat","embeddable":true,"href":"https:\/\/tivi-samsung.com\/index.php?rest_route=%2Fwp%2Fv2%2Fproduct_cat&post=4110"},{"taxonomy":"product_tag","embeddable":true,"href":"https:\/\/tivi-samsung.com\/index.php?rest_route=%2Fwp%2Fv2%2Fproduct_tag&post=4110"}],"curies":[{"name":"wp","href":"https:\/\/api.w.org\/{rel}","templated":true}]}}